{"id":6948,"date":"2021-09-14T13:39:06","date_gmt":"2021-09-14T18:39:06","guid":{"rendered":"https:\/\/freshhope.us\/?post_type=product&#038;p=6948"},"modified":"2026-03-31T23:25:31","modified_gmt":"2026-04-01T04:25:31","slug":"capacitacion-para-el-hope-coach","status":"publish","type":"product","link":"https:\/\/freshhope.us\/es\/producto\/capacitacion-para-el-hope-coach\/","title":{"rendered":"Capacitaci\u00f3n para Hope Coach"},"content":{"rendered":"<p><!--\n\n<img fetchpriority=\"high\" decoding=\"async\" src=\"https:\/\/freshhope.us\/wp-content\/uploads\/2021\/07\/Brad-training-300x276.png\" sizes=\"(max-width: 300px) 100vw, 300px\" srcset=\"https:\/\/freshhope.us\/wp-content\/uploads\/2021\/07\/Brad-training-300x276.png 300w, https:\/\/freshhope.us\/wp-content\/uploads\/2021\/07\/Brad-training-13x12.png 13w, https:\/\/freshhope.us\/wp-content\/uploads\/2021\/07\/Brad-training-500x461.png 500w, https:\/\/freshhope.us\/wp-content\/uploads\/2021\/07\/Brad-training.png 534w\" alt=\"\" width=\"300\" height=\"276\" \/>\n\n<strong>\u00a1Gracias por tu inter\u00e9s en capacitarte como Hope Coach!<\/strong>\n\nComo Entrenador de Esperanza tendr\u00e1s la excepcional y bendecida oportunidad de ayudar a otros a encontrar esperanza en medio de circunstancias dif\u00edciles. Les ayudar\u00e1s a pasar de la desesperanza a la esperanza; \u00a1a ver un camino hacia adelante! Mi oraci\u00f3n para ti es que encuentres gran alegr\u00eda y plenitud en este ministerio tan vital.\n\n\u00a1Que Dios te bendiga!\n\n<strong>\u2014 Pastor Brad Hoefs, Fundador de Fresh Hope para la Salud Mental.<\/strong>\n\n\n<h2>\u00a1Adquiere hoy la Capacitaci\u00f3n para Hope Coach para tener acceso al curso!<\/h2>\n\n\n<a role=\"button\" href=\"?add-to-cart=6948\" rel=\"nofollow\" data-quantity=\"1\" data-product_id=\"6948\">\nA\u00f1adir al carrito\n<\/a>\n\n\n<h2>El papel de un Hope Coach (Entrenador de Esperanza)<\/h2>\n\n\nUn Hope Coach acude al lado de alguien que est\u00e1 atravesando una crisis o una situaci\u00f3n dolorosa y experimenta la desesperanza o la sensaci\u00f3n de que no hay forma de avanzar. Un Hope Coach escucha compasivamente su dolor. No da consejos ni resuelve problemas, sino que les ayuda a procesar sus sentimientos y emociones sinceras, despejando el camino para tener esperanza y puedan empezar a ver un camino por delante.\n\n<img decoding=\"async\" src=\"https:\/\/freshhope.us\/wp-content\/uploads\/2021\/07\/the-roll-of-a-hope-coach.png\" sizes=\"(max-width: 640px) 100vw, 640px\" srcset=\"https:\/\/freshhope.us\/wp-content\/uploads\/2021\/07\/the-roll-of-a-hope-coach.png 848w, https:\/\/freshhope.us\/wp-content\/uploads\/2021\/07\/the-roll-of-a-hope-coach-300x193.png 300w, https:\/\/freshhope.us\/wp-content\/uploads\/2021\/07\/the-roll-of-a-hope-coach-768x494.png 768w, https:\/\/freshhope.us\/wp-content\/uploads\/2021\/07\/the-roll-of-a-hope-coach-16x10.png 16w, https:\/\/freshhope.us\/wp-content\/uploads\/2021\/07\/the-roll-of-a-hope-coach-500x322.png 500w, https:\/\/freshhope.us\/wp-content\/uploads\/2021\/07\/the-roll-of-a-hope-coach-624x402.png 624w, https:\/\/freshhope.us\/wp-content\/uploads\/2021\/07\/the-roll-of-a-hope-coach-600x386.png 600w\" alt=\"\" width=\"640\" height=\"412\" \/>\n<img decoding=\"async\" src=\"https:\/\/freshhope.us\/wp-content\/uploads\/2021\/07\/certified-to.png\" sizes=\"(max-width: 640px) 100vw, 640px\" srcset=\"https:\/\/freshhope.us\/wp-content\/uploads\/2021\/07\/certified-to.png 900w, https:\/\/freshhope.us\/wp-content\/uploads\/2021\/07\/certified-to-300x194.png 300w, https:\/\/freshhope.us\/wp-content\/uploads\/2021\/07\/certified-to-768x497.png 768w, https:\/\/freshhope.us\/wp-content\/uploads\/2021\/07\/certified-to-16x10.png 16w, https:\/\/freshhope.us\/wp-content\/uploads\/2021\/07\/certified-to-500x323.png 500w, https:\/\/freshhope.us\/wp-content\/uploads\/2021\/07\/certified-to-624x404.png 624w, https:\/\/freshhope.us\/wp-content\/uploads\/2021\/07\/certified-to-600x388.png 600w\" alt=\"\" width=\"640\" height=\"414\" \/>\n\n\n<h2>Un Hope Coach est\u00e1 capacitado y certificado para:<\/h2>\n\n\n<strong>1. Ser un oyente excepcional<\/strong>\nMientras ministran a las personas que est\u00e1n sufriendo y se sienten sin esperanza, y hacen preguntas clave y responden con compasi\u00f3n\n\n<strong>2. Ayudar a otros a procesar el dolor de lo que est\u00e1n atravesando<\/strong>\nAyuda a las personas a procesar las emociones sinceras de las situaciones dolorosas.\n\n<strong>3. Transmitir una esperanza basada en la fe\u00a0<\/strong>a la situaci\u00f3n\nAporta esperanza basada en la fe a los sentimientos de desesperanza de los dem\u00e1s.\n\n\n<h2>\u00a1Agrega la Capacitaci\u00f3n para Hope Coach a tu carrito y finaliza la compra para tener acceso al curso!<\/h2>\n\n\n<a role=\"button\" href=\"?add-to-cart=6948\" rel=\"nofollow\" data-quantity=\"1\" data-product_id=\"6948\">\nA\u00f1adir al carrito\n<\/a>\n<span data-mce-type=\"bookmark\" style=\"display: inline-block; width: 0px; overflow: hidden; line-height: 0;\" class=\"mce_SELRES_start\"><\/span>\n--><\/p>","protected":false},"excerpt":{"rendered":"<p>\u00bfQu\u00e9 incluye esta compra?<\/p>\n<ul>\n<li>Acceso al curso &#8220;Capacitaci\u00f3n para Hope Coach&#8221; en nuestra plataforma en l\u00ednea.<\/li>\n<li>Libro de entrenamiento en formato <strong>digital<\/strong>.<\/li>\n<\/ul>\n<p><img loading=\"lazy\" decoding=\"async\" class=\"wp-image-13265 aligncenter\" src=\"https:\/\/freshhope.us\/wp-content\/uploads\/2021\/09\/Capacitacion-para-Hope-Coach-1-300x300.png\" alt=\"\" width=\"339\" height=\"339\" srcset=\"https:\/\/freshhope.us\/wp-content\/uploads\/2021\/09\/Capacitacion-para-Hope-Coach-1-300x300.png 300w, https:\/\/freshhope.us\/wp-content\/uploads\/2021\/09\/Capacitacion-para-Hope-Coach-1-1024x1024.png 1024w, https:\/\/freshhope.us\/wp-content\/uploads\/2021\/09\/Capacitacion-para-Hope-Coach-1-150x150.png 150w, https:\/\/freshhope.us\/wp-content\/uploads\/2021\/09\/Capacitacion-para-Hope-Coach-1-768x768.png 768w, https:\/\/freshhope.us\/wp-content\/uploads\/2021\/09\/Capacitacion-para-Hope-Coach-1-12x12.png 12w, https:\/\/freshhope.us\/wp-content\/uploads\/2021\/09\/Capacitacion-para-Hope-Coach-1-60x60.png 60w, https:\/\/freshhope.us\/wp-content\/uploads\/2021\/09\/Capacitacion-para-Hope-Coach-1-500x500.png 500w, https:\/\/freshhope.us\/wp-content\/uploads\/2021\/09\/Capacitacion-para-Hope-Coach-1-1000x1000.png 1000w, https:\/\/freshhope.us\/wp-content\/uploads\/2021\/09\/Capacitacion-para-Hope-Coach-1-624x624.png 624w, https:\/\/freshhope.us\/wp-content\/uploads\/2021\/09\/Capacitacion-para-Hope-Coach-1-600x600.png 600w, https:\/\/freshhope.us\/wp-content\/uploads\/2021\/09\/Capacitacion-para-Hope-Coach-1-100x100.png 100w, https:\/\/freshhope.us\/wp-content\/uploads\/2021\/09\/Capacitacion-para-Hope-Coach-1.png 1080w\" sizes=\"(max-width: 339px) 100vw, 339px\" \/><\/p>\n<p>&nbsp;<\/p>\n<p style=\"text-align: center;\"><strong>\u00a1Gracias por tu inter\u00e9s en capacitarte como Hope Coach!<\/strong><\/p>\n<p style=\"text-align: center;\">Como Entrenador de Esperanza tendr\u00e1s la excepcional y bendecida oportunidad de ayudar a otros a encontrar esperanza en medio de circunstancias dif\u00edciles. Les ayudar\u00e1s a pasar de la desesperanza a la esperanza; \u00a1a ver un camino hacia adelante! Mi oraci\u00f3n para ti es que encuentres gran alegr\u00eda y plenitud en este ministerio tan vital.<\/p>\n<p style=\"text-align: center;\">\u00a1Que Dios te bendiga!<\/p>\n<p style=\"text-align: center;\"><strong>\u2014 Pastor Brad Hoefs, Fundador de Fresh Hope para la Salud Mental.<\/strong><\/p>\n<p>&nbsp;<\/p>\n<h3><strong>El Papel de un Coach de Esperanza<\/strong><\/h3>\n<p>Un Hope Coach viene al lado de alguien que est\u00e1 experimentando una crisis o una situaci\u00f3n dolorosa y est\u00e1 experimentando desesperanza o la sensaci\u00f3n de que no hay camino hacia adelante. Un Hope Coach escucha compasivamente su dolor. No da consejos ni resuelve problemas, sino que les ayuda a procesar sus sentimientos y emociones genuinas, despejando el camino de la esperanza para que puedan empezar a ver el camino a seguir.<\/p>\n<p>&nbsp;<\/p>\n<h3><strong>Un Hope Coach est\u00e1 capacitado y certificado para:<\/strong><\/h3>\n<p><strong>1. Ser un oyente excepcional<\/strong><br \/>\nMientras ministran a las personas que est\u00e1n sufriendo y se sienten sin esperanza, y hacen preguntas clave y responden con compasi\u00f3n<\/p>\n<p><strong>2. Ayudar a otros a procesar el dolor de lo que est\u00e1n atravesando<\/strong><br \/>\nAyuda a las personas a procesar las emociones sinceras de las situaciones dolorosas.<\/p>\n<p><strong>3. Transmite a la situaci\u00f3n una esperanza basada en la fe<\/strong><br \/>\nAporta esperanza basada en la fe a los sentimientos de desesperanza de los dem\u00e1s.<\/p>","protected":false},"featured_media":13265,"comment_status":"open","ping_status":"closed","template":"","meta":{"_acf_changed":false,"_mi_skip_tracking":false,"jetpack_post_was_ever_published":false,"jetpack_publicize_message":"","jetpack_publicize_feature_enabled":true,"jetpack_social_post_already_shared":false,"jetpack_social_options":{"image_generator_settings":{"template":"highway","default_image_id":0,"font":"","enabled":false},"version":2}},"product_brand":[],"product_cat":[926],"product_tag":[507,270,506,283,904,905,281],"class_list":{"0":"post-6948","1":"product","2":"type-product","3":"status-publish","4":"has-post-thumbnail","6":"product_cat-resources-in-spanish","7":"product_tag-espanol","8":"product_tag-fresh-hope","9":"product_tag-hope-coach","10":"product_tag-online-training","11":"product_tag-resources-for-facilitators","12":"product_tag-resources-for-groups","13":"product_tag-trainings","15":"first","16":"instock","17":"downloadable","18":"virtual","19":"purchasable","20":"product-type-simple"},"acf":[],"yoast_head":"<!-- This site is optimized with the Yoast SEO Premium plugin v18.1 (Yoast SEO v27.3) - https:\/\/yoast.com\/product\/yoast-seo-premium-wordpress\/ -->\n<title>Capacitaci\u00f3n para Hope Coach - Fresh Hope for Mental Health<\/title>\n<meta name=\"description\" content=\"Curso de Capacitaci\u00f3n para Hope Coaches (Entrenadores de Esperanza) \u2014 Al certificarte como Hope Coach, tendr\u00e1s la excepcional y bendecida oportunidad de ayudar a otros a encontrar esperanza en medio de circunstancias dif\u00edciles. Les ayudar\u00e1s a pasar de la desesperanza a la esperanza; \u00a1a ver un camino hacia adelante! Nuestra oraci\u00f3n para ti es que encuentres gran alegr\u00eda y plenitud en este ministerio tan vital.\" \/>\n<meta name=\"robots\" content=\"index, follow, max-snippet:-1, max-image-preview:large, max-video-preview:-1\" \/>\n<link rel=\"canonical\" href=\"https:\/\/freshhope.us\/es\/producto\/capacitacion-para-el-hope-coach\/\" \/>\n<meta property=\"og:locale\" content=\"es_MX\" \/>\n<meta property=\"og:type\" content=\"article\" \/>\n<meta property=\"og:title\" content=\"Capacitaci\u00f3n para Hope Coach\" \/>\n<meta property=\"og:description\" content=\"\u00a1Gracias por tu inter\u00e9s en capacitarte como Hope Coach! Como Entrenador de Esperanza tendr\u00e1s la excepcional y bendecida oportunidad de ayudar a otros a encontrar esperanza en medio de circunstancias dif\u00edciles. Les ayudar\u00e1s a pasar de la desesperanza a la esperanza; \u00a1a ver un camino hacia adelante! Mi oraci\u00f3n para ti es que encuentres gran alegr\u00eda y plenitud en este ministerio tan vital. \u00a1Que Dios te bendiga! \u2014 Pastor Brad Hoefs, Fundador de Fresh Hope para la Salud Mental.\" \/>\n<meta property=\"og:url\" content=\"https:\/\/freshhope.us\/es\/producto\/capacitacion-para-el-hope-coach\/\" \/>\n<meta property=\"og:site_name\" content=\"Fresh Hope for Mental Health\" \/>\n<meta property=\"article:modified_time\" content=\"2026-04-01T04:25:31+00:00\" \/>\n<meta name=\"twitter:label1\" content=\"Tiempo de lectura\" \/>\n\t<meta name=\"twitter:data1\" content=\"1 minuto\" \/>\n<script type=\"application\/ld+json\" class=\"yoast-schema-graph\">{\"@context\":\"https:\\\/\\\/schema.org\",\"@graph\":[{\"@type\":\"WebPage\",\"@id\":\"https:\\\/\\\/freshhope.us\\\/product\\\/capacitacion-para-el-hope-coach\\\/\",\"url\":\"https:\\\/\\\/freshhope.us\\\/product\\\/capacitacion-para-el-hope-coach\\\/\",\"name\":\"Capacitaci\u00f3n para Hope Coach - Fresh Hope for Mental Health\",\"isPartOf\":{\"@id\":\"https:\\\/\\\/freshhope.us\\\/#website\"},\"primaryImageOfPage\":{\"@id\":\"https:\\\/\\\/freshhope.us\\\/product\\\/capacitacion-para-el-hope-coach\\\/#primaryimage\"},\"image\":{\"@id\":\"https:\\\/\\\/freshhope.us\\\/product\\\/capacitacion-para-el-hope-coach\\\/#primaryimage\"},\"thumbnailUrl\":\"https:\\\/\\\/freshhope.us\\\/wp-content\\\/uploads\\\/2021\\\/09\\\/Capacitacion-para-Hope-Coach-1.png\",\"datePublished\":\"2021-09-14T18:39:06+00:00\",\"dateModified\":\"2026-04-01T04:25:31+00:00\",\"description\":\"Curso de Capacitaci\u00f3n para Hope Coaches (Entrenadores de Esperanza) \u2014 Al certificarte como Hope Coach, tendr\u00e1s la excepcional y bendecida oportunidad de ayudar a otros a encontrar esperanza en medio de circunstancias dif\u00edciles. Les ayudar\u00e1s a pasar de la desesperanza a la esperanza; \u00a1a ver un camino hacia adelante! Nuestra oraci\u00f3n para ti es que encuentres gran alegr\u00eda y plenitud en este ministerio tan vital.\",\"breadcrumb\":{\"@id\":\"https:\\\/\\\/freshhope.us\\\/product\\\/capacitacion-para-el-hope-coach\\\/#breadcrumb\"},\"inLanguage\":\"es\",\"potentialAction\":[{\"@type\":\"ReadAction\",\"target\":[\"https:\\\/\\\/freshhope.us\\\/product\\\/capacitacion-para-el-hope-coach\\\/\"]}]},{\"@type\":\"ImageObject\",\"inLanguage\":\"es\",\"@id\":\"https:\\\/\\\/freshhope.us\\\/product\\\/capacitacion-para-el-hope-coach\\\/#primaryimage\",\"url\":\"https:\\\/\\\/freshhope.us\\\/wp-content\\\/uploads\\\/2021\\\/09\\\/Capacitacion-para-Hope-Coach-1.png\",\"contentUrl\":\"https:\\\/\\\/freshhope.us\\\/wp-content\\\/uploads\\\/2021\\\/09\\\/Capacitacion-para-Hope-Coach-1.png\",\"width\":1080,\"height\":1080},{\"@type\":\"BreadcrumbList\",\"@id\":\"https:\\\/\\\/freshhope.us\\\/product\\\/capacitacion-para-el-hope-coach\\\/#breadcrumb\",\"itemListElement\":[{\"@type\":\"ListItem\",\"position\":1,\"name\":\"Shop\",\"item\":\"https:\\\/\\\/freshhope.us\\\/shop\\\/\"},{\"@type\":\"ListItem\",\"position\":2,\"name\":\"Capacitaci\u00f3n para Hope Coach\"}]},{\"@type\":\"WebSite\",\"@id\":\"https:\\\/\\\/freshhope.us\\\/#website\",\"url\":\"https:\\\/\\\/freshhope.us\\\/\",\"name\":\"Fresh Hope for Mental Health\",\"description\":\"Empowering Those with a Mental Health Challenge Along with Their Loved Ones to Live Full, Rich and Hope-filled Lives\",\"publisher\":{\"@id\":\"https:\\\/\\\/freshhope.us\\\/#organization\"},\"potentialAction\":[{\"@type\":\"SearchAction\",\"target\":{\"@type\":\"EntryPoint\",\"urlTemplate\":\"https:\\\/\\\/freshhope.us\\\/?s={search_term_string}\"},\"query-input\":{\"@type\":\"PropertyValueSpecification\",\"valueRequired\":true,\"valueName\":\"search_term_string\"}}],\"inLanguage\":\"es\"},{\"@type\":\"Organization\",\"@id\":\"https:\\\/\\\/freshhope.us\\\/#organization\",\"name\":\"Fresh Hope for Mental Health\",\"url\":\"https:\\\/\\\/freshhope.us\\\/\",\"logo\":{\"@type\":\"ImageObject\",\"inLanguage\":\"es\",\"@id\":\"https:\\\/\\\/freshhope.us\\\/#\\\/schema\\\/logo\\\/image\\\/\",\"url\":\"https:\\\/\\\/freshhope.us\\\/wp-content\\\/uploads\\\/2020\\\/02\\\/Fresh-Hope-for-Mental-Health-Logo.png\",\"contentUrl\":\"https:\\\/\\\/freshhope.us\\\/wp-content\\\/uploads\\\/2020\\\/02\\\/Fresh-Hope-for-Mental-Health-Logo.png\",\"width\":1013,\"height\":531,\"caption\":\"Fresh Hope for Mental Health\"},\"image\":{\"@id\":\"https:\\\/\\\/freshhope.us\\\/#\\\/schema\\\/logo\\\/image\\\/\"}}]}<\/script>\n<!-- \/ Yoast SEO Premium plugin. -->","yoast_head_json":{"title":"Capacitaci\u00f3n para Hope Coach - Fresh Hope for Mental Health","description":"Curso de Capacitaci\u00f3n para Hope Coaches (Entrenadores de Esperanza) \u2014 Al certificarte como Hope Coach, tendr\u00e1s la excepcional y bendecida oportunidad de ayudar a otros a encontrar esperanza en medio de circunstancias dif\u00edciles. Les ayudar\u00e1s a pasar de la desesperanza a la esperanza; \u00a1a ver un camino hacia adelante! Nuestra oraci\u00f3n para ti es que encuentres gran alegr\u00eda y plenitud en este ministerio tan vital.","robots":{"index":"index","follow":"follow","max-snippet":"max-snippet:-1","max-image-preview":"max-image-preview:large","max-video-preview":"max-video-preview:-1"},"canonical":"https:\/\/freshhope.us\/es\/producto\/capacitacion-para-el-hope-coach\/","og_locale":"es_MX","og_type":"article","og_title":"Capacitaci\u00f3n para Hope Coach","og_description":"\u00a1Gracias por tu inter\u00e9s en capacitarte como Hope Coach! Como Entrenador de Esperanza tendr\u00e1s la excepcional y bendecida oportunidad de ayudar a otros a encontrar esperanza en medio de circunstancias dif\u00edciles. Les ayudar\u00e1s a pasar de la desesperanza a la esperanza; \u00a1a ver un camino hacia adelante! Mi oraci\u00f3n para ti es que encuentres gran alegr\u00eda y plenitud en este ministerio tan vital. \u00a1Que Dios te bendiga! \u2014 Pastor Brad Hoefs, Fundador de Fresh Hope para la Salud Mental.","og_url":"https:\/\/freshhope.us\/es\/producto\/capacitacion-para-el-hope-coach\/","og_site_name":"Fresh Hope for Mental Health","article_modified_time":"2026-04-01T04:25:31+00:00","twitter_misc":{"Tiempo de lectura":"1 minuto"},"schema":{"@context":"https:\/\/schema.org","@graph":[{"@type":"WebPage","@id":"https:\/\/freshhope.us\/product\/capacitacion-para-el-hope-coach\/","url":"https:\/\/freshhope.us\/product\/capacitacion-para-el-hope-coach\/","name":"Capacitaci\u00f3n para Hope Coach - Fresh Hope for Mental Health","isPartOf":{"@id":"https:\/\/freshhope.us\/#website"},"primaryImageOfPage":{"@id":"https:\/\/freshhope.us\/product\/capacitacion-para-el-hope-coach\/#primaryimage"},"image":{"@id":"https:\/\/freshhope.us\/product\/capacitacion-para-el-hope-coach\/#primaryimage"},"thumbnailUrl":"https:\/\/freshhope.us\/wp-content\/uploads\/2021\/09\/Capacitacion-para-Hope-Coach-1.png","datePublished":"2021-09-14T18:39:06+00:00","dateModified":"2026-04-01T04:25:31+00:00","description":"Curso de Capacitaci\u00f3n para Hope Coaches (Entrenadores de Esperanza) \u2014 Al certificarte como Hope Coach, tendr\u00e1s la excepcional y bendecida oportunidad de ayudar a otros a encontrar esperanza en medio de circunstancias dif\u00edciles. Les ayudar\u00e1s a pasar de la desesperanza a la esperanza; \u00a1a ver un camino hacia adelante! Nuestra oraci\u00f3n para ti es que encuentres gran alegr\u00eda y plenitud en este ministerio tan vital.","breadcrumb":{"@id":"https:\/\/freshhope.us\/product\/capacitacion-para-el-hope-coach\/#breadcrumb"},"inLanguage":"es","potentialAction":[{"@type":"ReadAction","target":["https:\/\/freshhope.us\/product\/capacitacion-para-el-hope-coach\/"]}]},{"@type":"ImageObject","inLanguage":"es","@id":"https:\/\/freshhope.us\/product\/capacitacion-para-el-hope-coach\/#primaryimage","url":"https:\/\/freshhope.us\/wp-content\/uploads\/2021\/09\/Capacitacion-para-Hope-Coach-1.png","contentUrl":"https:\/\/freshhope.us\/wp-content\/uploads\/2021\/09\/Capacitacion-para-Hope-Coach-1.png","width":1080,"height":1080},{"@type":"BreadcrumbList","@id":"https:\/\/freshhope.us\/product\/capacitacion-para-el-hope-coach\/#breadcrumb","itemListElement":[{"@type":"ListItem","position":1,"name":"Shop","item":"https:\/\/freshhope.us\/shop\/"},{"@type":"ListItem","position":2,"name":"Capacitaci\u00f3n para Hope Coach"}]},{"@type":"WebSite","@id":"https:\/\/freshhope.us\/#website","url":"https:\/\/freshhope.us\/","name":"Fresh Hope para la Salud Mental","description":"Ayudar a las personas con problemas de salud mental y a sus seres queridos a vivir vidas plenas, enriquecedoras y llenas de esperanza.","publisher":{"@id":"https:\/\/freshhope.us\/#organization"},"potentialAction":[{"@type":"SearchAction","target":{"@type":"EntryPoint","urlTemplate":"https:\/\/freshhope.us\/?s={search_term_string}"},"query-input":{"@type":"PropertyValueSpecification","valueRequired":true,"valueName":"search_term_string"}}],"inLanguage":"es"},{"@type":"Organization","@id":"https:\/\/freshhope.us\/#organization","name":"Fresh Hope para la Salud Mental","url":"https:\/\/freshhope.us\/","logo":{"@type":"ImageObject","inLanguage":"es","@id":"https:\/\/freshhope.us\/#\/schema\/logo\/image\/","url":"https:\/\/freshhope.us\/wp-content\/uploads\/2020\/02\/Fresh-Hope-for-Mental-Health-Logo.png","contentUrl":"https:\/\/freshhope.us\/wp-content\/uploads\/2020\/02\/Fresh-Hope-for-Mental-Health-Logo.png","width":1013,"height":531,"caption":"Fresh Hope for Mental Health"},"image":{"@id":"https:\/\/freshhope.us\/#\/schema\/logo\/image\/"}}]}},"jetpack_publicize_connections":[],"jetpack_sharing_enabled":true,"_links":{"self":[{"href":"https:\/\/freshhope.us\/es\/wp-json\/wp\/v2\/product\/6948","targetHints":{"allow":["GET"]}}],"collection":[{"href":"https:\/\/freshhope.us\/es\/wp-json\/wp\/v2\/product"}],"about":[{"href":"https:\/\/freshhope.us\/es\/wp-json\/wp\/v2\/types\/product"}],"replies":[{"embeddable":true,"href":"https:\/\/freshhope.us\/es\/wp-json\/wp\/v2\/comments?post=6948"}],"version-history":[{"count":0,"href":"https:\/\/freshhope.us\/es\/wp-json\/wp\/v2\/product\/6948\/revisions"}],"wp:featuredmedia":[{"embeddable":true,"href":"https:\/\/freshhope.us\/es\/wp-json\/wp\/v2\/media\/13265"}],"wp:attachment":[{"href":"https:\/\/freshhope.us\/es\/wp-json\/wp\/v2\/media?parent=6948"}],"wp:term":[{"taxonomy":"product_brand","embeddable":true,"href":"https:\/\/freshhope.us\/es\/wp-json\/wp\/v2\/product_brand?post=6948"},{"taxonomy":"product_cat","embeddable":true,"href":"https:\/\/freshhope.us\/es\/wp-json\/wp\/v2\/product_cat?post=6948"},{"taxonomy":"product_tag","embeddable":true,"href":"https:\/\/freshhope.us\/es\/wp-json\/wp\/v2\/product_tag?post=6948"}],"curies":[{"name":"wp","href":"https:\/\/api.w.org\/{rel}","templated":true}]}}