{"id":5821,"date":"2023-06-14T13:29:21","date_gmt":"2023-06-14T18:29:21","guid":{"rendered":"https:\/\/freshhope.us\/?post_type=product&#038;p=5821"},"modified":"2026-03-31T23:18:21","modified_gmt":"2026-04-01T04:18:21","slug":"hope-coach-training","status":"publish","type":"product","link":"https:\/\/freshhope.us\/es\/producto\/hope-coach-training\/","title":{"rendered":"Capacitaci\u00f3n de Hope Coach"},"content":{"rendered":"","protected":false},"excerpt":{"rendered":"<p>What is included with your purchase?<\/p>\n<ul>\n<li>Access to &#8220;Hope Coach Training&#8221; course in our online platform.<\/li>\n<li>Paperback* and digital copy of Hope Coaching Manual.<\/li>\n<\/ul>\n<p><img fetchpriority=\"high\" decoding=\"async\" class=\"size-medium wp-image-10516 aligncenter\" src=\"https:\/\/freshhope.us\/wp-content\/uploads\/2022\/09\/Pastor-Brad-Hoefs-300x300.png\" alt=\"Brad Hoefs\" width=\"300\" height=\"300\" srcset=\"https:\/\/freshhope.us\/wp-content\/uploads\/2022\/09\/Pastor-Brad-Hoefs-300x300.png 300w, https:\/\/freshhope.us\/wp-content\/uploads\/2022\/09\/Pastor-Brad-Hoefs-1024x1024.png 1024w, https:\/\/freshhope.us\/wp-content\/uploads\/2022\/09\/Pastor-Brad-Hoefs-150x150.png 150w, https:\/\/freshhope.us\/wp-content\/uploads\/2022\/09\/Pastor-Brad-Hoefs-768x768.png 768w, https:\/\/freshhope.us\/wp-content\/uploads\/2022\/09\/Pastor-Brad-Hoefs-12x12.png 12w, https:\/\/freshhope.us\/wp-content\/uploads\/2022\/09\/Pastor-Brad-Hoefs-60x60.png 60w, https:\/\/freshhope.us\/wp-content\/uploads\/2022\/09\/Pastor-Brad-Hoefs-500x500.png 500w, https:\/\/freshhope.us\/wp-content\/uploads\/2022\/09\/Pastor-Brad-Hoefs-1000x1000.png 1000w, https:\/\/freshhope.us\/wp-content\/uploads\/2022\/09\/Pastor-Brad-Hoefs-624x624.png 624w, https:\/\/freshhope.us\/wp-content\/uploads\/2022\/09\/Pastor-Brad-Hoefs-600x600.png 600w, https:\/\/freshhope.us\/wp-content\/uploads\/2022\/09\/Pastor-Brad-Hoefs-100x100.png 100w, https:\/\/freshhope.us\/wp-content\/uploads\/2022\/09\/Pastor-Brad-Hoefs.png 1080w\" sizes=\"(max-width: 300px) 100vw, 300px\" \/><\/p>\n<div class=\"page\" title=\"Page 3\">\n<div class=\"section\">\n<div class=\"layoutArea\">\n<div class=\"column\">\n<p><em>\u00a1Saludos Amigo\/a!<\/em><\/p>\n<p><em>\u00a1Estamos agradecidos de que hayas decidido unirte a nosotros en este movimiento de esperanza!<\/em><\/p>\n<p><em>Como Hope Coach tendr\u00e1s la excepcional y bendecida oportunidad de ayudar a otros a encontrar esperanza en medio de circunstancias dif\u00edciles. Les ayudar\u00e1s a pasar de la desesperanza a la esperanza; \u00a1a ver un camino por delante! Mi oraci\u00f3n para ti es que encuentres gran alegr\u00eda y plenitud en este ministerio tan vital.<\/em><\/p>\n<p><em>\u00a1Que Dios te bendiga!<\/em><br \/>\n<strong>Pastor Brad Hoefs, fundador de Fresh Hope para la Salud Mental<\/strong><\/p>\n<\/div>\n<p>A hope coach is trained to:<\/p>\n<p><strong>1. Ser un oyente excepcional<\/strong><br \/>\nAs they minister to people who are hurting and feeling hopeless, who ask key questions and respond with compassion.<\/p>\n<p><strong>2. Ayudar a otros a procesar el dolor de lo que est\u00e1n atravesando<\/strong><br \/>\nAyuda a las personas a procesar las emociones sinceras de las situaciones dolorosas.<\/p>\n<p><strong>3. Transmitir una esperanza basada en la fe a la situaci\u00f3n<\/strong><br \/>\nAporta esperanza basada en la fe a los sentimientos de desesperanza de los dem\u00e1s.<\/p>\n<\/div>\n<p>*Paperback copy will be sent only to US customers.<\/p>\n<\/div>\n<\/div>","protected":false},"featured_media":13264,"comment_status":"open","ping_status":"closed","template":"","meta":{"_acf_changed":false,"_mi_skip_tracking":false,"jetpack_post_was_ever_published":false,"jetpack_publicize_message":"","jetpack_publicize_feature_enabled":true,"jetpack_social_post_already_shared":false,"jetpack_social_options":{"image_generator_settings":{"template":"highway","default_image_id":0,"font":"","enabled":false},"version":2}},"product_brand":[],"product_cat":[921],"product_tag":[506,283,904,905,281],"class_list":{"0":"post-5821","1":"product","2":"type-product","3":"status-publish","4":"has-post-thumbnail","6":"product_cat-_trainings","7":"product_tag-hope-coach","8":"product_tag-online-training","9":"product_tag-resources-for-facilitators","10":"product_tag-resources-for-groups","11":"product_tag-trainings","13":"first","14":"instock","15":"featured","16":"downloadable","17":"virtual","18":"purchasable","19":"product-type-simple"},"acf":[],"yoast_head":"<!-- This site is optimized with the Yoast SEO Premium plugin v18.1 (Yoast SEO v27.4) - https:\/\/yoast.com\/product\/yoast-seo-premium-wordpress\/ -->\n<title>Hope Coach Training - Fresh Hope for Mental Health<\/title>\n<meta name=\"description\" content=\"Join us in this movement of hope! As a Hope Coach you will have the rare and blessed opportunity to help others find hope in the midst of difficult circumstances. You\u2019ll help them pivot from hopelessness to hope, seeing a way forward! My prayer for you is that you find great joy and fulfillment in this vital ministry!\" \/>\n<meta name=\"robots\" content=\"index, follow, max-snippet:-1, max-image-preview:large, max-video-preview:-1\" \/>\n<link rel=\"canonical\" href=\"https:\/\/freshhope.us\/es\/producto\/hope-coach-training\/\" \/>\n<meta property=\"og:locale\" content=\"es_MX\" \/>\n<meta property=\"og:type\" content=\"article\" \/>\n<meta property=\"og:title\" content=\"Hope Coach Training\" \/>\n<meta property=\"og:description\" content=\"Join us in this movement of hope! As a Hope Coach you will have the rare and blessed opportunity to help others find hope in the midst of difficult circumstances. You\u2019ll help them pivot from hopelessness to hope, seeing a way forward! My prayer for you is that you find great joy and fulfillment in this vital ministry!\" \/>\n<meta property=\"og:url\" content=\"https:\/\/freshhope.us\/es\/producto\/hope-coach-training\/\" \/>\n<meta property=\"og:site_name\" content=\"Fresh Hope for Mental Health\" \/>\n<meta property=\"article:modified_time\" content=\"2026-04-01T04:18:21+00:00\" \/>\n<meta property=\"og:image\" content=\"https:\/\/freshhope.us\/wp-content\/uploads\/2023\/06\/Hope-Coach-Training.png\" \/>\n\t<meta property=\"og:image:width\" content=\"1080\" \/>\n\t<meta property=\"og:image:height\" content=\"1080\" \/>\n\t<meta property=\"og:image:type\" content=\"image\/png\" \/>\n<meta name=\"twitter:label1\" content=\"Tiempo de lectura\" \/>\n\t<meta name=\"twitter:data1\" content=\"1 minuto\" \/>\n<script type=\"application\/ld+json\" class=\"yoast-schema-graph\">{\"@context\":\"https:\\\/\\\/schema.org\",\"@graph\":[{\"@type\":\"WebPage\",\"@id\":\"https:\\\/\\\/freshhope.us\\\/product\\\/hope-coach-training\\\/\",\"url\":\"https:\\\/\\\/freshhope.us\\\/product\\\/hope-coach-training\\\/\",\"name\":\"Hope Coach Training - Fresh Hope for Mental Health\",\"isPartOf\":{\"@id\":\"https:\\\/\\\/freshhope.us\\\/#website\"},\"primaryImageOfPage\":{\"@id\":\"https:\\\/\\\/freshhope.us\\\/product\\\/hope-coach-training\\\/#primaryimage\"},\"image\":{\"@id\":\"https:\\\/\\\/freshhope.us\\\/product\\\/hope-coach-training\\\/#primaryimage\"},\"thumbnailUrl\":\"https:\\\/\\\/freshhope.us\\\/wp-content\\\/uploads\\\/2023\\\/06\\\/Hope-Coach-Training.png\",\"datePublished\":\"2023-06-14T18:29:21+00:00\",\"dateModified\":\"2026-04-01T04:18:21+00:00\",\"description\":\"Join us in this movement of hope! As a Hope Coach you will have the rare and blessed opportunity to help others find hope in the midst of difficult circumstances. You\u2019ll help them pivot from hopelessness to hope, seeing a way forward! My prayer for you is that you find great joy and fulfillment in this vital ministry!\",\"breadcrumb\":{\"@id\":\"https:\\\/\\\/freshhope.us\\\/product\\\/hope-coach-training\\\/#breadcrumb\"},\"inLanguage\":\"es\",\"potentialAction\":[{\"@type\":\"ReadAction\",\"target\":[\"https:\\\/\\\/freshhope.us\\\/product\\\/hope-coach-training\\\/\"]}]},{\"@type\":\"ImageObject\",\"inLanguage\":\"es\",\"@id\":\"https:\\\/\\\/freshhope.us\\\/product\\\/hope-coach-training\\\/#primaryimage\",\"url\":\"https:\\\/\\\/freshhope.us\\\/wp-content\\\/uploads\\\/2023\\\/06\\\/Hope-Coach-Training.png\",\"contentUrl\":\"https:\\\/\\\/freshhope.us\\\/wp-content\\\/uploads\\\/2023\\\/06\\\/Hope-Coach-Training.png\",\"width\":1080,\"height\":1080},{\"@type\":\"BreadcrumbList\",\"@id\":\"https:\\\/\\\/freshhope.us\\\/product\\\/hope-coach-training\\\/#breadcrumb\",\"itemListElement\":[{\"@type\":\"ListItem\",\"position\":1,\"name\":\"Shop\",\"item\":\"https:\\\/\\\/freshhope.us\\\/shop\\\/\"},{\"@type\":\"ListItem\",\"position\":2,\"name\":\"Hope Coach Training\"}]},{\"@type\":\"WebSite\",\"@id\":\"https:\\\/\\\/freshhope.us\\\/#website\",\"url\":\"https:\\\/\\\/freshhope.us\\\/\",\"name\":\"Fresh Hope for Mental Health\",\"description\":\"Empowering Those with a Mental Health Challenge Along with Their Loved Ones to Live Full, Rich and Hope-filled Lives\",\"publisher\":{\"@id\":\"https:\\\/\\\/freshhope.us\\\/#organization\"},\"potentialAction\":[{\"@type\":\"SearchAction\",\"target\":{\"@type\":\"EntryPoint\",\"urlTemplate\":\"https:\\\/\\\/freshhope.us\\\/?s={search_term_string}\"},\"query-input\":{\"@type\":\"PropertyValueSpecification\",\"valueRequired\":true,\"valueName\":\"search_term_string\"}}],\"inLanguage\":\"es\"},{\"@type\":\"Organization\",\"@id\":\"https:\\\/\\\/freshhope.us\\\/#organization\",\"name\":\"Fresh Hope for Mental Health\",\"url\":\"https:\\\/\\\/freshhope.us\\\/\",\"logo\":{\"@type\":\"ImageObject\",\"inLanguage\":\"es\",\"@id\":\"https:\\\/\\\/freshhope.us\\\/#\\\/schema\\\/logo\\\/image\\\/\",\"url\":\"https:\\\/\\\/freshhope.us\\\/wp-content\\\/uploads\\\/2020\\\/02\\\/Fresh-Hope-for-Mental-Health-Logo.png\",\"contentUrl\":\"https:\\\/\\\/freshhope.us\\\/wp-content\\\/uploads\\\/2020\\\/02\\\/Fresh-Hope-for-Mental-Health-Logo.png\",\"width\":1013,\"height\":531,\"caption\":\"Fresh Hope for Mental Health\"},\"image\":{\"@id\":\"https:\\\/\\\/freshhope.us\\\/#\\\/schema\\\/logo\\\/image\\\/\"}}]}<\/script>\n<!-- \/ Yoast SEO Premium plugin. -->","yoast_head_json":{"title":"Hope Coach Training - Fresh Hope for Mental Health","description":"Join us in this movement of hope! As a Hope Coach you will have the rare and blessed opportunity to help others find hope in the midst of difficult circumstances. You\u2019ll help them pivot from hopelessness to hope, seeing a way forward! My prayer for you is that you find great joy and fulfillment in this vital ministry!","robots":{"index":"index","follow":"follow","max-snippet":"max-snippet:-1","max-image-preview":"max-image-preview:large","max-video-preview":"max-video-preview:-1"},"canonical":"https:\/\/freshhope.us\/es\/producto\/hope-coach-training\/","og_locale":"es_MX","og_type":"article","og_title":"Hope Coach Training","og_description":"Join us in this movement of hope! As a Hope Coach you will have the rare and blessed opportunity to help others find hope in the midst of difficult circumstances. You\u2019ll help them pivot from hopelessness to hope, seeing a way forward! My prayer for you is that you find great joy and fulfillment in this vital ministry!","og_url":"https:\/\/freshhope.us\/es\/producto\/hope-coach-training\/","og_site_name":"Fresh Hope for Mental Health","article_modified_time":"2026-04-01T04:18:21+00:00","og_image":[{"width":1080,"height":1080,"url":"https:\/\/freshhope.us\/wp-content\/uploads\/2023\/06\/Hope-Coach-Training.png","type":"image\/png"}],"twitter_misc":{"Tiempo de lectura":"1 minuto"},"schema":{"@context":"https:\/\/schema.org","@graph":[{"@type":"WebPage","@id":"https:\/\/freshhope.us\/product\/hope-coach-training\/","url":"https:\/\/freshhope.us\/product\/hope-coach-training\/","name":"Hope Coach Training - Fresh Hope for Mental Health","isPartOf":{"@id":"https:\/\/freshhope.us\/#website"},"primaryImageOfPage":{"@id":"https:\/\/freshhope.us\/product\/hope-coach-training\/#primaryimage"},"image":{"@id":"https:\/\/freshhope.us\/product\/hope-coach-training\/#primaryimage"},"thumbnailUrl":"https:\/\/freshhope.us\/wp-content\/uploads\/2023\/06\/Hope-Coach-Training.png","datePublished":"2023-06-14T18:29:21+00:00","dateModified":"2026-04-01T04:18:21+00:00","description":"Join us in this movement of hope! As a Hope Coach you will have the rare and blessed opportunity to help others find hope in the midst of difficult circumstances. You\u2019ll help them pivot from hopelessness to hope, seeing a way forward! My prayer for you is that you find great joy and fulfillment in this vital ministry!","breadcrumb":{"@id":"https:\/\/freshhope.us\/product\/hope-coach-training\/#breadcrumb"},"inLanguage":"es","potentialAction":[{"@type":"ReadAction","target":["https:\/\/freshhope.us\/product\/hope-coach-training\/"]}]},{"@type":"ImageObject","inLanguage":"es","@id":"https:\/\/freshhope.us\/product\/hope-coach-training\/#primaryimage","url":"https:\/\/freshhope.us\/wp-content\/uploads\/2023\/06\/Hope-Coach-Training.png","contentUrl":"https:\/\/freshhope.us\/wp-content\/uploads\/2023\/06\/Hope-Coach-Training.png","width":1080,"height":1080},{"@type":"BreadcrumbList","@id":"https:\/\/freshhope.us\/product\/hope-coach-training\/#breadcrumb","itemListElement":[{"@type":"ListItem","position":1,"name":"Shop","item":"https:\/\/freshhope.us\/shop\/"},{"@type":"ListItem","position":2,"name":"Hope Coach Training"}]},{"@type":"WebSite","@id":"https:\/\/freshhope.us\/#website","url":"https:\/\/freshhope.us\/","name":"Fresh Hope para la Salud Mental","description":"Ayudar a las personas con problemas de salud mental y a sus seres queridos a vivir vidas plenas, enriquecedoras y llenas de esperanza.","publisher":{"@id":"https:\/\/freshhope.us\/#organization"},"potentialAction":[{"@type":"SearchAction","target":{"@type":"EntryPoint","urlTemplate":"https:\/\/freshhope.us\/?s={search_term_string}"},"query-input":{"@type":"PropertyValueSpecification","valueRequired":true,"valueName":"search_term_string"}}],"inLanguage":"es"},{"@type":"Organization","@id":"https:\/\/freshhope.us\/#organization","name":"Fresh Hope para la Salud Mental","url":"https:\/\/freshhope.us\/","logo":{"@type":"ImageObject","inLanguage":"es","@id":"https:\/\/freshhope.us\/#\/schema\/logo\/image\/","url":"https:\/\/freshhope.us\/wp-content\/uploads\/2020\/02\/Fresh-Hope-for-Mental-Health-Logo.png","contentUrl":"https:\/\/freshhope.us\/wp-content\/uploads\/2020\/02\/Fresh-Hope-for-Mental-Health-Logo.png","width":1013,"height":531,"caption":"Fresh Hope for Mental Health"},"image":{"@id":"https:\/\/freshhope.us\/#\/schema\/logo\/image\/"}}]}},"jetpack_publicize_connections":[],"jetpack_sharing_enabled":true,"_links":{"self":[{"href":"https:\/\/freshhope.us\/es\/wp-json\/wp\/v2\/product\/5821","targetHints":{"allow":["GET"]}}],"collection":[{"href":"https:\/\/freshhope.us\/es\/wp-json\/wp\/v2\/product"}],"about":[{"href":"https:\/\/freshhope.us\/es\/wp-json\/wp\/v2\/types\/product"}],"replies":[{"embeddable":true,"href":"https:\/\/freshhope.us\/es\/wp-json\/wp\/v2\/comments?post=5821"}],"version-history":[{"count":0,"href":"https:\/\/freshhope.us\/es\/wp-json\/wp\/v2\/product\/5821\/revisions"}],"wp:featuredmedia":[{"embeddable":true,"href":"https:\/\/freshhope.us\/es\/wp-json\/wp\/v2\/media\/13264"}],"wp:attachment":[{"href":"https:\/\/freshhope.us\/es\/wp-json\/wp\/v2\/media?parent=5821"}],"wp:term":[{"taxonomy":"product_brand","embeddable":true,"href":"https:\/\/freshhope.us\/es\/wp-json\/wp\/v2\/product_brand?post=5821"},{"taxonomy":"product_cat","embeddable":true,"href":"https:\/\/freshhope.us\/es\/wp-json\/wp\/v2\/product_cat?post=5821"},{"taxonomy":"product_tag","embeddable":true,"href":"https:\/\/freshhope.us\/es\/wp-json\/wp\/v2\/product_tag?post=5821"}],"curies":[{"name":"wp","href":"https:\/\/api.w.org\/{rel}","templated":true}]}}