{"id":5278,"date":"2021-03-30T11:19:45","date_gmt":"2021-03-30T16:19:45","guid":{"rendered":"https:\/\/freshhope.us\/?post_type=product&#038;p=5278"},"modified":"2024-07-08T21:27:18","modified_gmt":"2024-07-09T02:27:18","slug":"capacitacion-para-facilitador","status":"publish","type":"product","link":"https:\/\/freshhope.us\/es\/producto\/capacitacion-para-facilitador\/","title":{"rendered":"Capacitaci\u00f3n para Facilitadores"},"content":{"rendered":"","protected":false},"excerpt":{"rendered":"<p>Puedes certificarte como Facilitador de Grupos de Apoyo de Fresh Hope, en cualquier lugar y en el horario que m\u00e1s te convenga. \u00a1Tu eliges el lugar, el d\u00eda y la hora!<\/p>\n<p>Adicionalmente, necesitar\u00e1s adquirir el libro de Fresh Hope. Puedes adquirirlo en <a href=\"https:\/\/www.amazon.com\/-\/es\/Brad-Hoefs-ebook\/dp\/B0881YGMRG\/ref=sr_1_2?__mk_es_US=%C3%85M%C3%85%C5%BD%C3%95%C3%91&amp;dchild=1&amp;keywords=brad+hoefs&amp;qid=1617149916&amp;sr=8-2\">Amazon<\/a> o <a href=\"https:\/\/smile.amazon.com\/-\/es\/Brad-Hoefs-ebook\/dp\/B0881YGMRG\">Amazon Smile<\/a>, ya sea en edici\u00f3n impresa o digital (Amazon Kindle).<a href=\"https:\/\/smile.amazon.com\/-\/es\/Brad-Hoefs-ebook\/dp\/B0881YGMRG\"><img fetchpriority=\"high\" decoding=\"async\" class=\"wp-image-6967 aligncenter\" src=\"https:\/\/freshhope.us\/wp-content\/uploads\/2021\/03\/Hope-Coach-Images-5-300x300.png\" alt=\"\" width=\"243\" height=\"243\" \/><\/a><\/p>\n<p>&nbsp;<\/p>","protected":false},"featured_media":13266,"comment_status":"open","ping_status":"closed","template":"","meta":{"_acf_changed":false,"_mi_skip_tracking":false,"jetpack_post_was_ever_published":false,"jetpack_publicize_message":"","jetpack_publicize_feature_enabled":true,"jetpack_social_post_already_shared":false,"jetpack_social_options":{"image_generator_settings":{"template":"highway","default_image_id":0,"font":"","enabled":false},"version":2}},"product_brand":[],"product_cat":[926],"product_tag":[280],"class_list":{"0":"post-5278","1":"product","2":"type-product","3":"status-publish","4":"has-post-thumbnail","6":"product_cat-resources-in-spanish","7":"product_tag-facilitator","9":"first","10":"instock","11":"virtual","12":"purchasable","13":"product-type-simple"},"acf":[],"yoast_head":"<!-- This site is optimized with the Yoast SEO Premium plugin v18.1 (Yoast SEO v27.3) - https:\/\/yoast.com\/product\/yoast-seo-premium-wordpress\/ -->\n<title>Capacitaci\u00f3n para Facilitadores - Fresh Hope for Mental Health<\/title>\n<meta name=\"robots\" content=\"index, follow, max-snippet:-1, max-image-preview:large, max-video-preview:-1\" \/>\n<link rel=\"canonical\" href=\"https:\/\/freshhope.us\/es\/producto\/capacitacion-para-facilitador\/\" \/>\n<meta property=\"og:locale\" content=\"es_MX\" \/>\n<meta property=\"og:type\" content=\"article\" \/>\n<meta property=\"og:title\" content=\"Capacitaci\u00f3n para Facilitadores\" \/>\n<meta property=\"og:description\" content=\"Puedes certificarte como Facilitador de Grupos de Apoyo de Fresh Hope, en cualquier lugar y en el horario que m\u00e1s te convenga. \u00a1Tu eliges el lugar, el d\u00eda y la hora!  Adicionalmente, necesitar\u00e1s adquirir el libro de Fresh Hope. Puedes adquirirlo en Amazon o Amazon Smile, ya sea en edici\u00f3n impresa o digital (Amazon Kindle).  &nbsp;\" \/>\n<meta property=\"og:url\" content=\"https:\/\/freshhope.us\/es\/producto\/capacitacion-para-facilitador\/\" \/>\n<meta property=\"og:site_name\" content=\"Fresh Hope for Mental Health\" \/>\n<meta property=\"article:modified_time\" content=\"2024-07-09T02:27:18+00:00\" \/>\n<meta property=\"og:image\" content=\"https:\/\/freshhope.us\/wp-content\/uploads\/2021\/03\/Capacitacion-para-Facilitadores.png\" \/>\n\t<meta property=\"og:image:width\" content=\"1080\" \/>\n\t<meta property=\"og:image:height\" content=\"1080\" \/>\n\t<meta property=\"og:image:type\" content=\"image\/png\" \/>\n<meta name=\"twitter:label1\" content=\"Tiempo de lectura\" \/>\n\t<meta name=\"twitter:data1\" content=\"1 minuto\" \/>\n<script type=\"application\/ld+json\" class=\"yoast-schema-graph\">{\"@context\":\"https:\\\/\\\/schema.org\",\"@graph\":[{\"@type\":\"WebPage\",\"@id\":\"https:\\\/\\\/freshhope.us\\\/product\\\/capacitacion-para-facilitador\\\/\",\"url\":\"https:\\\/\\\/freshhope.us\\\/product\\\/capacitacion-para-facilitador\\\/\",\"name\":\"Capacitaci\u00f3n para Facilitadores - Fresh Hope for Mental Health\",\"isPartOf\":{\"@id\":\"https:\\\/\\\/freshhope.us\\\/#website\"},\"primaryImageOfPage\":{\"@id\":\"https:\\\/\\\/freshhope.us\\\/product\\\/capacitacion-para-facilitador\\\/#primaryimage\"},\"image\":{\"@id\":\"https:\\\/\\\/freshhope.us\\\/product\\\/capacitacion-para-facilitador\\\/#primaryimage\"},\"thumbnailUrl\":\"https:\\\/\\\/freshhope.us\\\/wp-content\\\/uploads\\\/2021\\\/03\\\/Capacitacion-para-Facilitadores.png\",\"datePublished\":\"2021-03-30T16:19:45+00:00\",\"dateModified\":\"2024-07-09T02:27:18+00:00\",\"breadcrumb\":{\"@id\":\"https:\\\/\\\/freshhope.us\\\/product\\\/capacitacion-para-facilitador\\\/#breadcrumb\"},\"inLanguage\":\"es\",\"potentialAction\":[{\"@type\":\"ReadAction\",\"target\":[\"https:\\\/\\\/freshhope.us\\\/product\\\/capacitacion-para-facilitador\\\/\"]}]},{\"@type\":\"ImageObject\",\"inLanguage\":\"es\",\"@id\":\"https:\\\/\\\/freshhope.us\\\/product\\\/capacitacion-para-facilitador\\\/#primaryimage\",\"url\":\"https:\\\/\\\/freshhope.us\\\/wp-content\\\/uploads\\\/2021\\\/03\\\/Capacitacion-para-Facilitadores.png\",\"contentUrl\":\"https:\\\/\\\/freshhope.us\\\/wp-content\\\/uploads\\\/2021\\\/03\\\/Capacitacion-para-Facilitadores.png\",\"width\":1080,\"height\":1080},{\"@type\":\"BreadcrumbList\",\"@id\":\"https:\\\/\\\/freshhope.us\\\/product\\\/capacitacion-para-facilitador\\\/#breadcrumb\",\"itemListElement\":[{\"@type\":\"ListItem\",\"position\":1,\"name\":\"Shop\",\"item\":\"https:\\\/\\\/freshhope.us\\\/shop\\\/\"},{\"@type\":\"ListItem\",\"position\":2,\"name\":\"Capacitaci\u00f3n para Facilitadores\"}]},{\"@type\":\"WebSite\",\"@id\":\"https:\\\/\\\/freshhope.us\\\/#website\",\"url\":\"https:\\\/\\\/freshhope.us\\\/\",\"name\":\"Fresh Hope for Mental Health\",\"description\":\"Empowering Those with a Mental Health Challenge Along with Their Loved Ones to Live Full, Rich and Hope-filled Lives\",\"publisher\":{\"@id\":\"https:\\\/\\\/freshhope.us\\\/#organization\"},\"potentialAction\":[{\"@type\":\"SearchAction\",\"target\":{\"@type\":\"EntryPoint\",\"urlTemplate\":\"https:\\\/\\\/freshhope.us\\\/?s={search_term_string}\"},\"query-input\":{\"@type\":\"PropertyValueSpecification\",\"valueRequired\":true,\"valueName\":\"search_term_string\"}}],\"inLanguage\":\"es\"},{\"@type\":\"Organization\",\"@id\":\"https:\\\/\\\/freshhope.us\\\/#organization\",\"name\":\"Fresh Hope for Mental Health\",\"url\":\"https:\\\/\\\/freshhope.us\\\/\",\"logo\":{\"@type\":\"ImageObject\",\"inLanguage\":\"es\",\"@id\":\"https:\\\/\\\/freshhope.us\\\/#\\\/schema\\\/logo\\\/image\\\/\",\"url\":\"https:\\\/\\\/freshhope.us\\\/wp-content\\\/uploads\\\/2020\\\/02\\\/Fresh-Hope-for-Mental-Health-Logo.png\",\"contentUrl\":\"https:\\\/\\\/freshhope.us\\\/wp-content\\\/uploads\\\/2020\\\/02\\\/Fresh-Hope-for-Mental-Health-Logo.png\",\"width\":1013,\"height\":531,\"caption\":\"Fresh Hope for Mental Health\"},\"image\":{\"@id\":\"https:\\\/\\\/freshhope.us\\\/#\\\/schema\\\/logo\\\/image\\\/\"}}]}<\/script>\n<!-- \/ Yoast SEO Premium plugin. -->","yoast_head_json":{"title":"Capacitaci\u00f3n para Facilitadores - Fresh Hope for Mental Health","robots":{"index":"index","follow":"follow","max-snippet":"max-snippet:-1","max-image-preview":"max-image-preview:large","max-video-preview":"max-video-preview:-1"},"canonical":"https:\/\/freshhope.us\/es\/producto\/capacitacion-para-facilitador\/","og_locale":"es_MX","og_type":"article","og_title":"Capacitaci\u00f3n para Facilitadores","og_description":"Puedes certificarte como Facilitador de Grupos de Apoyo de Fresh Hope, en cualquier lugar y en el horario que m\u00e1s te convenga. \u00a1Tu eliges el lugar, el d\u00eda y la hora!  Adicionalmente, necesitar\u00e1s adquirir el libro de Fresh Hope. Puedes adquirirlo en Amazon o Amazon Smile, ya sea en edici\u00f3n impresa o digital (Amazon Kindle).  &nbsp;","og_url":"https:\/\/freshhope.us\/es\/producto\/capacitacion-para-facilitador\/","og_site_name":"Fresh Hope for Mental Health","article_modified_time":"2024-07-09T02:27:18+00:00","og_image":[{"width":1080,"height":1080,"url":"https:\/\/freshhope.us\/wp-content\/uploads\/2021\/03\/Capacitacion-para-Facilitadores.png","type":"image\/png"}],"twitter_misc":{"Tiempo de lectura":"1 minuto"},"schema":{"@context":"https:\/\/schema.org","@graph":[{"@type":"WebPage","@id":"https:\/\/freshhope.us\/product\/capacitacion-para-facilitador\/","url":"https:\/\/freshhope.us\/product\/capacitacion-para-facilitador\/","name":"Capacitaci\u00f3n para Facilitadores - Fresh Hope for Mental Health","isPartOf":{"@id":"https:\/\/freshhope.us\/#website"},"primaryImageOfPage":{"@id":"https:\/\/freshhope.us\/product\/capacitacion-para-facilitador\/#primaryimage"},"image":{"@id":"https:\/\/freshhope.us\/product\/capacitacion-para-facilitador\/#primaryimage"},"thumbnailUrl":"https:\/\/freshhope.us\/wp-content\/uploads\/2021\/03\/Capacitacion-para-Facilitadores.png","datePublished":"2021-03-30T16:19:45+00:00","dateModified":"2024-07-09T02:27:18+00:00","breadcrumb":{"@id":"https:\/\/freshhope.us\/product\/capacitacion-para-facilitador\/#breadcrumb"},"inLanguage":"es","potentialAction":[{"@type":"ReadAction","target":["https:\/\/freshhope.us\/product\/capacitacion-para-facilitador\/"]}]},{"@type":"ImageObject","inLanguage":"es","@id":"https:\/\/freshhope.us\/product\/capacitacion-para-facilitador\/#primaryimage","url":"https:\/\/freshhope.us\/wp-content\/uploads\/2021\/03\/Capacitacion-para-Facilitadores.png","contentUrl":"https:\/\/freshhope.us\/wp-content\/uploads\/2021\/03\/Capacitacion-para-Facilitadores.png","width":1080,"height":1080},{"@type":"BreadcrumbList","@id":"https:\/\/freshhope.us\/product\/capacitacion-para-facilitador\/#breadcrumb","itemListElement":[{"@type":"ListItem","position":1,"name":"Shop","item":"https:\/\/freshhope.us\/shop\/"},{"@type":"ListItem","position":2,"name":"Capacitaci\u00f3n para Facilitadores"}]},{"@type":"WebSite","@id":"https:\/\/freshhope.us\/#website","url":"https:\/\/freshhope.us\/","name":"Fresh Hope para la Salud Mental","description":"Ayudar a las personas con problemas de salud mental y a sus seres queridos a vivir vidas plenas, enriquecedoras y llenas de esperanza.","publisher":{"@id":"https:\/\/freshhope.us\/#organization"},"potentialAction":[{"@type":"SearchAction","target":{"@type":"EntryPoint","urlTemplate":"https:\/\/freshhope.us\/?s={search_term_string}"},"query-input":{"@type":"PropertyValueSpecification","valueRequired":true,"valueName":"search_term_string"}}],"inLanguage":"es"},{"@type":"Organization","@id":"https:\/\/freshhope.us\/#organization","name":"Fresh Hope para la Salud Mental","url":"https:\/\/freshhope.us\/","logo":{"@type":"ImageObject","inLanguage":"es","@id":"https:\/\/freshhope.us\/#\/schema\/logo\/image\/","url":"https:\/\/freshhope.us\/wp-content\/uploads\/2020\/02\/Fresh-Hope-for-Mental-Health-Logo.png","contentUrl":"https:\/\/freshhope.us\/wp-content\/uploads\/2020\/02\/Fresh-Hope-for-Mental-Health-Logo.png","width":1013,"height":531,"caption":"Fresh Hope for Mental Health"},"image":{"@id":"https:\/\/freshhope.us\/#\/schema\/logo\/image\/"}}]}},"jetpack_publicize_connections":[],"jetpack_sharing_enabled":true,"_links":{"self":[{"href":"https:\/\/freshhope.us\/es\/wp-json\/wp\/v2\/product\/5278","targetHints":{"allow":["GET"]}}],"collection":[{"href":"https:\/\/freshhope.us\/es\/wp-json\/wp\/v2\/product"}],"about":[{"href":"https:\/\/freshhope.us\/es\/wp-json\/wp\/v2\/types\/product"}],"replies":[{"embeddable":true,"href":"https:\/\/freshhope.us\/es\/wp-json\/wp\/v2\/comments?post=5278"}],"version-history":[{"count":0,"href":"https:\/\/freshhope.us\/es\/wp-json\/wp\/v2\/product\/5278\/revisions"}],"wp:featuredmedia":[{"embeddable":true,"href":"https:\/\/freshhope.us\/es\/wp-json\/wp\/v2\/media\/13266"}],"wp:attachment":[{"href":"https:\/\/freshhope.us\/es\/wp-json\/wp\/v2\/media?parent=5278"}],"wp:term":[{"taxonomy":"product_brand","embeddable":true,"href":"https:\/\/freshhope.us\/es\/wp-json\/wp\/v2\/product_brand?post=5278"},{"taxonomy":"product_cat","embeddable":true,"href":"https:\/\/freshhope.us\/es\/wp-json\/wp\/v2\/product_cat?post=5278"},{"taxonomy":"product_tag","embeddable":true,"href":"https:\/\/freshhope.us\/es\/wp-json\/wp\/v2\/product_tag?post=5278"}],"curies":[{"name":"wp","href":"https:\/\/api.w.org\/{rel}","templated":true}]}}