{"id":2907,"date":"2019-07-15T15:03:27","date_gmt":"2019-07-15T15:03:27","guid":{"rendered":"https:\/\/freshhope.site\/product\/import-placeholder-for-1825\/"},"modified":"2025-04-29T23:25:26","modified_gmt":"2025-04-30T04:25:26","slug":"2-fresh-hope-membership-starter-kit","status":"publish","type":"product","link":"https:\/\/freshhope.us\/es\/producto\/2-fresh-hope-membership-starter-kit\/","title":{"rendered":"Facilitator Training Starter Kit"},"content":{"rendered":"","protected":false},"excerpt":{"rendered":"<p class=\"p1\"><span class=\"s1\">Hola Amigo\/a, <\/span><\/p>\n<p class=\"p1\"><span class=\"s1\">Has dado el primer paso para iniciar un Grupo de Fresh Hope.<span class=\"Apple-converted-space\">\u00a0 <\/span>\u00a1Estamos muy emocionados por ti!<\/span><\/p>\n<p class=\"p1\"><span class=\"s1\">Tu Grupo de Fresh Hope necesita que una iglesia o ministerio relacionado acepte el patrocinio del grupo. Esto significa que el Grupo de Fresh Hope para la Salud Mental se convierte en un ministerio de su patrocinador. Con la supervisi\u00f3n de un patrocinador, tu grupo tendr\u00e1 el apoyo espiritual y financiero que necesita junto con un lugar f\u00edsico para reunirse. Esto ayuda al grupo a rendir cuentas a Cristo, a su iglesia patrocinadora y al modelo establecido de Fresh Hope. Los grupos pueden reunirse en iglesias, centros ministeriales, centros de salud o instituciones penitenciarias.<\/span><\/p>\n<p class=\"p1\"><span class=\"s1\"><i>Una vez que compres tu Kit de Inicio, recibir\u00e1s acceso en l\u00ednea a nuestra capacitaci\u00f3n.\u00a0 Dentro de la capacitaci\u00f3n encontrar\u00e1s las \u00e1reas en las que necesitamos que introduzcas la informaci\u00f3n de tu patrocinador y la de tu participante.\u00a0 Podr\u00e1s empezar el entrenamiento, pero debemos tener la informaci\u00f3n de los patrocinadores antes de que puedas empezar un grupo.<\/i><\/span><\/p>\n<p><strong>Aqu\u00ed se proporciona toda la informaci\u00f3n requerida y se adquiere el Kit de Membres\u00eda Inicial de Fresh Hope.<\/strong><\/p>\n<p><strong>El Kit de Membres\u00eda Inicial incluye:<\/strong><\/p>\n<ul>\n<li>1 Fresh Hope book**<\/li>\n<li>1 Holding to Hope Book**<\/li>\n<li>Manual de Entrenamiento (descargar)<\/li>\n<li>Tenet Card: 1**<\/li>\n<li>Tarjetas de Temas: 1 Juego (descargar)<\/li>\n<li>Brochures: 5**<\/li>\n<li>Posters: 2**<\/li>\n<li>Tarjeta de Invitaci\u00f3n (descargar)<\/li>\n<li>Serie de V\u00eddeos de los Fundamentos del Campamento de Entrenamiento (temas de las primeras 12 semanas) (descargar)<\/li>\n<li>Online Facilitator Training for up to 4 people (additional books can be purchased)<\/li>\n<\/ul>\n<p>The price is $79.99.<\/p>\n<p>*Se pueden comprar suministros adicionales en la tienda para Facilitadores de Fresh Hope.<\/p>\n<p>**Physical books included for U.S. orders. If you live outside the U.S., the digital version can be purchased separately on Amazon.<\/p>\n<ul>\n<li>Get the Fresh Hope book on Amazon <a href=\"https:\/\/www.amazon.com\/-\/Fresh-Hope-Brad-Hoefs\/dp\/1625094256\/\" target=\"_blank\" rel=\"noopener\">aqu\u00ed<\/a><\/li>\n<li>Get Holding to Hope on Amazon <a href=\"https:\/\/www.amazon.com\/-\/Brad-Hoefs-ebook\/dp\/B099P1KQ4C\/\" target=\"_blank\" rel=\"noopener\">aqu\u00ed<\/a><\/li>\n<\/ul>","protected":false},"featured_media":13267,"comment_status":"closed","ping_status":"closed","template":"","meta":{"_acf_changed":false,"_mi_skip_tracking":false,"jetpack_post_was_ever_published":false,"jetpack_publicize_message":"","jetpack_publicize_feature_enabled":true,"jetpack_social_post_already_shared":false,"jetpack_social_options":{"image_generator_settings":{"template":"highway","default_image_id":0,"font":"","enabled":false},"version":2}},"product_brand":[],"product_cat":[921],"product_tag":[260,261],"class_list":{"0":"post-2907","1":"product","2":"type-product","3":"status-publish","4":"has-post-thumbnail","6":"product_cat-_trainings","7":"product_tag-membership","8":"product_tag-starter-kit","10":"first","11":"instock","12":"featured","13":"sold-individually","14":"shipping-taxable","15":"purchasable","16":"product-type-simple"},"acf":[],"yoast_head":"<!-- This site is optimized with the Yoast SEO Premium plugin v18.1 (Yoast SEO v27.4) - https:\/\/yoast.com\/product\/yoast-seo-premium-wordpress\/ -->\n<title>Facilitator Training Starter Kit - Fresh Hope for Mental Health<\/title>\n<meta name=\"robots\" content=\"index, follow, max-snippet:-1, max-image-preview:large, max-video-preview:-1\" \/>\n<link rel=\"canonical\" href=\"https:\/\/freshhope.us\/es\/producto\/2-fresh-hope-membership-starter-kit\/\" \/>\n<meta property=\"og:locale\" content=\"es_MX\" \/>\n<meta property=\"og:type\" content=\"article\" \/>\n<meta property=\"og:title\" content=\"Facilitator Training Starter Kit\" \/>\n<meta property=\"og:description\" content=\"Hello Friend,  You\u2019ve taken the first step towards starting a Fresh Hope Group.\u00a0 We are so excited for you! Your Fresh Hope Group needs to have a church or related ministry to accept sponsorship of the group. This means the Fresh Hope for Mental Health Group becomes a ministry of its sponsor. With oversight by a sponsor, your group will have the spiritual and financial support it needs along with a physical place to meet. This helps the group to be accountable to Christ, to their sponsoring church, and to the established model of Fresh Hope. Groups may meet in churches, ministry centers, health facilities, or correctional institutions. Once you purchase your starter kit, you will receive online access to our training.\u00a0 Within the training you will find the areas where we need you to enter your sponsorship information, and your trainee information.\u00a0 You will be able to start the training, but we must have the sponsorship information before you can actually start a group. Here you will be providing all the required information and purchasing the Fresh Hope Starter Membership Kit.  The Starter Membership Kit includes:   1 Fresh Hope book**  1 Holding to Hope Book**  Training Manual (download)  Tenet Card: 1**  Topic Cards: 1 set (download)  Brochures: 5**  Posters: 2**  Invitation Business Card (download)  Boot Camp Basics Video Series (first 12 weeks&#039; topics) (download)  Online Facilitator Training for up to 4 people (additional books can be purchased)  The price is $79.99.  *Additional supplies may be purchased in the Fresh Hope Facilitator store.  **Physical books included for U.S. orders. If you live outside the U.S., the digital version can be purchased separately on Amazon.   Get the Fresh Hope book on Amazon here  Get Holding to Hope on Amazon here\" \/>\n<meta property=\"og:url\" content=\"https:\/\/freshhope.us\/es\/producto\/2-fresh-hope-membership-starter-kit\/\" \/>\n<meta property=\"og:site_name\" content=\"Fresh Hope for Mental Health\" \/>\n<meta property=\"article:modified_time\" content=\"2025-04-30T04:25:26+00:00\" \/>\n<meta property=\"og:image\" content=\"https:\/\/freshhope.us\/wp-content\/uploads\/2019\/07\/Facilitator-Training.png\" \/>\n\t<meta property=\"og:image:width\" content=\"1080\" \/>\n\t<meta property=\"og:image:height\" content=\"1080\" \/>\n\t<meta property=\"og:image:type\" content=\"image\/png\" \/>\n<meta name=\"twitter:label1\" content=\"Tiempo de lectura\" \/>\n\t<meta name=\"twitter:data1\" content=\"1 minuto\" \/>\n<script type=\"application\/ld+json\" class=\"yoast-schema-graph\">{\"@context\":\"https:\\\/\\\/schema.org\",\"@graph\":[{\"@type\":\"WebPage\",\"@id\":\"https:\\\/\\\/freshhope.us\\\/product\\\/2-fresh-hope-membership-starter-kit\\\/\",\"url\":\"https:\\\/\\\/freshhope.us\\\/product\\\/2-fresh-hope-membership-starter-kit\\\/\",\"name\":\"Facilitator Training Starter Kit - Fresh Hope for Mental Health\",\"isPartOf\":{\"@id\":\"https:\\\/\\\/freshhope.us\\\/#website\"},\"primaryImageOfPage\":{\"@id\":\"https:\\\/\\\/freshhope.us\\\/product\\\/2-fresh-hope-membership-starter-kit\\\/#primaryimage\"},\"image\":{\"@id\":\"https:\\\/\\\/freshhope.us\\\/product\\\/2-fresh-hope-membership-starter-kit\\\/#primaryimage\"},\"thumbnailUrl\":\"https:\\\/\\\/freshhope.us\\\/wp-content\\\/uploads\\\/2019\\\/07\\\/Facilitator-Training.png\",\"datePublished\":\"2019-07-15T15:03:27+00:00\",\"dateModified\":\"2025-04-30T04:25:26+00:00\",\"breadcrumb\":{\"@id\":\"https:\\\/\\\/freshhope.us\\\/product\\\/2-fresh-hope-membership-starter-kit\\\/#breadcrumb\"},\"inLanguage\":\"es\",\"potentialAction\":[{\"@type\":\"ReadAction\",\"target\":[\"https:\\\/\\\/freshhope.us\\\/product\\\/2-fresh-hope-membership-starter-kit\\\/\"]}]},{\"@type\":\"ImageObject\",\"inLanguage\":\"es\",\"@id\":\"https:\\\/\\\/freshhope.us\\\/product\\\/2-fresh-hope-membership-starter-kit\\\/#primaryimage\",\"url\":\"https:\\\/\\\/freshhope.us\\\/wp-content\\\/uploads\\\/2019\\\/07\\\/Facilitator-Training.png\",\"contentUrl\":\"https:\\\/\\\/freshhope.us\\\/wp-content\\\/uploads\\\/2019\\\/07\\\/Facilitator-Training.png\",\"width\":1080,\"height\":1080},{\"@type\":\"BreadcrumbList\",\"@id\":\"https:\\\/\\\/freshhope.us\\\/product\\\/2-fresh-hope-membership-starter-kit\\\/#breadcrumb\",\"itemListElement\":[{\"@type\":\"ListItem\",\"position\":1,\"name\":\"Shop\",\"item\":\"https:\\\/\\\/freshhope.us\\\/shop\\\/\"},{\"@type\":\"ListItem\",\"position\":2,\"name\":\"Facilitator Training Starter Kit\"}]},{\"@type\":\"WebSite\",\"@id\":\"https:\\\/\\\/freshhope.us\\\/#website\",\"url\":\"https:\\\/\\\/freshhope.us\\\/\",\"name\":\"Fresh Hope for Mental Health\",\"description\":\"Empowering Those with a Mental Health Challenge Along with Their Loved Ones to Live Full, Rich and Hope-filled Lives\",\"publisher\":{\"@id\":\"https:\\\/\\\/freshhope.us\\\/#organization\"},\"potentialAction\":[{\"@type\":\"SearchAction\",\"target\":{\"@type\":\"EntryPoint\",\"urlTemplate\":\"https:\\\/\\\/freshhope.us\\\/?s={search_term_string}\"},\"query-input\":{\"@type\":\"PropertyValueSpecification\",\"valueRequired\":true,\"valueName\":\"search_term_string\"}}],\"inLanguage\":\"es\"},{\"@type\":\"Organization\",\"@id\":\"https:\\\/\\\/freshhope.us\\\/#organization\",\"name\":\"Fresh Hope for Mental Health\",\"url\":\"https:\\\/\\\/freshhope.us\\\/\",\"logo\":{\"@type\":\"ImageObject\",\"inLanguage\":\"es\",\"@id\":\"https:\\\/\\\/freshhope.us\\\/#\\\/schema\\\/logo\\\/image\\\/\",\"url\":\"https:\\\/\\\/freshhope.us\\\/wp-content\\\/uploads\\\/2020\\\/02\\\/Fresh-Hope-for-Mental-Health-Logo.png\",\"contentUrl\":\"https:\\\/\\\/freshhope.us\\\/wp-content\\\/uploads\\\/2020\\\/02\\\/Fresh-Hope-for-Mental-Health-Logo.png\",\"width\":1013,\"height\":531,\"caption\":\"Fresh Hope for Mental Health\"},\"image\":{\"@id\":\"https:\\\/\\\/freshhope.us\\\/#\\\/schema\\\/logo\\\/image\\\/\"}}]}<\/script>\n<!-- \/ Yoast SEO Premium plugin. -->","yoast_head_json":{"title":"Facilitator Training Starter Kit - Fresh Hope for Mental Health","robots":{"index":"index","follow":"follow","max-snippet":"max-snippet:-1","max-image-preview":"max-image-preview:large","max-video-preview":"max-video-preview:-1"},"canonical":"https:\/\/freshhope.us\/es\/producto\/2-fresh-hope-membership-starter-kit\/","og_locale":"es_MX","og_type":"article","og_title":"Facilitator Training Starter Kit","og_description":"Hello Friend,  You\u2019ve taken the first step towards starting a Fresh Hope Group.\u00a0 We are so excited for you! Your Fresh Hope Group needs to have a church or related ministry to accept sponsorship of the group. This means the Fresh Hope for Mental Health Group becomes a ministry of its sponsor. With oversight by a sponsor, your group will have the spiritual and financial support it needs along with a physical place to meet. This helps the group to be accountable to Christ, to their sponsoring church, and to the established model of Fresh Hope. Groups may meet in churches, ministry centers, health facilities, or correctional institutions. Once you purchase your starter kit, you will receive online access to our training.\u00a0 Within the training you will find the areas where we need you to enter your sponsorship information, and your trainee information.\u00a0 You will be able to start the training, but we must have the sponsorship information before you can actually start a group. Here you will be providing all the required information and purchasing the Fresh Hope Starter Membership Kit.  The Starter Membership Kit includes:   1 Fresh Hope book**  1 Holding to Hope Book**  Training Manual (download)  Tenet Card: 1**  Topic Cards: 1 set (download)  Brochures: 5**  Posters: 2**  Invitation Business Card (download)  Boot Camp Basics Video Series (first 12 weeks' topics) (download)  Online Facilitator Training for up to 4 people (additional books can be purchased)  The price is $79.99.  *Additional supplies may be purchased in the Fresh Hope Facilitator store.  **Physical books included for U.S. orders. If you live outside the U.S., the digital version can be purchased separately on Amazon.   Get the Fresh Hope book on Amazon here  Get Holding to Hope on Amazon here","og_url":"https:\/\/freshhope.us\/es\/producto\/2-fresh-hope-membership-starter-kit\/","og_site_name":"Fresh Hope for Mental Health","article_modified_time":"2025-04-30T04:25:26+00:00","og_image":[{"width":1080,"height":1080,"url":"https:\/\/freshhope.us\/wp-content\/uploads\/2019\/07\/Facilitator-Training.png","type":"image\/png"}],"twitter_misc":{"Tiempo de lectura":"1 minuto"},"schema":{"@context":"https:\/\/schema.org","@graph":[{"@type":"WebPage","@id":"https:\/\/freshhope.us\/product\/2-fresh-hope-membership-starter-kit\/","url":"https:\/\/freshhope.us\/product\/2-fresh-hope-membership-starter-kit\/","name":"Facilitator Training Starter Kit - Fresh Hope for Mental Health","isPartOf":{"@id":"https:\/\/freshhope.us\/#website"},"primaryImageOfPage":{"@id":"https:\/\/freshhope.us\/product\/2-fresh-hope-membership-starter-kit\/#primaryimage"},"image":{"@id":"https:\/\/freshhope.us\/product\/2-fresh-hope-membership-starter-kit\/#primaryimage"},"thumbnailUrl":"https:\/\/freshhope.us\/wp-content\/uploads\/2019\/07\/Facilitator-Training.png","datePublished":"2019-07-15T15:03:27+00:00","dateModified":"2025-04-30T04:25:26+00:00","breadcrumb":{"@id":"https:\/\/freshhope.us\/product\/2-fresh-hope-membership-starter-kit\/#breadcrumb"},"inLanguage":"es","potentialAction":[{"@type":"ReadAction","target":["https:\/\/freshhope.us\/product\/2-fresh-hope-membership-starter-kit\/"]}]},{"@type":"ImageObject","inLanguage":"es","@id":"https:\/\/freshhope.us\/product\/2-fresh-hope-membership-starter-kit\/#primaryimage","url":"https:\/\/freshhope.us\/wp-content\/uploads\/2019\/07\/Facilitator-Training.png","contentUrl":"https:\/\/freshhope.us\/wp-content\/uploads\/2019\/07\/Facilitator-Training.png","width":1080,"height":1080},{"@type":"BreadcrumbList","@id":"https:\/\/freshhope.us\/product\/2-fresh-hope-membership-starter-kit\/#breadcrumb","itemListElement":[{"@type":"ListItem","position":1,"name":"Shop","item":"https:\/\/freshhope.us\/shop\/"},{"@type":"ListItem","position":2,"name":"Facilitator Training Starter Kit"}]},{"@type":"WebSite","@id":"https:\/\/freshhope.us\/#website","url":"https:\/\/freshhope.us\/","name":"Fresh Hope para la Salud Mental","description":"Ayudar a las personas con problemas de salud mental y a sus seres queridos a vivir vidas plenas, enriquecedoras y llenas de esperanza.","publisher":{"@id":"https:\/\/freshhope.us\/#organization"},"potentialAction":[{"@type":"SearchAction","target":{"@type":"EntryPoint","urlTemplate":"https:\/\/freshhope.us\/?s={search_term_string}"},"query-input":{"@type":"PropertyValueSpecification","valueRequired":true,"valueName":"search_term_string"}}],"inLanguage":"es"},{"@type":"Organization","@id":"https:\/\/freshhope.us\/#organization","name":"Fresh Hope para la Salud Mental","url":"https:\/\/freshhope.us\/","logo":{"@type":"ImageObject","inLanguage":"es","@id":"https:\/\/freshhope.us\/#\/schema\/logo\/image\/","url":"https:\/\/freshhope.us\/wp-content\/uploads\/2020\/02\/Fresh-Hope-for-Mental-Health-Logo.png","contentUrl":"https:\/\/freshhope.us\/wp-content\/uploads\/2020\/02\/Fresh-Hope-for-Mental-Health-Logo.png","width":1013,"height":531,"caption":"Fresh Hope for Mental Health"},"image":{"@id":"https:\/\/freshhope.us\/#\/schema\/logo\/image\/"}}]}},"jetpack_publicize_connections":[],"jetpack_sharing_enabled":true,"_links":{"self":[{"href":"https:\/\/freshhope.us\/es\/wp-json\/wp\/v2\/product\/2907","targetHints":{"allow":["GET"]}}],"collection":[{"href":"https:\/\/freshhope.us\/es\/wp-json\/wp\/v2\/product"}],"about":[{"href":"https:\/\/freshhope.us\/es\/wp-json\/wp\/v2\/types\/product"}],"replies":[{"embeddable":true,"href":"https:\/\/freshhope.us\/es\/wp-json\/wp\/v2\/comments?post=2907"}],"version-history":[{"count":0,"href":"https:\/\/freshhope.us\/es\/wp-json\/wp\/v2\/product\/2907\/revisions"}],"wp:featuredmedia":[{"embeddable":true,"href":"https:\/\/freshhope.us\/es\/wp-json\/wp\/v2\/media\/13267"}],"wp:attachment":[{"href":"https:\/\/freshhope.us\/es\/wp-json\/wp\/v2\/media?parent=2907"}],"wp:term":[{"taxonomy":"product_brand","embeddable":true,"href":"https:\/\/freshhope.us\/es\/wp-json\/wp\/v2\/product_brand?post=2907"},{"taxonomy":"product_cat","embeddable":true,"href":"https:\/\/freshhope.us\/es\/wp-json\/wp\/v2\/product_cat?post=2907"},{"taxonomy":"product_tag","embeddable":true,"href":"https:\/\/freshhope.us\/es\/wp-json\/wp\/v2\/product_tag?post=2907"}],"curies":[{"name":"wp","href":"https:\/\/api.w.org\/{rel}","templated":true}]}}