{"id":18511,"date":"2026-01-18T21:19:26","date_gmt":"2026-01-19T02:19:26","guid":{"rendered":"https:\/\/freshhope.us\/?post_type=product&#038;p=18511"},"modified":"2026-01-18T21:20:34","modified_gmt":"2026-01-19T02:20:34","slug":"redencion-para-la-depresion","status":"publish","type":"product","link":"https:\/\/freshhope.us\/es\/producto\/redencion-para-la-depresion\/","title":{"rendered":"Redenci\u00f3n para la Depresi\u00f3n"},"content":{"rendered":"<p><span class=\"a-text-bold\">\u00bfPuede un cristiano sufrir de depresi\u00f3n? \u00bfEs posible vivir una vida plena con un diagn\u00f3stico de salud mental?<\/span><br \/>\n<span class=\"a-text-italic\">Redenci\u00f3n para la Depresi\u00f3n<\/span>\u00a0es m\u00e1s que un libro sobre salud mental\u2014es un mapa de esperanza para todo aquel que sufre en silencio creyendo que su diagn\u00f3stico descalifica su fe. Con honestidad desarmante, Samantha comparte su traves\u00eda desde la desesperaci\u00f3n hasta el prop\u00f3sito, ofreciendo:<br \/>\n\u2726\u00a0<span class=\"a-text-bold\">Su historia completa de redenci\u00f3n<\/span>: desde los primeros s\u00edntomas hasta encontrar esperanza y prop\u00f3sito<br \/>\n\u2726\u00a0<span class=\"a-text-bold\">Fundamento b\u00edblico s\u00f3lido<\/span>: descubre qu\u00e9 dice realmente la Escritura sobre la salud mental y por qu\u00e9 personajes como David, El\u00edas y Jerem\u00edas tambi\u00e9n lucharon<br \/>\n\u2726\u00a0<span class=\"a-text-bold\">Los 4 Filtros<\/span>: un marco integral basado en Lucas 2:52 para evaluar tu bienestar espiritual, relacional, mental y f\u00edsico<br \/>\n\u2726\u00a0<span class=\"a-text-bold\">12 herramientas pr\u00e1cticas comprobadas<\/span>: estrategias espec\u00edficas que puedes comenzar a usar hoy mismo<br \/>\n\u2726\u00a0<span class=\"a-text-bold\">Gu\u00eda para construir tu red de apoyo<\/span>: el modelo de Los 3 C\u00edrculos para no caminar solo<br \/>\n\u2726\u00a0<span class=\"a-text-bold\">Recursos para familias e iglesias<\/span>: ap\u00e9ndices completos con gu\u00edas pr\u00e1cticas<br \/>\n<span class=\"a-text-bold\">Este libro es para ti si:<\/span><\/p>\n<ul class=\"a-unordered-list a-vertical\">\n<li><span class=\"a-list-item\">Luchas con depresi\u00f3n, ansiedad, o cualquier desaf\u00edo de salud mental<\/span><\/li>\n<li><span class=\"a-list-item\">Quieres ayudar a un ser querido que sufre<\/span><\/li>\n<li><span class=\"a-list-item\">Eres l\u00edder de iglesia y deseas ministrar con compasi\u00f3n y conocimiento<\/span><\/li>\n<li><span class=\"a-list-item\">Necesitas saber que la fe y el tratamiento profesional pueden coexistir<\/span><\/li>\n<\/ul>\n<p><span class=\"a-text-italic\">&#8220;Tu diagn\u00f3stico no te define. Tu historia no ha terminado. Y en Cristo, es posible vivir una vida plena y abundante a pesar de un desaf\u00edo de salud mental.&#8221;<\/span><br \/>\n<span class=\"a-text-bold\">Samantha Karra\u00e1<\/span>\u00a0es Directora de Fresh Hope Espa\u00f1ol, Especialista Certificada en Apoyo Mutuo en Salud Mental por Liberty University, y conferencista internacional con m\u00e1s de 25 a\u00f1os de experiencia ministerial. Su trabajo ha alcanzado a miles de personas en m\u00e1s de 35 pa\u00edses.<\/p>\n<p>Pr\u00f3logo por Sixto Porras de Enfoque a la Familia<\/p>","protected":false},"excerpt":{"rendered":"<p data-start=\"73\" data-end=\"480\">En \u201cRedenci\u00f3n para la Depresi\u00f3n\u201d, Samantha comparte su traves\u00eda desde la crisis hasta la restauraci\u00f3n, ofreciendo un marco b\u00edblico integral basado en Lucas 2:52, junto con 12 herramientas pr\u00e1cticas probadas por miles de personas alrededor del mundo. Este no es un libro de respuestas f\u00e1ciles. Es una gu\u00eda honesta que integra fe y ciencia, tratamiento m\u00e9dico y comunidad, teolog\u00eda s\u00f3lida y pasos concretos.<\/p>\n<p data-start=\"487\" data-end=\"669\">Ya sea que vivas con un diagn\u00f3stico de salud mental, ames a alguien que lo tiene, o sirvas en el ministerio, este libro te equipar\u00e1 con esperanza real y herramientas que funcionan.<\/p>\n<p data-start=\"676\" data-end=\"947\">\u201cEscucharte compartir tu testimonio con tanta transparencia ha sido profundamente inspirador y ha llevado esperanza a muchas personas. Me alegra ver que has plasmado en este libro tu experiencia y el proceso que hoy est\u00e1 guiando a miles a encontrar respuestas en Dios.\u201d<\/p>\n<p data-start=\"954\" data-end=\"1006\" data-is-last-node=\"\">\u2014 <strong data-start=\"956\" data-end=\"1006\" data-is-last-node=\"\">Sixto Porras, Director de Enfoque a la Familia<\/strong><\/p>","protected":false},"featured_media":18513,"comment_status":"open","ping_status":"closed","template":"","meta":{"_acf_changed":false,"_mi_skip_tracking":false,"jetpack_post_was_ever_published":false,"jetpack_publicize_message":"","jetpack_publicize_feature_enabled":true,"jetpack_social_post_already_shared":true,"jetpack_social_options":{"image_generator_settings":{"template":"highway","default_image_id":0,"font":"","enabled":false},"version":2}},"product_brand":[],"product_cat":[926],"product_tag":[],"class_list":{"0":"post-18511","1":"product","2":"type-product","3":"status-publish","4":"has-post-thumbnail","6":"product_cat-resources-in-spanish","8":"first","9":"instock","10":"shipping-taxable","11":"product-type-external"},"acf":[],"yoast_head":"<!-- This site is optimized with the Yoast SEO Premium plugin v18.1 (Yoast SEO v27.4) - https:\/\/yoast.com\/product\/yoast-seo-premium-wordpress\/ -->\n<title>Redenci\u00f3n para la Depresi\u00f3n - Fresh Hope for Mental Health<\/title>\n<meta name=\"robots\" content=\"index, follow, max-snippet:-1, max-image-preview:large, max-video-preview:-1\" \/>\n<link rel=\"canonical\" href=\"https:\/\/freshhope.us\/es\/producto\/redencion-para-la-depresion\/\" \/>\n<meta property=\"og:locale\" content=\"es_MX\" \/>\n<meta property=\"og:type\" content=\"article\" \/>\n<meta property=\"og:title\" content=\"Redenci\u00f3n para la Depresi\u00f3n\" \/>\n<meta property=\"og:description\" content=\"En \u201cRedenci\u00f3n para la Depresi\u00f3n\u201d, Samantha comparte su traves\u00eda desde la crisis hasta la restauraci\u00f3n, ofreciendo un marco b\u00edblico integral basado en Lucas 2:52, junto con 12 herramientas pr\u00e1cticas probadas por miles de personas alrededor del mundo. Este no es un libro de respuestas f\u00e1ciles. Es una gu\u00eda honesta que integra fe y ciencia, tratamiento m\u00e9dico y comunidad, teolog\u00eda s\u00f3lida y pasos concretos. Ya sea que vivas con un diagn\u00f3stico de salud mental, ames a alguien que lo tiene, o sirvas en el ministerio, este libro te equipar\u00e1 con esperanza real y herramientas que funcionan. \u201cEscucharte compartir tu testimonio con tanta transparencia ha sido profundamente inspirador y ha llevado esperanza a muchas personas. Me alegra ver que has plasmado en este libro tu experiencia y el proceso que hoy est\u00e1 guiando a miles a encontrar respuestas en Dios.\u201d \u2014 Sixto Porras, Director de Enfoque a la Familia\" \/>\n<meta property=\"og:url\" content=\"https:\/\/freshhope.us\/es\/producto\/redencion-para-la-depresion\/\" \/>\n<meta property=\"og:site_name\" content=\"Fresh Hope for Mental Health\" \/>\n<meta property=\"article:modified_time\" content=\"2026-01-19T02:20:34+00:00\" \/>\n<meta property=\"og:image\" content=\"https:\/\/freshhope.us\/wp-content\/uploads\/2026\/01\/WhatsApp-Image-2025-12-04-at-8.21.25-AM.jpeg\" \/>\n\t<meta property=\"og:image:width\" content=\"654\" \/>\n\t<meta property=\"og:image:height\" content=\"847\" \/>\n\t<meta property=\"og:image:type\" content=\"image\/jpeg\" \/>\n<meta name=\"twitter:label1\" content=\"Tiempo de lectura\" \/>\n\t<meta name=\"twitter:data1\" content=\"2 minutos\" \/>\n<script type=\"application\/ld+json\" class=\"yoast-schema-graph\">{\"@context\":\"https:\\\/\\\/schema.org\",\"@graph\":[{\"@type\":\"WebPage\",\"@id\":\"https:\\\/\\\/freshhope.us\\\/product\\\/redencion-para-la-depresion\\\/\",\"url\":\"https:\\\/\\\/freshhope.us\\\/product\\\/redencion-para-la-depresion\\\/\",\"name\":\"Redenci\u00f3n para la Depresi\u00f3n - Fresh Hope for Mental Health\",\"isPartOf\":{\"@id\":\"https:\\\/\\\/freshhope.us\\\/#website\"},\"primaryImageOfPage\":{\"@id\":\"https:\\\/\\\/freshhope.us\\\/product\\\/redencion-para-la-depresion\\\/#primaryimage\"},\"image\":{\"@id\":\"https:\\\/\\\/freshhope.us\\\/product\\\/redencion-para-la-depresion\\\/#primaryimage\"},\"thumbnailUrl\":\"https:\\\/\\\/freshhope.us\\\/wp-content\\\/uploads\\\/2026\\\/01\\\/WhatsApp-Image-2025-12-04-at-8.21.25-AM.jpeg\",\"datePublished\":\"2026-01-19T02:19:26+00:00\",\"dateModified\":\"2026-01-19T02:20:34+00:00\",\"breadcrumb\":{\"@id\":\"https:\\\/\\\/freshhope.us\\\/product\\\/redencion-para-la-depresion\\\/#breadcrumb\"},\"inLanguage\":\"es\",\"potentialAction\":[{\"@type\":\"ReadAction\",\"target\":[\"https:\\\/\\\/freshhope.us\\\/product\\\/redencion-para-la-depresion\\\/\"]}]},{\"@type\":\"ImageObject\",\"inLanguage\":\"es\",\"@id\":\"https:\\\/\\\/freshhope.us\\\/product\\\/redencion-para-la-depresion\\\/#primaryimage\",\"url\":\"https:\\\/\\\/freshhope.us\\\/wp-content\\\/uploads\\\/2026\\\/01\\\/WhatsApp-Image-2025-12-04-at-8.21.25-AM.jpeg\",\"contentUrl\":\"https:\\\/\\\/freshhope.us\\\/wp-content\\\/uploads\\\/2026\\\/01\\\/WhatsApp-Image-2025-12-04-at-8.21.25-AM.jpeg\",\"width\":654,\"height\":847},{\"@type\":\"BreadcrumbList\",\"@id\":\"https:\\\/\\\/freshhope.us\\\/product\\\/redencion-para-la-depresion\\\/#breadcrumb\",\"itemListElement\":[{\"@type\":\"ListItem\",\"position\":1,\"name\":\"Shop\",\"item\":\"https:\\\/\\\/freshhope.us\\\/shop\\\/\"},{\"@type\":\"ListItem\",\"position\":2,\"name\":\"Redenci\u00f3n para la Depresi\u00f3n\"}]},{\"@type\":\"WebSite\",\"@id\":\"https:\\\/\\\/freshhope.us\\\/#website\",\"url\":\"https:\\\/\\\/freshhope.us\\\/\",\"name\":\"Fresh Hope for Mental Health\",\"description\":\"Empowering Those with a Mental Health Challenge Along with Their Loved Ones to Live Full, Rich and Hope-filled Lives\",\"publisher\":{\"@id\":\"https:\\\/\\\/freshhope.us\\\/#organization\"},\"potentialAction\":[{\"@type\":\"SearchAction\",\"target\":{\"@type\":\"EntryPoint\",\"urlTemplate\":\"https:\\\/\\\/freshhope.us\\\/?s={search_term_string}\"},\"query-input\":{\"@type\":\"PropertyValueSpecification\",\"valueRequired\":true,\"valueName\":\"search_term_string\"}}],\"inLanguage\":\"es\"},{\"@type\":\"Organization\",\"@id\":\"https:\\\/\\\/freshhope.us\\\/#organization\",\"name\":\"Fresh Hope for Mental Health\",\"url\":\"https:\\\/\\\/freshhope.us\\\/\",\"logo\":{\"@type\":\"ImageObject\",\"inLanguage\":\"es\",\"@id\":\"https:\\\/\\\/freshhope.us\\\/#\\\/schema\\\/logo\\\/image\\\/\",\"url\":\"https:\\\/\\\/freshhope.us\\\/wp-content\\\/uploads\\\/2020\\\/02\\\/Fresh-Hope-for-Mental-Health-Logo.png\",\"contentUrl\":\"https:\\\/\\\/freshhope.us\\\/wp-content\\\/uploads\\\/2020\\\/02\\\/Fresh-Hope-for-Mental-Health-Logo.png\",\"width\":1013,\"height\":531,\"caption\":\"Fresh Hope for Mental Health\"},\"image\":{\"@id\":\"https:\\\/\\\/freshhope.us\\\/#\\\/schema\\\/logo\\\/image\\\/\"}}]}<\/script>\n<!-- \/ Yoast SEO Premium plugin. -->","yoast_head_json":{"title":"Redenci\u00f3n para la Depresi\u00f3n - Fresh Hope for Mental Health","robots":{"index":"index","follow":"follow","max-snippet":"max-snippet:-1","max-image-preview":"max-image-preview:large","max-video-preview":"max-video-preview:-1"},"canonical":"https:\/\/freshhope.us\/es\/producto\/redencion-para-la-depresion\/","og_locale":"es_MX","og_type":"article","og_title":"Redenci\u00f3n para la Depresi\u00f3n","og_description":"En \u201cRedenci\u00f3n para la Depresi\u00f3n\u201d, Samantha comparte su traves\u00eda desde la crisis hasta la restauraci\u00f3n, ofreciendo un marco b\u00edblico integral basado en Lucas 2:52, junto con 12 herramientas pr\u00e1cticas probadas por miles de personas alrededor del mundo. Este no es un libro de respuestas f\u00e1ciles. Es una gu\u00eda honesta que integra fe y ciencia, tratamiento m\u00e9dico y comunidad, teolog\u00eda s\u00f3lida y pasos concretos. Ya sea que vivas con un diagn\u00f3stico de salud mental, ames a alguien que lo tiene, o sirvas en el ministerio, este libro te equipar\u00e1 con esperanza real y herramientas que funcionan. \u201cEscucharte compartir tu testimonio con tanta transparencia ha sido profundamente inspirador y ha llevado esperanza a muchas personas. Me alegra ver que has plasmado en este libro tu experiencia y el proceso que hoy est\u00e1 guiando a miles a encontrar respuestas en Dios.\u201d \u2014 Sixto Porras, Director de Enfoque a la Familia","og_url":"https:\/\/freshhope.us\/es\/producto\/redencion-para-la-depresion\/","og_site_name":"Fresh Hope for Mental Health","article_modified_time":"2026-01-19T02:20:34+00:00","og_image":[{"width":654,"height":847,"url":"https:\/\/freshhope.us\/wp-content\/uploads\/2026\/01\/WhatsApp-Image-2025-12-04-at-8.21.25-AM.jpeg","type":"image\/jpeg"}],"twitter_misc":{"Tiempo de lectura":"2 minutos"},"schema":{"@context":"https:\/\/schema.org","@graph":[{"@type":"WebPage","@id":"https:\/\/freshhope.us\/product\/redencion-para-la-depresion\/","url":"https:\/\/freshhope.us\/product\/redencion-para-la-depresion\/","name":"Redenci\u00f3n para la Depresi\u00f3n - Fresh Hope for Mental Health","isPartOf":{"@id":"https:\/\/freshhope.us\/#website"},"primaryImageOfPage":{"@id":"https:\/\/freshhope.us\/product\/redencion-para-la-depresion\/#primaryimage"},"image":{"@id":"https:\/\/freshhope.us\/product\/redencion-para-la-depresion\/#primaryimage"},"thumbnailUrl":"https:\/\/freshhope.us\/wp-content\/uploads\/2026\/01\/WhatsApp-Image-2025-12-04-at-8.21.25-AM.jpeg","datePublished":"2026-01-19T02:19:26+00:00","dateModified":"2026-01-19T02:20:34+00:00","breadcrumb":{"@id":"https:\/\/freshhope.us\/product\/redencion-para-la-depresion\/#breadcrumb"},"inLanguage":"es","potentialAction":[{"@type":"ReadAction","target":["https:\/\/freshhope.us\/product\/redencion-para-la-depresion\/"]}]},{"@type":"ImageObject","inLanguage":"es","@id":"https:\/\/freshhope.us\/product\/redencion-para-la-depresion\/#primaryimage","url":"https:\/\/freshhope.us\/wp-content\/uploads\/2026\/01\/WhatsApp-Image-2025-12-04-at-8.21.25-AM.jpeg","contentUrl":"https:\/\/freshhope.us\/wp-content\/uploads\/2026\/01\/WhatsApp-Image-2025-12-04-at-8.21.25-AM.jpeg","width":654,"height":847},{"@type":"BreadcrumbList","@id":"https:\/\/freshhope.us\/product\/redencion-para-la-depresion\/#breadcrumb","itemListElement":[{"@type":"ListItem","position":1,"name":"Shop","item":"https:\/\/freshhope.us\/shop\/"},{"@type":"ListItem","position":2,"name":"Redenci\u00f3n para la Depresi\u00f3n"}]},{"@type":"WebSite","@id":"https:\/\/freshhope.us\/#website","url":"https:\/\/freshhope.us\/","name":"Fresh Hope para la Salud Mental","description":"Ayudar a las personas con problemas de salud mental y a sus seres queridos a vivir vidas plenas, enriquecedoras y llenas de esperanza.","publisher":{"@id":"https:\/\/freshhope.us\/#organization"},"potentialAction":[{"@type":"SearchAction","target":{"@type":"EntryPoint","urlTemplate":"https:\/\/freshhope.us\/?s={search_term_string}"},"query-input":{"@type":"PropertyValueSpecification","valueRequired":true,"valueName":"search_term_string"}}],"inLanguage":"es"},{"@type":"Organization","@id":"https:\/\/freshhope.us\/#organization","name":"Fresh Hope para la Salud Mental","url":"https:\/\/freshhope.us\/","logo":{"@type":"ImageObject","inLanguage":"es","@id":"https:\/\/freshhope.us\/#\/schema\/logo\/image\/","url":"https:\/\/freshhope.us\/wp-content\/uploads\/2020\/02\/Fresh-Hope-for-Mental-Health-Logo.png","contentUrl":"https:\/\/freshhope.us\/wp-content\/uploads\/2020\/02\/Fresh-Hope-for-Mental-Health-Logo.png","width":1013,"height":531,"caption":"Fresh Hope for Mental Health"},"image":{"@id":"https:\/\/freshhope.us\/#\/schema\/logo\/image\/"}}]}},"jetpack_publicize_connections":[],"jetpack_sharing_enabled":true,"_links":{"self":[{"href":"https:\/\/freshhope.us\/es\/wp-json\/wp\/v2\/product\/18511","targetHints":{"allow":["GET"]}}],"collection":[{"href":"https:\/\/freshhope.us\/es\/wp-json\/wp\/v2\/product"}],"about":[{"href":"https:\/\/freshhope.us\/es\/wp-json\/wp\/v2\/types\/product"}],"replies":[{"embeddable":true,"href":"https:\/\/freshhope.us\/es\/wp-json\/wp\/v2\/comments?post=18511"}],"version-history":[{"count":0,"href":"https:\/\/freshhope.us\/es\/wp-json\/wp\/v2\/product\/18511\/revisions"}],"wp:featuredmedia":[{"embeddable":true,"href":"https:\/\/freshhope.us\/es\/wp-json\/wp\/v2\/media\/18513"}],"wp:attachment":[{"href":"https:\/\/freshhope.us\/es\/wp-json\/wp\/v2\/media?parent=18511"}],"wp:term":[{"taxonomy":"product_brand","embeddable":true,"href":"https:\/\/freshhope.us\/es\/wp-json\/wp\/v2\/product_brand?post=18511"},{"taxonomy":"product_cat","embeddable":true,"href":"https:\/\/freshhope.us\/es\/wp-json\/wp\/v2\/product_cat?post=18511"},{"taxonomy":"product_tag","embeddable":true,"href":"https:\/\/freshhope.us\/es\/wp-json\/wp\/v2\/product_tag?post=18511"}],"curies":[{"name":"wp","href":"https:\/\/api.w.org\/{rel}","templated":true}]}}