{"id":18383,"date":"2025-11-01T22:56:51","date_gmt":"2025-11-02T03:56:51","guid":{"rendered":"https:\/\/freshhope.us\/?post_type=product&#038;p=18383"},"modified":"2026-03-31T23:06:53","modified_gmt":"2026-04-01T04:06:53","slug":"refocusing-widows-adaptandose-a-una-nueva-temporada-guia-de-la-facilitadora","status":"publish","type":"product","link":"https:\/\/freshhope.us\/es\/producto\/refocusing-widows-adaptandose-a-una-nueva-temporada-guia-de-la-facilitadora\/","title":{"rendered":"Refocusing Widows &#8211; Adapt\u00e1ndose a una Nueva Temporada (Gu\u00eda de la facilitadora) &#8211; Versi\u00f3n Digital"},"content":{"rendered":"<p>\u00a1Estamos encantados de que hayas decidido unirte a nosotros! En Refocusing Widows, entendemos que perder a un c\u00f3nyuge es una experiencia profunda que cambia la vida. Por eso, estamos aqu\u00ed para apoyarte en tu proceso de duelo, ayud\u00e1ndote a aceptar tu p\u00e9rdida, a descubrir una nueva identidad y a empoderarte para que puedas forjar un nuevo camino lleno de crecimiento personal y logros. Creemos en tu fuerza, en tu resiliencia y en el incre\u00edble potencial que hay en ti para transformar no solo tu propia vida, sino tambi\u00e9n el mundo que te rodea.<\/p>\n<p>Nuestro enfoque tiene tres vertientes: aceptar, descubrir y empoderar. Le ayudamos a hacerlo en el contexto de grupos de apoyo entre pares. Le ayudamos a aceptar su dolor proporcion\u00e1ndole un entorno seguro y acogedor en el que pueda expresar abiertamente sus sentimientos y encontrar consuelo al saber que no est\u00e1 solo. Nuestra comunidad de apoyo y nuestros recursos est\u00e1n dise\u00f1ados para ayudarle a navegar por las complejidades del duelo, permiti\u00e9ndole honrar sus emociones mientras le guiamos suavemente hacia la curaci\u00f3n.<\/p>\n<p>Refocusing Widows es m\u00e1s que un simple grupo de apoyo: es un movimiento. Te invitamos a formar parte de nuestra comunidad solidaria, donde encontrar\u00e1s comprensi\u00f3n, motivaci\u00f3n y los recursos que necesitas para prosperar. Juntos, aceptaremos nuestras p\u00e9rdidas, descubriremos nuestras fortalezas y nos empoderaremos mutuamente para crear un futuro m\u00e1s brillante.<\/p>","protected":false},"excerpt":{"rendered":"<p>Refocusing Widows est\u00e1 dise\u00f1ado para ayudar a las viudas a navegar tanto el proceso de duelo como los numerosos y particulares desaf\u00edos que enfrentan tras el trauma de perder a su esposo. Se basa en el modelo de un caleidoscopio: un hermoso dise\u00f1o que de repente pierde el foco y cambia nuevamente para revelar otro hermoso dise\u00f1o, pero singularmente diferente. Las viudas deben eventualmente aceptar el duelo y aprender a avanzar hacia la siguiente etapa con confianza.<\/p>\n<p>En estos grupos liderados por viudas como ustedes, discutiremos algunos de estos problemas particulares y utilizaremos varias actividades y herramientas para ayudar a las viudas no s\u00f3lo a procesar su duelo, sino tambi\u00e9n a crecer personalmente.<\/p>\n<p>Exploraremos formas de descubrir su nueva misi\u00f3n personal y un camino hacia una vida llena de fe y esperanza donde puedan prosperar a pesar de la p\u00e9rdida. Aprenderemos juntas c\u00f3mo pasar de Sobrevivir a Prosperar descubriendo qui\u00e9nes fuimos creadas para ser en esta etapa de la vida<\/p>","protected":false},"featured_media":18385,"comment_status":"open","ping_status":"closed","template":"","meta":{"_acf_changed":false,"_mi_skip_tracking":false,"jetpack_post_was_ever_published":false,"jetpack_publicize_message":"","jetpack_publicize_feature_enabled":true,"jetpack_social_post_already_shared":true,"jetpack_social_options":{"image_generator_settings":{"template":"highway","default_image_id":0,"font":"","enabled":false},"version":2}},"product_brand":[],"product_cat":[926,959],"product_tag":[],"class_list":{"0":"post-18383","1":"product","2":"type-product","3":"status-publish","4":"has-post-thumbnail","6":"product_cat-resources-in-spanish","7":"product_cat-short-term-courses","9":"first","10":"instock","11":"downloadable","12":"virtual","13":"purchasable","14":"product-type-simple"},"acf":[],"yoast_head":"<!-- This site is optimized with the Yoast SEO Premium plugin v18.1 (Yoast SEO v27.3) - https:\/\/yoast.com\/product\/yoast-seo-premium-wordpress\/ -->\n<title>Refocusing Widows - Adapt\u00e1ndose a una Nueva Temporada (Gu\u00eda de la facilitadora) - Versi\u00f3n Digital - Fresh Hope for Mental Health<\/title>\n<meta name=\"robots\" content=\"index, follow, max-snippet:-1, max-image-preview:large, max-video-preview:-1\" \/>\n<link rel=\"canonical\" href=\"https:\/\/freshhope.us\/es\/producto\/refocusing-widows-adaptandose-a-una-nueva-temporada-guia-de-la-facilitadora\/\" \/>\n<meta property=\"og:locale\" content=\"es_MX\" \/>\n<meta property=\"og:type\" content=\"article\" \/>\n<meta property=\"og:title\" content=\"Refocusing Widows - Adapt\u00e1ndose a una Nueva Temporada (Gu\u00eda de la facilitadora) - Versi\u00f3n Digital\" \/>\n<meta property=\"og:description\" content=\"Refocusing Widows est\u00e1 dise\u00f1ado para ayudar a las viudas a navegar tanto el proceso de duelo como los numerosos y particulares desaf\u00edos que enfrentan tras el trauma de perder a su esposo. Se basa en el modelo de un caleidoscopio: un hermoso dise\u00f1o que de repente pierde el foco y cambia nuevamente para revelar otro hermoso dise\u00f1o, pero singularmente diferente. Las viudas deben eventualmente aceptar el duelo y aprender a avanzar hacia la siguiente etapa con confianza.  En estos grupos liderados por viudas como ustedes, discutiremos algunos de estos problemas particulares y utilizaremos varias actividades y herramientas para ayudar a las viudas no s\u00f3lo a procesar su duelo, sino tambi\u00e9n a crecer personalmente.  Exploraremos formas de descubrir su nueva misi\u00f3n personal y un camino hacia una vida llena de fe y esperanza donde puedan prosperar a pesar de la p\u00e9rdida. Aprenderemos juntas c\u00f3mo pasar de Sobrevivir a Prosperar descubriendo qui\u00e9nes fuimos creadas para ser en esta etapa de la vida\" \/>\n<meta property=\"og:url\" content=\"https:\/\/freshhope.us\/es\/producto\/refocusing-widows-adaptandose-a-una-nueva-temporada-guia-de-la-facilitadora\/\" \/>\n<meta property=\"og:site_name\" content=\"Fresh Hope for Mental Health\" \/>\n<meta property=\"article:modified_time\" content=\"2026-04-01T04:06:53+00:00\" \/>\n<meta property=\"og:image\" content=\"https:\/\/freshhope.us\/wp-content\/uploads\/2025\/11\/RW.png\" \/>\n\t<meta property=\"og:image:width\" content=\"768\" \/>\n\t<meta property=\"og:image:height\" content=\"999\" \/>\n\t<meta property=\"og:image:type\" content=\"image\/png\" \/>\n<meta name=\"twitter:label1\" content=\"Tiempo de lectura\" \/>\n\t<meta name=\"twitter:data1\" content=\"2 minutos\" \/>\n<script type=\"application\/ld+json\" class=\"yoast-schema-graph\">{\"@context\":\"https:\\\/\\\/schema.org\",\"@graph\":[{\"@type\":\"WebPage\",\"@id\":\"https:\\\/\\\/freshhope.us\\\/product\\\/refocusing-widows-adaptandose-a-una-nueva-temporada-guia-de-la-facilitadora\\\/\",\"url\":\"https:\\\/\\\/freshhope.us\\\/product\\\/refocusing-widows-adaptandose-a-una-nueva-temporada-guia-de-la-facilitadora\\\/\",\"name\":\"Refocusing Widows - Adapt\u00e1ndose a una Nueva Temporada (Gu\u00eda de la facilitadora) - Versi\u00f3n Digital - Fresh Hope for Mental Health\",\"isPartOf\":{\"@id\":\"https:\\\/\\\/freshhope.us\\\/#website\"},\"primaryImageOfPage\":{\"@id\":\"https:\\\/\\\/freshhope.us\\\/product\\\/refocusing-widows-adaptandose-a-una-nueva-temporada-guia-de-la-facilitadora\\\/#primaryimage\"},\"image\":{\"@id\":\"https:\\\/\\\/freshhope.us\\\/product\\\/refocusing-widows-adaptandose-a-una-nueva-temporada-guia-de-la-facilitadora\\\/#primaryimage\"},\"thumbnailUrl\":\"https:\\\/\\\/freshhope.us\\\/wp-content\\\/uploads\\\/2025\\\/11\\\/RW.png\",\"datePublished\":\"2025-11-02T03:56:51+00:00\",\"dateModified\":\"2026-04-01T04:06:53+00:00\",\"breadcrumb\":{\"@id\":\"https:\\\/\\\/freshhope.us\\\/product\\\/refocusing-widows-adaptandose-a-una-nueva-temporada-guia-de-la-facilitadora\\\/#breadcrumb\"},\"inLanguage\":\"es\",\"potentialAction\":[{\"@type\":\"ReadAction\",\"target\":[\"https:\\\/\\\/freshhope.us\\\/product\\\/refocusing-widows-adaptandose-a-una-nueva-temporada-guia-de-la-facilitadora\\\/\"]}]},{\"@type\":\"ImageObject\",\"inLanguage\":\"es\",\"@id\":\"https:\\\/\\\/freshhope.us\\\/product\\\/refocusing-widows-adaptandose-a-una-nueva-temporada-guia-de-la-facilitadora\\\/#primaryimage\",\"url\":\"https:\\\/\\\/freshhope.us\\\/wp-content\\\/uploads\\\/2025\\\/11\\\/RW.png\",\"contentUrl\":\"https:\\\/\\\/freshhope.us\\\/wp-content\\\/uploads\\\/2025\\\/11\\\/RW.png\",\"width\":768,\"height\":999},{\"@type\":\"BreadcrumbList\",\"@id\":\"https:\\\/\\\/freshhope.us\\\/product\\\/refocusing-widows-adaptandose-a-una-nueva-temporada-guia-de-la-facilitadora\\\/#breadcrumb\",\"itemListElement\":[{\"@type\":\"ListItem\",\"position\":1,\"name\":\"Shop\",\"item\":\"https:\\\/\\\/freshhope.us\\\/shop\\\/\"},{\"@type\":\"ListItem\",\"position\":2,\"name\":\"Refocusing Widows &#8211; Adapt\u00e1ndose a una Nueva Temporada (Gu\u00eda de la facilitadora) &#8211; Versi\u00f3n Digital\"}]},{\"@type\":\"WebSite\",\"@id\":\"https:\\\/\\\/freshhope.us\\\/#website\",\"url\":\"https:\\\/\\\/freshhope.us\\\/\",\"name\":\"Fresh Hope for Mental Health\",\"description\":\"Empowering Those with a Mental Health Challenge Along with Their Loved Ones to Live Full, Rich and Hope-filled Lives\",\"publisher\":{\"@id\":\"https:\\\/\\\/freshhope.us\\\/#organization\"},\"potentialAction\":[{\"@type\":\"SearchAction\",\"target\":{\"@type\":\"EntryPoint\",\"urlTemplate\":\"https:\\\/\\\/freshhope.us\\\/?s={search_term_string}\"},\"query-input\":{\"@type\":\"PropertyValueSpecification\",\"valueRequired\":true,\"valueName\":\"search_term_string\"}}],\"inLanguage\":\"es\"},{\"@type\":\"Organization\",\"@id\":\"https:\\\/\\\/freshhope.us\\\/#organization\",\"name\":\"Fresh Hope for Mental Health\",\"url\":\"https:\\\/\\\/freshhope.us\\\/\",\"logo\":{\"@type\":\"ImageObject\",\"inLanguage\":\"es\",\"@id\":\"https:\\\/\\\/freshhope.us\\\/#\\\/schema\\\/logo\\\/image\\\/\",\"url\":\"https:\\\/\\\/freshhope.us\\\/wp-content\\\/uploads\\\/2020\\\/02\\\/Fresh-Hope-for-Mental-Health-Logo.png\",\"contentUrl\":\"https:\\\/\\\/freshhope.us\\\/wp-content\\\/uploads\\\/2020\\\/02\\\/Fresh-Hope-for-Mental-Health-Logo.png\",\"width\":1013,\"height\":531,\"caption\":\"Fresh Hope for Mental Health\"},\"image\":{\"@id\":\"https:\\\/\\\/freshhope.us\\\/#\\\/schema\\\/logo\\\/image\\\/\"}}]}<\/script>\n<!-- \/ Yoast SEO Premium plugin. -->","yoast_head_json":{"title":"Refocusing Widows - Adapt\u00e1ndose a una Nueva Temporada (Gu\u00eda de la facilitadora) - Versi\u00f3n Digital - Fresh Hope for Mental Health","robots":{"index":"index","follow":"follow","max-snippet":"max-snippet:-1","max-image-preview":"max-image-preview:large","max-video-preview":"max-video-preview:-1"},"canonical":"https:\/\/freshhope.us\/es\/producto\/refocusing-widows-adaptandose-a-una-nueva-temporada-guia-de-la-facilitadora\/","og_locale":"es_MX","og_type":"article","og_title":"Refocusing Widows - Adapt\u00e1ndose a una Nueva Temporada (Gu\u00eda de la facilitadora) - Versi\u00f3n Digital","og_description":"Refocusing Widows est\u00e1 dise\u00f1ado para ayudar a las viudas a navegar tanto el proceso de duelo como los numerosos y particulares desaf\u00edos que enfrentan tras el trauma de perder a su esposo. Se basa en el modelo de un caleidoscopio: un hermoso dise\u00f1o que de repente pierde el foco y cambia nuevamente para revelar otro hermoso dise\u00f1o, pero singularmente diferente. Las viudas deben eventualmente aceptar el duelo y aprender a avanzar hacia la siguiente etapa con confianza.  En estos grupos liderados por viudas como ustedes, discutiremos algunos de estos problemas particulares y utilizaremos varias actividades y herramientas para ayudar a las viudas no s\u00f3lo a procesar su duelo, sino tambi\u00e9n a crecer personalmente.  Exploraremos formas de descubrir su nueva misi\u00f3n personal y un camino hacia una vida llena de fe y esperanza donde puedan prosperar a pesar de la p\u00e9rdida. Aprenderemos juntas c\u00f3mo pasar de Sobrevivir a Prosperar descubriendo qui\u00e9nes fuimos creadas para ser en esta etapa de la vida","og_url":"https:\/\/freshhope.us\/es\/producto\/refocusing-widows-adaptandose-a-una-nueva-temporada-guia-de-la-facilitadora\/","og_site_name":"Fresh Hope for Mental Health","article_modified_time":"2026-04-01T04:06:53+00:00","og_image":[{"width":768,"height":999,"url":"https:\/\/freshhope.us\/wp-content\/uploads\/2025\/11\/RW.png","type":"image\/png"}],"twitter_misc":{"Tiempo de lectura":"2 minutos"},"schema":{"@context":"https:\/\/schema.org","@graph":[{"@type":"WebPage","@id":"https:\/\/freshhope.us\/product\/refocusing-widows-adaptandose-a-una-nueva-temporada-guia-de-la-facilitadora\/","url":"https:\/\/freshhope.us\/product\/refocusing-widows-adaptandose-a-una-nueva-temporada-guia-de-la-facilitadora\/","name":"Refocusing Widows - Adapt\u00e1ndose a una Nueva Temporada (Gu\u00eda de la facilitadora) - Versi\u00f3n Digital - Fresh Hope for Mental Health","isPartOf":{"@id":"https:\/\/freshhope.us\/#website"},"primaryImageOfPage":{"@id":"https:\/\/freshhope.us\/product\/refocusing-widows-adaptandose-a-una-nueva-temporada-guia-de-la-facilitadora\/#primaryimage"},"image":{"@id":"https:\/\/freshhope.us\/product\/refocusing-widows-adaptandose-a-una-nueva-temporada-guia-de-la-facilitadora\/#primaryimage"},"thumbnailUrl":"https:\/\/freshhope.us\/wp-content\/uploads\/2025\/11\/RW.png","datePublished":"2025-11-02T03:56:51+00:00","dateModified":"2026-04-01T04:06:53+00:00","breadcrumb":{"@id":"https:\/\/freshhope.us\/product\/refocusing-widows-adaptandose-a-una-nueva-temporada-guia-de-la-facilitadora\/#breadcrumb"},"inLanguage":"es","potentialAction":[{"@type":"ReadAction","target":["https:\/\/freshhope.us\/product\/refocusing-widows-adaptandose-a-una-nueva-temporada-guia-de-la-facilitadora\/"]}]},{"@type":"ImageObject","inLanguage":"es","@id":"https:\/\/freshhope.us\/product\/refocusing-widows-adaptandose-a-una-nueva-temporada-guia-de-la-facilitadora\/#primaryimage","url":"https:\/\/freshhope.us\/wp-content\/uploads\/2025\/11\/RW.png","contentUrl":"https:\/\/freshhope.us\/wp-content\/uploads\/2025\/11\/RW.png","width":768,"height":999},{"@type":"BreadcrumbList","@id":"https:\/\/freshhope.us\/product\/refocusing-widows-adaptandose-a-una-nueva-temporada-guia-de-la-facilitadora\/#breadcrumb","itemListElement":[{"@type":"ListItem","position":1,"name":"Shop","item":"https:\/\/freshhope.us\/shop\/"},{"@type":"ListItem","position":2,"name":"Refocusing Widows &#8211; Adapt\u00e1ndose a una Nueva Temporada (Gu\u00eda de la facilitadora) &#8211; Versi\u00f3n Digital"}]},{"@type":"WebSite","@id":"https:\/\/freshhope.us\/#website","url":"https:\/\/freshhope.us\/","name":"Fresh Hope para la Salud Mental","description":"Ayudar a las personas con problemas de salud mental y a sus seres queridos a vivir vidas plenas, enriquecedoras y llenas de esperanza.","publisher":{"@id":"https:\/\/freshhope.us\/#organization"},"potentialAction":[{"@type":"SearchAction","target":{"@type":"EntryPoint","urlTemplate":"https:\/\/freshhope.us\/?s={search_term_string}"},"query-input":{"@type":"PropertyValueSpecification","valueRequired":true,"valueName":"search_term_string"}}],"inLanguage":"es"},{"@type":"Organization","@id":"https:\/\/freshhope.us\/#organization","name":"Fresh Hope para la Salud Mental","url":"https:\/\/freshhope.us\/","logo":{"@type":"ImageObject","inLanguage":"es","@id":"https:\/\/freshhope.us\/#\/schema\/logo\/image\/","url":"https:\/\/freshhope.us\/wp-content\/uploads\/2020\/02\/Fresh-Hope-for-Mental-Health-Logo.png","contentUrl":"https:\/\/freshhope.us\/wp-content\/uploads\/2020\/02\/Fresh-Hope-for-Mental-Health-Logo.png","width":1013,"height":531,"caption":"Fresh Hope for Mental Health"},"image":{"@id":"https:\/\/freshhope.us\/#\/schema\/logo\/image\/"}}]}},"jetpack_publicize_connections":[],"jetpack_sharing_enabled":true,"_links":{"self":[{"href":"https:\/\/freshhope.us\/es\/wp-json\/wp\/v2\/product\/18383","targetHints":{"allow":["GET"]}}],"collection":[{"href":"https:\/\/freshhope.us\/es\/wp-json\/wp\/v2\/product"}],"about":[{"href":"https:\/\/freshhope.us\/es\/wp-json\/wp\/v2\/types\/product"}],"replies":[{"embeddable":true,"href":"https:\/\/freshhope.us\/es\/wp-json\/wp\/v2\/comments?post=18383"}],"version-history":[{"count":0,"href":"https:\/\/freshhope.us\/es\/wp-json\/wp\/v2\/product\/18383\/revisions"}],"wp:featuredmedia":[{"embeddable":true,"href":"https:\/\/freshhope.us\/es\/wp-json\/wp\/v2\/media\/18385"}],"wp:attachment":[{"href":"https:\/\/freshhope.us\/es\/wp-json\/wp\/v2\/media?parent=18383"}],"wp:term":[{"taxonomy":"product_brand","embeddable":true,"href":"https:\/\/freshhope.us\/es\/wp-json\/wp\/v2\/product_brand?post=18383"},{"taxonomy":"product_cat","embeddable":true,"href":"https:\/\/freshhope.us\/es\/wp-json\/wp\/v2\/product_cat?post=18383"},{"taxonomy":"product_tag","embeddable":true,"href":"https:\/\/freshhope.us\/es\/wp-json\/wp\/v2\/product_tag?post=18383"}],"curies":[{"name":"wp","href":"https:\/\/api.w.org\/{rel}","templated":true}]}}