{"id":17084,"date":"2024-12-07T19:35:34","date_gmt":"2024-12-08T00:35:34","guid":{"rendered":"https:\/\/freshhope.us\/?post_type=product&#038;p=17084"},"modified":"2026-03-31T23:08:26","modified_gmt":"2026-04-01T04:08:26","slug":"fresh-hope-para-adolescentes-guia-del-participante","status":"publish","type":"product","link":"https:\/\/freshhope.us\/es\/producto\/fresh-hope-para-adolescentes-guia-del-participante\/","title":{"rendered":"Fresh Hope para Adolescentes &#8211; Gu\u00eda del Participante &#8211; Versi\u00f3n Digital"},"content":{"rendered":"<p>Descubra el poder transformador de la esperanza centrada en el Evangelio con \u00abFresh Hope para Adolescentes\u00bb, un curso din\u00e1mico basado en historias y dise\u00f1ado espec\u00edficamente para que los adolescentes profundicen en su comprensi\u00f3n de la salud emocional y mental. Cada semana, su grupo explorar\u00e1 uno de los principios fundamentales de Fresh Hope para Adolescentes a trav\u00e9s de atractivas e interactivas sesiones en grupos peque\u00f1os. Los participantes aprender\u00e1n estrategias pr\u00e1cticas para hacer frente a los desaf\u00edos de la vida mientras encuentran fortaleza y aliento a trav\u00e9s de devocionales basados en las Escrituras. Este plan de estudios es perfecto para los adolescentes que buscan cultivar una fe resistente y llena de esperanza ante los problemas emocionales y de salud mental.<\/p>","protected":false},"excerpt":{"rendered":"<p>Descubra el poder transformador de la esperanza centrada en el Evangelio con \u00abFresh Hope para Adolescentes\u00bb, un curso din\u00e1mico basado en historias y dise\u00f1ado espec\u00edficamente&hellip;<\/p>","protected":false},"featured_media":17086,"comment_status":"open","ping_status":"closed","template":"","meta":{"_acf_changed":false,"_mi_skip_tracking":false,"jetpack_post_was_ever_published":false,"jetpack_publicize_message":"","jetpack_publicize_feature_enabled":true,"jetpack_social_post_already_shared":true,"jetpack_social_options":{"image_generator_settings":{"template":"highway","default_image_id":0,"font":"","enabled":false},"version":2}},"product_brand":[],"product_cat":[926],"product_tag":[],"class_list":{"0":"post-17084","1":"product","2":"type-product","3":"status-publish","4":"has-post-thumbnail","6":"product_cat-resources-in-spanish","8":"first","9":"instock","10":"downloadable","11":"virtual","12":"purchasable","13":"product-type-simple"},"acf":[],"yoast_head":"<!-- This site is optimized with the Yoast SEO Premium plugin v18.1 (Yoast SEO v27.3) - https:\/\/yoast.com\/product\/yoast-seo-premium-wordpress\/ -->\n<title>Fresh Hope para Adolescentes - Gu\u00eda del Participante - Versi\u00f3n Digital - Fresh Hope for Mental Health<\/title>\n<meta name=\"robots\" content=\"index, follow, max-snippet:-1, max-image-preview:large, max-video-preview:-1\" \/>\n<link rel=\"canonical\" href=\"https:\/\/freshhope.us\/es\/producto\/fresh-hope-para-adolescentes-guia-del-participante\/\" \/>\n<meta property=\"og:locale\" content=\"es_MX\" \/>\n<meta property=\"og:type\" content=\"article\" \/>\n<meta property=\"og:title\" content=\"Fresh Hope para Adolescentes - Gu\u00eda del Participante - Versi\u00f3n Digital\" \/>\n<meta property=\"og:description\" content=\"Descubra el poder transformador de la esperanza centrada en el Evangelio con \u00abFresh Hope para Adolescentes\u00bb, un curso din\u00e1mico basado en historias y dise\u00f1ado espec\u00edficamente&hellip;\" \/>\n<meta property=\"og:url\" content=\"https:\/\/freshhope.us\/es\/producto\/fresh-hope-para-adolescentes-guia-del-participante\/\" \/>\n<meta property=\"og:site_name\" content=\"Fresh Hope for Mental Health\" \/>\n<meta property=\"article:modified_time\" content=\"2026-04-01T04:08:26+00:00\" \/>\n<meta property=\"og:image\" content=\"https:\/\/freshhope.us\/wp-content\/uploads\/2024\/12\/Guia-de-Fresh-Hope-para-Adolescentes-Participantes-FINAL.png\" \/>\n\t<meta property=\"og:image:width\" content=\"1414\" \/>\n\t<meta property=\"og:image:height\" content=\"2000\" \/>\n\t<meta property=\"og:image:type\" content=\"image\/png\" \/>\n<meta name=\"twitter:label1\" content=\"Tiempo de lectura\" \/>\n\t<meta name=\"twitter:data1\" content=\"1 minuto\" \/>\n<script type=\"application\/ld+json\" class=\"yoast-schema-graph\">{\"@context\":\"https:\\\/\\\/schema.org\",\"@graph\":[{\"@type\":\"WebPage\",\"@id\":\"https:\\\/\\\/freshhope.us\\\/product\\\/fresh-hope-para-adolescentes-guia-del-participante\\\/\",\"url\":\"https:\\\/\\\/freshhope.us\\\/product\\\/fresh-hope-para-adolescentes-guia-del-participante\\\/\",\"name\":\"Fresh Hope para Adolescentes - Gu\u00eda del Participante - Versi\u00f3n Digital - Fresh Hope for Mental Health\",\"isPartOf\":{\"@id\":\"https:\\\/\\\/freshhope.us\\\/#website\"},\"primaryImageOfPage\":{\"@id\":\"https:\\\/\\\/freshhope.us\\\/product\\\/fresh-hope-para-adolescentes-guia-del-participante\\\/#primaryimage\"},\"image\":{\"@id\":\"https:\\\/\\\/freshhope.us\\\/product\\\/fresh-hope-para-adolescentes-guia-del-participante\\\/#primaryimage\"},\"thumbnailUrl\":\"https:\\\/\\\/freshhope.us\\\/wp-content\\\/uploads\\\/2024\\\/12\\\/Guia-de-Fresh-Hope-para-Adolescentes-Participantes-FINAL.png\",\"datePublished\":\"2024-12-08T00:35:34+00:00\",\"dateModified\":\"2026-04-01T04:08:26+00:00\",\"breadcrumb\":{\"@id\":\"https:\\\/\\\/freshhope.us\\\/product\\\/fresh-hope-para-adolescentes-guia-del-participante\\\/#breadcrumb\"},\"inLanguage\":\"es\",\"potentialAction\":[{\"@type\":\"ReadAction\",\"target\":[\"https:\\\/\\\/freshhope.us\\\/product\\\/fresh-hope-para-adolescentes-guia-del-participante\\\/\"]}]},{\"@type\":\"ImageObject\",\"inLanguage\":\"es\",\"@id\":\"https:\\\/\\\/freshhope.us\\\/product\\\/fresh-hope-para-adolescentes-guia-del-participante\\\/#primaryimage\",\"url\":\"https:\\\/\\\/freshhope.us\\\/wp-content\\\/uploads\\\/2024\\\/12\\\/Guia-de-Fresh-Hope-para-Adolescentes-Participantes-FINAL.png\",\"contentUrl\":\"https:\\\/\\\/freshhope.us\\\/wp-content\\\/uploads\\\/2024\\\/12\\\/Guia-de-Fresh-Hope-para-Adolescentes-Participantes-FINAL.png\",\"width\":1414,\"height\":2000},{\"@type\":\"BreadcrumbList\",\"@id\":\"https:\\\/\\\/freshhope.us\\\/product\\\/fresh-hope-para-adolescentes-guia-del-participante\\\/#breadcrumb\",\"itemListElement\":[{\"@type\":\"ListItem\",\"position\":1,\"name\":\"Shop\",\"item\":\"https:\\\/\\\/freshhope.us\\\/shop\\\/\"},{\"@type\":\"ListItem\",\"position\":2,\"name\":\"Fresh Hope para Adolescentes &#8211; Gu\u00eda del Participante &#8211; Versi\u00f3n Digital\"}]},{\"@type\":\"WebSite\",\"@id\":\"https:\\\/\\\/freshhope.us\\\/#website\",\"url\":\"https:\\\/\\\/freshhope.us\\\/\",\"name\":\"Fresh Hope for Mental Health\",\"description\":\"Empowering Those with a Mental Health Challenge Along with Their Loved Ones to Live Full, Rich and Hope-filled Lives\",\"publisher\":{\"@id\":\"https:\\\/\\\/freshhope.us\\\/#organization\"},\"potentialAction\":[{\"@type\":\"SearchAction\",\"target\":{\"@type\":\"EntryPoint\",\"urlTemplate\":\"https:\\\/\\\/freshhope.us\\\/?s={search_term_string}\"},\"query-input\":{\"@type\":\"PropertyValueSpecification\",\"valueRequired\":true,\"valueName\":\"search_term_string\"}}],\"inLanguage\":\"es\"},{\"@type\":\"Organization\",\"@id\":\"https:\\\/\\\/freshhope.us\\\/#organization\",\"name\":\"Fresh Hope for Mental Health\",\"url\":\"https:\\\/\\\/freshhope.us\\\/\",\"logo\":{\"@type\":\"ImageObject\",\"inLanguage\":\"es\",\"@id\":\"https:\\\/\\\/freshhope.us\\\/#\\\/schema\\\/logo\\\/image\\\/\",\"url\":\"https:\\\/\\\/freshhope.us\\\/wp-content\\\/uploads\\\/2020\\\/02\\\/Fresh-Hope-for-Mental-Health-Logo.png\",\"contentUrl\":\"https:\\\/\\\/freshhope.us\\\/wp-content\\\/uploads\\\/2020\\\/02\\\/Fresh-Hope-for-Mental-Health-Logo.png\",\"width\":1013,\"height\":531,\"caption\":\"Fresh Hope for Mental Health\"},\"image\":{\"@id\":\"https:\\\/\\\/freshhope.us\\\/#\\\/schema\\\/logo\\\/image\\\/\"}}]}<\/script>\n<!-- \/ Yoast SEO Premium plugin. -->","yoast_head_json":{"title":"Fresh Hope para Adolescentes - Gu\u00eda del Participante - Versi\u00f3n Digital - Fresh Hope for Mental Health","robots":{"index":"index","follow":"follow","max-snippet":"max-snippet:-1","max-image-preview":"max-image-preview:large","max-video-preview":"max-video-preview:-1"},"canonical":"https:\/\/freshhope.us\/es\/producto\/fresh-hope-para-adolescentes-guia-del-participante\/","og_locale":"es_MX","og_type":"article","og_title":"Fresh Hope para Adolescentes - Gu\u00eda del Participante - Versi\u00f3n Digital","og_description":"Descubra el poder transformador de la esperanza centrada en el Evangelio con \u00abFresh Hope para Adolescentes\u00bb, un curso din\u00e1mico basado en historias y dise\u00f1ado espec\u00edficamente&hellip;","og_url":"https:\/\/freshhope.us\/es\/producto\/fresh-hope-para-adolescentes-guia-del-participante\/","og_site_name":"Fresh Hope for Mental Health","article_modified_time":"2026-04-01T04:08:26+00:00","og_image":[{"width":1414,"height":2000,"url":"https:\/\/freshhope.us\/wp-content\/uploads\/2024\/12\/Guia-de-Fresh-Hope-para-Adolescentes-Participantes-FINAL.png","type":"image\/png"}],"twitter_misc":{"Tiempo de lectura":"1 minuto"},"schema":{"@context":"https:\/\/schema.org","@graph":[{"@type":"WebPage","@id":"https:\/\/freshhope.us\/product\/fresh-hope-para-adolescentes-guia-del-participante\/","url":"https:\/\/freshhope.us\/product\/fresh-hope-para-adolescentes-guia-del-participante\/","name":"Fresh Hope para Adolescentes - Gu\u00eda del Participante - Versi\u00f3n Digital - Fresh Hope for Mental Health","isPartOf":{"@id":"https:\/\/freshhope.us\/#website"},"primaryImageOfPage":{"@id":"https:\/\/freshhope.us\/product\/fresh-hope-para-adolescentes-guia-del-participante\/#primaryimage"},"image":{"@id":"https:\/\/freshhope.us\/product\/fresh-hope-para-adolescentes-guia-del-participante\/#primaryimage"},"thumbnailUrl":"https:\/\/freshhope.us\/wp-content\/uploads\/2024\/12\/Guia-de-Fresh-Hope-para-Adolescentes-Participantes-FINAL.png","datePublished":"2024-12-08T00:35:34+00:00","dateModified":"2026-04-01T04:08:26+00:00","breadcrumb":{"@id":"https:\/\/freshhope.us\/product\/fresh-hope-para-adolescentes-guia-del-participante\/#breadcrumb"},"inLanguage":"es","potentialAction":[{"@type":"ReadAction","target":["https:\/\/freshhope.us\/product\/fresh-hope-para-adolescentes-guia-del-participante\/"]}]},{"@type":"ImageObject","inLanguage":"es","@id":"https:\/\/freshhope.us\/product\/fresh-hope-para-adolescentes-guia-del-participante\/#primaryimage","url":"https:\/\/freshhope.us\/wp-content\/uploads\/2024\/12\/Guia-de-Fresh-Hope-para-Adolescentes-Participantes-FINAL.png","contentUrl":"https:\/\/freshhope.us\/wp-content\/uploads\/2024\/12\/Guia-de-Fresh-Hope-para-Adolescentes-Participantes-FINAL.png","width":1414,"height":2000},{"@type":"BreadcrumbList","@id":"https:\/\/freshhope.us\/product\/fresh-hope-para-adolescentes-guia-del-participante\/#breadcrumb","itemListElement":[{"@type":"ListItem","position":1,"name":"Shop","item":"https:\/\/freshhope.us\/shop\/"},{"@type":"ListItem","position":2,"name":"Fresh Hope para Adolescentes &#8211; Gu\u00eda del Participante &#8211; Versi\u00f3n Digital"}]},{"@type":"WebSite","@id":"https:\/\/freshhope.us\/#website","url":"https:\/\/freshhope.us\/","name":"Fresh Hope para la Salud Mental","description":"Ayudar a las personas con problemas de salud mental y a sus seres queridos a vivir vidas plenas, enriquecedoras y llenas de esperanza.","publisher":{"@id":"https:\/\/freshhope.us\/#organization"},"potentialAction":[{"@type":"SearchAction","target":{"@type":"EntryPoint","urlTemplate":"https:\/\/freshhope.us\/?s={search_term_string}"},"query-input":{"@type":"PropertyValueSpecification","valueRequired":true,"valueName":"search_term_string"}}],"inLanguage":"es"},{"@type":"Organization","@id":"https:\/\/freshhope.us\/#organization","name":"Fresh Hope para la Salud Mental","url":"https:\/\/freshhope.us\/","logo":{"@type":"ImageObject","inLanguage":"es","@id":"https:\/\/freshhope.us\/#\/schema\/logo\/image\/","url":"https:\/\/freshhope.us\/wp-content\/uploads\/2020\/02\/Fresh-Hope-for-Mental-Health-Logo.png","contentUrl":"https:\/\/freshhope.us\/wp-content\/uploads\/2020\/02\/Fresh-Hope-for-Mental-Health-Logo.png","width":1013,"height":531,"caption":"Fresh Hope for Mental Health"},"image":{"@id":"https:\/\/freshhope.us\/#\/schema\/logo\/image\/"}}]}},"jetpack_publicize_connections":[],"jetpack_sharing_enabled":true,"_links":{"self":[{"href":"https:\/\/freshhope.us\/es\/wp-json\/wp\/v2\/product\/17084","targetHints":{"allow":["GET"]}}],"collection":[{"href":"https:\/\/freshhope.us\/es\/wp-json\/wp\/v2\/product"}],"about":[{"href":"https:\/\/freshhope.us\/es\/wp-json\/wp\/v2\/types\/product"}],"replies":[{"embeddable":true,"href":"https:\/\/freshhope.us\/es\/wp-json\/wp\/v2\/comments?post=17084"}],"version-history":[{"count":0,"href":"https:\/\/freshhope.us\/es\/wp-json\/wp\/v2\/product\/17084\/revisions"}],"wp:featuredmedia":[{"embeddable":true,"href":"https:\/\/freshhope.us\/es\/wp-json\/wp\/v2\/media\/17086"}],"wp:attachment":[{"href":"https:\/\/freshhope.us\/es\/wp-json\/wp\/v2\/media?parent=17084"}],"wp:term":[{"taxonomy":"product_brand","embeddable":true,"href":"https:\/\/freshhope.us\/es\/wp-json\/wp\/v2\/product_brand?post=17084"},{"taxonomy":"product_cat","embeddable":true,"href":"https:\/\/freshhope.us\/es\/wp-json\/wp\/v2\/product_cat?post=17084"},{"taxonomy":"product_tag","embeddable":true,"href":"https:\/\/freshhope.us\/es\/wp-json\/wp\/v2\/product_tag?post=17084"}],"curies":[{"name":"wp","href":"https:\/\/api.w.org\/{rel}","templated":true}]}}