{"id":16229,"date":"2024-07-18T22:26:11","date_gmt":"2024-07-19T03:26:11","guid":{"rendered":"https:\/\/freshhope.us\/?post_type=product&#038;p=16229"},"modified":"2024-08-10T10:13:21","modified_gmt":"2024-08-10T15:13:21","slug":"key-to-hope-version-digital-en-pdf","status":"publish","type":"product","link":"https:\/\/freshhope.us\/es\/producto\/key-to-hope-version-digital-en-pdf\/","title":{"rendered":"Key to Hope (Versi\u00f3n digital en PDF)"},"content":{"rendered":"<p>Descubra \u201cKey to Hope&#8221;, un atractivo plan de estudios basado en historias y dise\u00f1ado para grupos de apoyo de padres con hijos con discapacidades o problemas de salud mental. Durante ocho semanas, su grupo explorar\u00e1 principios esenciales que resuenan en las familias cuidadoras. Cada sesi\u00f3n incluye historias, preguntas para discutir y devocionales destinados a alimentar una fe llena de esperanza basada en las Escrituras. Tambi\u00e9n se incluyen medidas pr\u00e1cticas para las familias y sus comunidades locales. Para obtener m\u00e1s informaci\u00f3n sobre a gu\u00eda de estudios, escriba a\u00a0<a href=\"mailto:maria@freshhope.us\" target=\"_blank\" rel=\"noopener\">maria@freshhope.us<\/a><\/p>","protected":false},"excerpt":{"rendered":"<p>Descubra \u201cKey to Hope&#8221;, un atractivo plan de estudios basado en historias y dise\u00f1ado para grupos de apoyo de padres con hijos con discapacidades o&hellip;<\/p>","protected":false},"featured_media":16231,"comment_status":"open","ping_status":"closed","template":"","meta":{"_acf_changed":false,"_mi_skip_tracking":false,"jetpack_post_was_ever_published":false,"jetpack_publicize_message":"","jetpack_publicize_feature_enabled":true,"jetpack_social_post_already_shared":true,"jetpack_social_options":{"image_generator_settings":{"template":"highway","default_image_id":0,"font":"","enabled":false},"version":2}},"product_brand":[],"product_cat":[926],"product_tag":[],"class_list":{"0":"post-16229","1":"product","2":"type-product","3":"status-publish","4":"has-post-thumbnail","6":"product_cat-resources-in-spanish","8":"first","9":"instock","10":"downloadable","11":"virtual","12":"purchasable","13":"product-type-simple"},"acf":[],"yoast_head":"<!-- This site is optimized with the Yoast SEO Premium plugin v18.1 (Yoast SEO v27.3) - https:\/\/yoast.com\/product\/yoast-seo-premium-wordpress\/ -->\n<title>Key to Hope (Versi\u00f3n digital en PDF) - Fresh Hope for Mental Health<\/title>\n<meta name=\"robots\" content=\"index, follow, max-snippet:-1, max-image-preview:large, max-video-preview:-1\" \/>\n<link rel=\"canonical\" href=\"https:\/\/freshhope.us\/es\/producto\/key-to-hope-version-digital-en-pdf\/\" \/>\n<meta property=\"og:locale\" content=\"es_MX\" \/>\n<meta property=\"og:type\" content=\"article\" \/>\n<meta property=\"og:title\" content=\"Key to Hope (Versi\u00f3n digital en PDF)\" \/>\n<meta property=\"og:description\" content=\"Descubra \u201cKey to Hope&#8221;, un atractivo plan de estudios basado en historias y dise\u00f1ado para grupos de apoyo de padres con hijos con discapacidades o&hellip;\" \/>\n<meta property=\"og:url\" content=\"https:\/\/freshhope.us\/es\/producto\/key-to-hope-version-digital-en-pdf\/\" \/>\n<meta property=\"og:site_name\" content=\"Fresh Hope for Mental Health\" \/>\n<meta property=\"article:modified_time\" content=\"2024-08-10T15:13:21+00:00\" \/>\n<meta property=\"og:image\" content=\"https:\/\/freshhope.us\/wp-content\/uploads\/2024\/07\/Key-to-Hope-in-Spanish-791x1024.png\" \/>\n\t<meta property=\"og:image:width\" content=\"791\" \/>\n\t<meta property=\"og:image:height\" content=\"1024\" \/>\n\t<meta property=\"og:image:type\" content=\"image\/png\" \/>\n<meta name=\"twitter:label1\" content=\"Tiempo de lectura\" \/>\n\t<meta name=\"twitter:data1\" content=\"1 minuto\" \/>\n<script type=\"application\/ld+json\" class=\"yoast-schema-graph\">{\"@context\":\"https:\\\/\\\/schema.org\",\"@graph\":[{\"@type\":\"WebPage\",\"@id\":\"https:\\\/\\\/freshhope.us\\\/product\\\/key-to-hope-version-digital-en-pdf\\\/\",\"url\":\"https:\\\/\\\/freshhope.us\\\/product\\\/key-to-hope-version-digital-en-pdf\\\/\",\"name\":\"Key to Hope (Versi\u00f3n digital en PDF) - Fresh Hope for Mental Health\",\"isPartOf\":{\"@id\":\"https:\\\/\\\/freshhope.us\\\/#website\"},\"primaryImageOfPage\":{\"@id\":\"https:\\\/\\\/freshhope.us\\\/product\\\/key-to-hope-version-digital-en-pdf\\\/#primaryimage\"},\"image\":{\"@id\":\"https:\\\/\\\/freshhope.us\\\/product\\\/key-to-hope-version-digital-en-pdf\\\/#primaryimage\"},\"thumbnailUrl\":\"https:\\\/\\\/freshhope.us\\\/wp-content\\\/uploads\\\/2024\\\/07\\\/Key-to-Hope-in-Spanish.png\",\"datePublished\":\"2024-07-19T03:26:11+00:00\",\"dateModified\":\"2024-08-10T15:13:21+00:00\",\"breadcrumb\":{\"@id\":\"https:\\\/\\\/freshhope.us\\\/product\\\/key-to-hope-version-digital-en-pdf\\\/#breadcrumb\"},\"inLanguage\":\"es\",\"potentialAction\":[{\"@type\":\"ReadAction\",\"target\":[\"https:\\\/\\\/freshhope.us\\\/product\\\/key-to-hope-version-digital-en-pdf\\\/\"]}]},{\"@type\":\"ImageObject\",\"inLanguage\":\"es\",\"@id\":\"https:\\\/\\\/freshhope.us\\\/product\\\/key-to-hope-version-digital-en-pdf\\\/#primaryimage\",\"url\":\"https:\\\/\\\/freshhope.us\\\/wp-content\\\/uploads\\\/2024\\\/07\\\/Key-to-Hope-in-Spanish.png\",\"contentUrl\":\"https:\\\/\\\/freshhope.us\\\/wp-content\\\/uploads\\\/2024\\\/07\\\/Key-to-Hope-in-Spanish.png\",\"width\":1545,\"height\":2000},{\"@type\":\"BreadcrumbList\",\"@id\":\"https:\\\/\\\/freshhope.us\\\/product\\\/key-to-hope-version-digital-en-pdf\\\/#breadcrumb\",\"itemListElement\":[{\"@type\":\"ListItem\",\"position\":1,\"name\":\"Shop\",\"item\":\"https:\\\/\\\/freshhope.us\\\/shop\\\/\"},{\"@type\":\"ListItem\",\"position\":2,\"name\":\"Key to Hope (Versi\u00f3n digital en PDF)\"}]},{\"@type\":\"WebSite\",\"@id\":\"https:\\\/\\\/freshhope.us\\\/#website\",\"url\":\"https:\\\/\\\/freshhope.us\\\/\",\"name\":\"Fresh Hope for Mental Health\",\"description\":\"Empowering Those with a Mental Health Challenge Along with Their Loved Ones to Live Full, Rich and Hope-filled Lives\",\"publisher\":{\"@id\":\"https:\\\/\\\/freshhope.us\\\/#organization\"},\"potentialAction\":[{\"@type\":\"SearchAction\",\"target\":{\"@type\":\"EntryPoint\",\"urlTemplate\":\"https:\\\/\\\/freshhope.us\\\/?s={search_term_string}\"},\"query-input\":{\"@type\":\"PropertyValueSpecification\",\"valueRequired\":true,\"valueName\":\"search_term_string\"}}],\"inLanguage\":\"es\"},{\"@type\":\"Organization\",\"@id\":\"https:\\\/\\\/freshhope.us\\\/#organization\",\"name\":\"Fresh Hope for Mental Health\",\"url\":\"https:\\\/\\\/freshhope.us\\\/\",\"logo\":{\"@type\":\"ImageObject\",\"inLanguage\":\"es\",\"@id\":\"https:\\\/\\\/freshhope.us\\\/#\\\/schema\\\/logo\\\/image\\\/\",\"url\":\"https:\\\/\\\/freshhope.us\\\/wp-content\\\/uploads\\\/2020\\\/02\\\/Fresh-Hope-for-Mental-Health-Logo.png\",\"contentUrl\":\"https:\\\/\\\/freshhope.us\\\/wp-content\\\/uploads\\\/2020\\\/02\\\/Fresh-Hope-for-Mental-Health-Logo.png\",\"width\":1013,\"height\":531,\"caption\":\"Fresh Hope for Mental Health\"},\"image\":{\"@id\":\"https:\\\/\\\/freshhope.us\\\/#\\\/schema\\\/logo\\\/image\\\/\"}}]}<\/script>\n<!-- \/ Yoast SEO Premium plugin. -->","yoast_head_json":{"title":"Key to Hope (Versi\u00f3n digital en PDF) - Fresh Hope for Mental Health","robots":{"index":"index","follow":"follow","max-snippet":"max-snippet:-1","max-image-preview":"max-image-preview:large","max-video-preview":"max-video-preview:-1"},"canonical":"https:\/\/freshhope.us\/es\/producto\/key-to-hope-version-digital-en-pdf\/","og_locale":"es_MX","og_type":"article","og_title":"Key to Hope (Versi\u00f3n digital en PDF)","og_description":"Descubra \u201cKey to Hope&#8221;, un atractivo plan de estudios basado en historias y dise\u00f1ado para grupos de apoyo de padres con hijos con discapacidades o&hellip;","og_url":"https:\/\/freshhope.us\/es\/producto\/key-to-hope-version-digital-en-pdf\/","og_site_name":"Fresh Hope for Mental Health","article_modified_time":"2024-08-10T15:13:21+00:00","og_image":[{"width":791,"height":1024,"url":"https:\/\/freshhope.us\/wp-content\/uploads\/2024\/07\/Key-to-Hope-in-Spanish-791x1024.png","type":"image\/png"}],"twitter_misc":{"Tiempo de lectura":"1 minuto"},"schema":{"@context":"https:\/\/schema.org","@graph":[{"@type":"WebPage","@id":"https:\/\/freshhope.us\/product\/key-to-hope-version-digital-en-pdf\/","url":"https:\/\/freshhope.us\/product\/key-to-hope-version-digital-en-pdf\/","name":"Key to Hope (Versi\u00f3n digital en PDF) - Fresh Hope for Mental Health","isPartOf":{"@id":"https:\/\/freshhope.us\/#website"},"primaryImageOfPage":{"@id":"https:\/\/freshhope.us\/product\/key-to-hope-version-digital-en-pdf\/#primaryimage"},"image":{"@id":"https:\/\/freshhope.us\/product\/key-to-hope-version-digital-en-pdf\/#primaryimage"},"thumbnailUrl":"https:\/\/freshhope.us\/wp-content\/uploads\/2024\/07\/Key-to-Hope-in-Spanish.png","datePublished":"2024-07-19T03:26:11+00:00","dateModified":"2024-08-10T15:13:21+00:00","breadcrumb":{"@id":"https:\/\/freshhope.us\/product\/key-to-hope-version-digital-en-pdf\/#breadcrumb"},"inLanguage":"es","potentialAction":[{"@type":"ReadAction","target":["https:\/\/freshhope.us\/product\/key-to-hope-version-digital-en-pdf\/"]}]},{"@type":"ImageObject","inLanguage":"es","@id":"https:\/\/freshhope.us\/product\/key-to-hope-version-digital-en-pdf\/#primaryimage","url":"https:\/\/freshhope.us\/wp-content\/uploads\/2024\/07\/Key-to-Hope-in-Spanish.png","contentUrl":"https:\/\/freshhope.us\/wp-content\/uploads\/2024\/07\/Key-to-Hope-in-Spanish.png","width":1545,"height":2000},{"@type":"BreadcrumbList","@id":"https:\/\/freshhope.us\/product\/key-to-hope-version-digital-en-pdf\/#breadcrumb","itemListElement":[{"@type":"ListItem","position":1,"name":"Shop","item":"https:\/\/freshhope.us\/shop\/"},{"@type":"ListItem","position":2,"name":"Key to Hope (Versi\u00f3n digital en PDF)"}]},{"@type":"WebSite","@id":"https:\/\/freshhope.us\/#website","url":"https:\/\/freshhope.us\/","name":"Fresh Hope para la Salud Mental","description":"Ayudar a las personas con problemas de salud mental y a sus seres queridos a vivir vidas plenas, enriquecedoras y llenas de esperanza.","publisher":{"@id":"https:\/\/freshhope.us\/#organization"},"potentialAction":[{"@type":"SearchAction","target":{"@type":"EntryPoint","urlTemplate":"https:\/\/freshhope.us\/?s={search_term_string}"},"query-input":{"@type":"PropertyValueSpecification","valueRequired":true,"valueName":"search_term_string"}}],"inLanguage":"es"},{"@type":"Organization","@id":"https:\/\/freshhope.us\/#organization","name":"Fresh Hope para la Salud Mental","url":"https:\/\/freshhope.us\/","logo":{"@type":"ImageObject","inLanguage":"es","@id":"https:\/\/freshhope.us\/#\/schema\/logo\/image\/","url":"https:\/\/freshhope.us\/wp-content\/uploads\/2020\/02\/Fresh-Hope-for-Mental-Health-Logo.png","contentUrl":"https:\/\/freshhope.us\/wp-content\/uploads\/2020\/02\/Fresh-Hope-for-Mental-Health-Logo.png","width":1013,"height":531,"caption":"Fresh Hope for Mental Health"},"image":{"@id":"https:\/\/freshhope.us\/#\/schema\/logo\/image\/"}}]}},"jetpack_publicize_connections":[],"jetpack_sharing_enabled":true,"_links":{"self":[{"href":"https:\/\/freshhope.us\/es\/wp-json\/wp\/v2\/product\/16229","targetHints":{"allow":["GET"]}}],"collection":[{"href":"https:\/\/freshhope.us\/es\/wp-json\/wp\/v2\/product"}],"about":[{"href":"https:\/\/freshhope.us\/es\/wp-json\/wp\/v2\/types\/product"}],"replies":[{"embeddable":true,"href":"https:\/\/freshhope.us\/es\/wp-json\/wp\/v2\/comments?post=16229"}],"version-history":[{"count":0,"href":"https:\/\/freshhope.us\/es\/wp-json\/wp\/v2\/product\/16229\/revisions"}],"wp:featuredmedia":[{"embeddable":true,"href":"https:\/\/freshhope.us\/es\/wp-json\/wp\/v2\/media\/16231"}],"wp:attachment":[{"href":"https:\/\/freshhope.us\/es\/wp-json\/wp\/v2\/media?parent=16229"}],"wp:term":[{"taxonomy":"product_brand","embeddable":true,"href":"https:\/\/freshhope.us\/es\/wp-json\/wp\/v2\/product_brand?post=16229"},{"taxonomy":"product_cat","embeddable":true,"href":"https:\/\/freshhope.us\/es\/wp-json\/wp\/v2\/product_cat?post=16229"},{"taxonomy":"product_tag","embeddable":true,"href":"https:\/\/freshhope.us\/es\/wp-json\/wp\/v2\/product_tag?post=16229"}],"curies":[{"name":"wp","href":"https:\/\/api.w.org\/{rel}","templated":true}]}}