{"id":13066,"date":"2023-06-13T16:45:53","date_gmt":"2023-06-13T21:45:53","guid":{"rendered":"https:\/\/freshhope.us\/?post_type=product&#038;p=13066"},"modified":"2025-09-25T21:17:18","modified_gmt":"2025-09-26T02:17:18","slug":"cuarenta-dias-de-fresh-hope","status":"publish","type":"product","link":"https:\/\/freshhope.us\/es\/producto\/cuarenta-dias-de-fresh-hope\/","title":{"rendered":"Cuarenta D\u00edas de Fresh Hope: Un Devocional de Bienestar Fresh Hope (Versi\u00f3n Digital)"},"content":{"rendered":"<h3>Versi\u00f3n Digital<\/h3>\n<p>Cuarenta D\u00edas de Fresh Hope es un libro que contiene 40 devocionales diarios en los que Samanta Karra\u00e1 de Garc\u00eda comparte sus ideas espirituales y pr\u00e1cticas sobre su recuperaci\u00f3n de salud mental.<\/p>\n<p>Cada devocional comienza con una cita tomada de &#8220;Fresh Hope: Viviendo Bien a Pesar de un Diagn\u00f3stico de Salud Mental&#8221;, escrito por el fundador de Fresh Hope for Mental Health, Brad Hoefs.<\/p>\n<h2><a href=\"https:\/\/a.co\/d\/7WlHpE5\" target=\"_blank\" rel=\"noopener\">Obtenerlo en Kindle<\/a><\/h2>","protected":false},"excerpt":{"rendered":"<p>Cuarenta D\u00edas de Fresh Hope (Esperanza Fresca) es un libro que contiene 40 devocionales diarios en los que Samanta Karra\u00e1 de Garc\u00eda comparte sus ideas espirituales y pr\u00e1cticas sobre su recuperaci\u00f3n de salud mental.<\/p>\n<p>Cada devocional comienza con una cita tomada de &#8220;Fresh Hope: Viviendo Bien a Pesar de un Diagn\u00f3stico de Salud Mental&#8221;, escrito por el fundador de Fresh Hope for Mental Health, Brad Hoefs.<\/p>\n<h2><a href=\"https:\/\/a.co\/d\/7WlHpE5\" target=\"_blank\" rel=\"noopener\">Obtenerlo en Kindle<\/a><\/h2>","protected":false},"featured_media":13243,"comment_status":"open","ping_status":"closed","template":"","meta":{"_acf_changed":false,"_mi_skip_tracking":false,"jetpack_post_was_ever_published":false,"jetpack_publicize_message":"","jetpack_publicize_feature_enabled":true,"jetpack_social_post_already_shared":true,"jetpack_social_options":{"image_generator_settings":{"template":"highway","default_image_id":0,"font":"","enabled":false},"version":2}},"product_brand":[],"product_cat":[947,926],"product_tag":[],"class_list":{"0":"post-13066","1":"product","2":"type-product","3":"status-publish","4":"has-post-thumbnail","6":"product_cat-f_libros","7":"product_cat-resources-in-spanish","9":"first","10":"instock","11":"shipping-taxable","12":"product-type-external"},"acf":[],"yoast_head":"<!-- This site is optimized with the Yoast SEO Premium plugin v18.1 (Yoast SEO v27.3) - https:\/\/yoast.com\/product\/yoast-seo-premium-wordpress\/ -->\n<title>Cuarenta D\u00edas de Fresh Hope: Un Devocional de Bienestar Fresh Hope (Versi\u00f3n Digital) - Fresh Hope for Mental Health<\/title>\n<meta name=\"description\" content=\"Cuarenta D\u00edas de Fresh Hope es un libro que contiene 40 devocionales diarios en los que Samanta Karra\u00e1 de Garc\u00eda comparte sus ideas espirituales y pr\u00e1cticas sobre su recuperaci\u00f3n de salud mental. Cada devocional comienza con una cita tomada de &quot;Fresh Hope: Viviendo Bien a Pesar de un Diagn\u00f3stico de Salud Mental&quot;, escrito por el fundador de Fresh Hope for Mental Health, Brad Hoefs.\" \/>\n<meta name=\"robots\" content=\"index, follow, max-snippet:-1, max-image-preview:large, max-video-preview:-1\" \/>\n<link rel=\"canonical\" href=\"https:\/\/freshhope.us\/es\/producto\/cuarenta-dias-de-fresh-hope\/\" \/>\n<meta property=\"og:locale\" content=\"es_MX\" \/>\n<meta property=\"og:type\" content=\"article\" \/>\n<meta property=\"og:title\" content=\"Cuarenta D\u00edas de Fresh Hope: Un Devocional de Bienestar Fresh Hope (Versi\u00f3n Digital)\" \/>\n<meta property=\"og:description\" content=\"Cuarenta D\u00edas de Fresh Hope es un libro que contiene 40 devocionales diarios en los que Samanta Karra\u00e1 de Garc\u00eda comparte sus ideas espirituales y pr\u00e1cticas sobre su recuperaci\u00f3n de salud mental. Cada devocional comienza con una cita tomada de &quot;Fresh Hope: Viviendo Bien a Pesar de un Diagn\u00f3stico de Salud Mental&quot;, escrito por el fundador de Fresh Hope for Mental Health, Brad Hoefs.\" \/>\n<meta property=\"og:url\" content=\"https:\/\/freshhope.us\/es\/producto\/cuarenta-dias-de-fresh-hope\/\" \/>\n<meta property=\"og:site_name\" content=\"Fresh Hope for Mental Health\" \/>\n<meta property=\"article:modified_time\" content=\"2025-09-26T02:17:18+00:00\" \/>\n<meta property=\"og:image\" content=\"https:\/\/freshhope.us\/wp-content\/uploads\/2023\/06\/Cuarenta-Dias-de-Fresh-Hope.png\" \/>\n\t<meta property=\"og:image:width\" content=\"1080\" \/>\n\t<meta property=\"og:image:height\" content=\"1080\" \/>\n\t<meta property=\"og:image:type\" content=\"image\/png\" \/>\n<meta name=\"twitter:label1\" content=\"Tiempo de lectura\" \/>\n\t<meta name=\"twitter:data1\" content=\"1 minuto\" \/>\n<script type=\"application\/ld+json\" class=\"yoast-schema-graph\">{\"@context\":\"https:\\\/\\\/schema.org\",\"@graph\":[{\"@type\":\"WebPage\",\"@id\":\"https:\\\/\\\/freshhope.us\\\/product\\\/cuarenta-dias-de-fresh-hope\\\/\",\"url\":\"https:\\\/\\\/freshhope.us\\\/product\\\/cuarenta-dias-de-fresh-hope\\\/\",\"name\":\"Cuarenta D\u00edas de Fresh Hope: Un Devocional de Bienestar Fresh Hope (Versi\u00f3n Digital) - Fresh Hope for Mental Health\",\"isPartOf\":{\"@id\":\"https:\\\/\\\/freshhope.us\\\/#website\"},\"primaryImageOfPage\":{\"@id\":\"https:\\\/\\\/freshhope.us\\\/product\\\/cuarenta-dias-de-fresh-hope\\\/#primaryimage\"},\"image\":{\"@id\":\"https:\\\/\\\/freshhope.us\\\/product\\\/cuarenta-dias-de-fresh-hope\\\/#primaryimage\"},\"thumbnailUrl\":\"https:\\\/\\\/freshhope.us\\\/wp-content\\\/uploads\\\/2023\\\/06\\\/Cuarenta-Dias-de-Fresh-Hope.png\",\"datePublished\":\"2023-06-13T21:45:53+00:00\",\"dateModified\":\"2025-09-26T02:17:18+00:00\",\"description\":\"Cuarenta D\u00edas de Fresh Hope es un libro que contiene 40 devocionales diarios en los que Samanta Karra\u00e1 de Garc\u00eda comparte sus ideas espirituales y pr\u00e1cticas sobre su recuperaci\u00f3n de salud mental. Cada devocional comienza con una cita tomada de \\\"Fresh Hope: Viviendo Bien a Pesar de un Diagn\u00f3stico de Salud Mental\\\", escrito por el fundador de Fresh Hope for Mental Health, Brad Hoefs.\",\"breadcrumb\":{\"@id\":\"https:\\\/\\\/freshhope.us\\\/product\\\/cuarenta-dias-de-fresh-hope\\\/#breadcrumb\"},\"inLanguage\":\"es\",\"potentialAction\":[{\"@type\":\"ReadAction\",\"target\":[\"https:\\\/\\\/freshhope.us\\\/product\\\/cuarenta-dias-de-fresh-hope\\\/\"]}]},{\"@type\":\"ImageObject\",\"inLanguage\":\"es\",\"@id\":\"https:\\\/\\\/freshhope.us\\\/product\\\/cuarenta-dias-de-fresh-hope\\\/#primaryimage\",\"url\":\"https:\\\/\\\/freshhope.us\\\/wp-content\\\/uploads\\\/2023\\\/06\\\/Cuarenta-Dias-de-Fresh-Hope.png\",\"contentUrl\":\"https:\\\/\\\/freshhope.us\\\/wp-content\\\/uploads\\\/2023\\\/06\\\/Cuarenta-Dias-de-Fresh-Hope.png\",\"width\":1080,\"height\":1080,\"caption\":\"Cuarenta Dias de Fresh Hope\"},{\"@type\":\"BreadcrumbList\",\"@id\":\"https:\\\/\\\/freshhope.us\\\/product\\\/cuarenta-dias-de-fresh-hope\\\/#breadcrumb\",\"itemListElement\":[{\"@type\":\"ListItem\",\"position\":1,\"name\":\"Shop\",\"item\":\"https:\\\/\\\/freshhope.us\\\/shop\\\/\"},{\"@type\":\"ListItem\",\"position\":2,\"name\":\"Cuarenta D\u00edas de Fresh Hope: Un Devocional de Bienestar Fresh Hope (Versi\u00f3n Digital)\"}]},{\"@type\":\"WebSite\",\"@id\":\"https:\\\/\\\/freshhope.us\\\/#website\",\"url\":\"https:\\\/\\\/freshhope.us\\\/\",\"name\":\"Fresh Hope for Mental Health\",\"description\":\"Empowering Those with a Mental Health Challenge Along with Their Loved Ones to Live Full, Rich and Hope-filled Lives\",\"publisher\":{\"@id\":\"https:\\\/\\\/freshhope.us\\\/#organization\"},\"potentialAction\":[{\"@type\":\"SearchAction\",\"target\":{\"@type\":\"EntryPoint\",\"urlTemplate\":\"https:\\\/\\\/freshhope.us\\\/?s={search_term_string}\"},\"query-input\":{\"@type\":\"PropertyValueSpecification\",\"valueRequired\":true,\"valueName\":\"search_term_string\"}}],\"inLanguage\":\"es\"},{\"@type\":\"Organization\",\"@id\":\"https:\\\/\\\/freshhope.us\\\/#organization\",\"name\":\"Fresh Hope for Mental Health\",\"url\":\"https:\\\/\\\/freshhope.us\\\/\",\"logo\":{\"@type\":\"ImageObject\",\"inLanguage\":\"es\",\"@id\":\"https:\\\/\\\/freshhope.us\\\/#\\\/schema\\\/logo\\\/image\\\/\",\"url\":\"https:\\\/\\\/freshhope.us\\\/wp-content\\\/uploads\\\/2020\\\/02\\\/Fresh-Hope-for-Mental-Health-Logo.png\",\"contentUrl\":\"https:\\\/\\\/freshhope.us\\\/wp-content\\\/uploads\\\/2020\\\/02\\\/Fresh-Hope-for-Mental-Health-Logo.png\",\"width\":1013,\"height\":531,\"caption\":\"Fresh Hope for Mental Health\"},\"image\":{\"@id\":\"https:\\\/\\\/freshhope.us\\\/#\\\/schema\\\/logo\\\/image\\\/\"}}]}<\/script>\n<!-- \/ Yoast SEO Premium plugin. -->","yoast_head_json":{"title":"Cuarenta D\u00edas de Fresh Hope: Un Devocional de Bienestar Fresh Hope (Versi\u00f3n Digital) - Fresh Hope for Mental Health","description":"Cuarenta D\u00edas de Fresh Hope es un libro que contiene 40 devocionales diarios en los que Samanta Karra\u00e1 de Garc\u00eda comparte sus ideas espirituales y pr\u00e1cticas sobre su recuperaci\u00f3n de salud mental. Cada devocional comienza con una cita tomada de \"Fresh Hope: Viviendo Bien a Pesar de un Diagn\u00f3stico de Salud Mental\", escrito por el fundador de Fresh Hope for Mental Health, Brad Hoefs.","robots":{"index":"index","follow":"follow","max-snippet":"max-snippet:-1","max-image-preview":"max-image-preview:large","max-video-preview":"max-video-preview:-1"},"canonical":"https:\/\/freshhope.us\/es\/producto\/cuarenta-dias-de-fresh-hope\/","og_locale":"es_MX","og_type":"article","og_title":"Cuarenta D\u00edas de Fresh Hope: Un Devocional de Bienestar Fresh Hope (Versi\u00f3n Digital)","og_description":"Cuarenta D\u00edas de Fresh Hope es un libro que contiene 40 devocionales diarios en los que Samanta Karra\u00e1 de Garc\u00eda comparte sus ideas espirituales y pr\u00e1cticas sobre su recuperaci\u00f3n de salud mental. Cada devocional comienza con una cita tomada de \"Fresh Hope: Viviendo Bien a Pesar de un Diagn\u00f3stico de Salud Mental\", escrito por el fundador de Fresh Hope for Mental Health, Brad Hoefs.","og_url":"https:\/\/freshhope.us\/es\/producto\/cuarenta-dias-de-fresh-hope\/","og_site_name":"Fresh Hope for Mental Health","article_modified_time":"2025-09-26T02:17:18+00:00","og_image":[{"width":1080,"height":1080,"url":"https:\/\/freshhope.us\/wp-content\/uploads\/2023\/06\/Cuarenta-Dias-de-Fresh-Hope.png","type":"image\/png"}],"twitter_misc":{"Tiempo de lectura":"1 minuto"},"schema":{"@context":"https:\/\/schema.org","@graph":[{"@type":"WebPage","@id":"https:\/\/freshhope.us\/product\/cuarenta-dias-de-fresh-hope\/","url":"https:\/\/freshhope.us\/product\/cuarenta-dias-de-fresh-hope\/","name":"Cuarenta D\u00edas de Fresh Hope: Un Devocional de Bienestar Fresh Hope (Versi\u00f3n Digital) - Fresh Hope for Mental Health","isPartOf":{"@id":"https:\/\/freshhope.us\/#website"},"primaryImageOfPage":{"@id":"https:\/\/freshhope.us\/product\/cuarenta-dias-de-fresh-hope\/#primaryimage"},"image":{"@id":"https:\/\/freshhope.us\/product\/cuarenta-dias-de-fresh-hope\/#primaryimage"},"thumbnailUrl":"https:\/\/freshhope.us\/wp-content\/uploads\/2023\/06\/Cuarenta-Dias-de-Fresh-Hope.png","datePublished":"2023-06-13T21:45:53+00:00","dateModified":"2025-09-26T02:17:18+00:00","description":"Cuarenta D\u00edas de Fresh Hope es un libro que contiene 40 devocionales diarios en los que Samanta Karra\u00e1 de Garc\u00eda comparte sus ideas espirituales y pr\u00e1cticas sobre su recuperaci\u00f3n de salud mental. Cada devocional comienza con una cita tomada de \"Fresh Hope: Viviendo Bien a Pesar de un Diagn\u00f3stico de Salud Mental\", escrito por el fundador de Fresh Hope for Mental Health, Brad Hoefs.","breadcrumb":{"@id":"https:\/\/freshhope.us\/product\/cuarenta-dias-de-fresh-hope\/#breadcrumb"},"inLanguage":"es","potentialAction":[{"@type":"ReadAction","target":["https:\/\/freshhope.us\/product\/cuarenta-dias-de-fresh-hope\/"]}]},{"@type":"ImageObject","inLanguage":"es","@id":"https:\/\/freshhope.us\/product\/cuarenta-dias-de-fresh-hope\/#primaryimage","url":"https:\/\/freshhope.us\/wp-content\/uploads\/2023\/06\/Cuarenta-Dias-de-Fresh-Hope.png","contentUrl":"https:\/\/freshhope.us\/wp-content\/uploads\/2023\/06\/Cuarenta-Dias-de-Fresh-Hope.png","width":1080,"height":1080,"caption":"Cuarenta Dias de Fresh Hope"},{"@type":"BreadcrumbList","@id":"https:\/\/freshhope.us\/product\/cuarenta-dias-de-fresh-hope\/#breadcrumb","itemListElement":[{"@type":"ListItem","position":1,"name":"Shop","item":"https:\/\/freshhope.us\/shop\/"},{"@type":"ListItem","position":2,"name":"Cuarenta D\u00edas de Fresh Hope: Un Devocional de Bienestar Fresh Hope (Versi\u00f3n Digital)"}]},{"@type":"WebSite","@id":"https:\/\/freshhope.us\/#website","url":"https:\/\/freshhope.us\/","name":"Fresh Hope para la Salud Mental","description":"Ayudar a las personas con problemas de salud mental y a sus seres queridos a vivir vidas plenas, enriquecedoras y llenas de esperanza.","publisher":{"@id":"https:\/\/freshhope.us\/#organization"},"potentialAction":[{"@type":"SearchAction","target":{"@type":"EntryPoint","urlTemplate":"https:\/\/freshhope.us\/?s={search_term_string}"},"query-input":{"@type":"PropertyValueSpecification","valueRequired":true,"valueName":"search_term_string"}}],"inLanguage":"es"},{"@type":"Organization","@id":"https:\/\/freshhope.us\/#organization","name":"Fresh Hope para la Salud Mental","url":"https:\/\/freshhope.us\/","logo":{"@type":"ImageObject","inLanguage":"es","@id":"https:\/\/freshhope.us\/#\/schema\/logo\/image\/","url":"https:\/\/freshhope.us\/wp-content\/uploads\/2020\/02\/Fresh-Hope-for-Mental-Health-Logo.png","contentUrl":"https:\/\/freshhope.us\/wp-content\/uploads\/2020\/02\/Fresh-Hope-for-Mental-Health-Logo.png","width":1013,"height":531,"caption":"Fresh Hope for Mental Health"},"image":{"@id":"https:\/\/freshhope.us\/#\/schema\/logo\/image\/"}}]}},"jetpack_publicize_connections":[],"jetpack_sharing_enabled":true,"_links":{"self":[{"href":"https:\/\/freshhope.us\/es\/wp-json\/wp\/v2\/product\/13066","targetHints":{"allow":["GET"]}}],"collection":[{"href":"https:\/\/freshhope.us\/es\/wp-json\/wp\/v2\/product"}],"about":[{"href":"https:\/\/freshhope.us\/es\/wp-json\/wp\/v2\/types\/product"}],"replies":[{"embeddable":true,"href":"https:\/\/freshhope.us\/es\/wp-json\/wp\/v2\/comments?post=13066"}],"version-history":[{"count":0,"href":"https:\/\/freshhope.us\/es\/wp-json\/wp\/v2\/product\/13066\/revisions"}],"wp:featuredmedia":[{"embeddable":true,"href":"https:\/\/freshhope.us\/es\/wp-json\/wp\/v2\/media\/13243"}],"wp:attachment":[{"href":"https:\/\/freshhope.us\/es\/wp-json\/wp\/v2\/media?parent=13066"}],"wp:term":[{"taxonomy":"product_brand","embeddable":true,"href":"https:\/\/freshhope.us\/es\/wp-json\/wp\/v2\/product_brand?post=13066"},{"taxonomy":"product_cat","embeddable":true,"href":"https:\/\/freshhope.us\/es\/wp-json\/wp\/v2\/product_cat?post=13066"},{"taxonomy":"product_tag","embeddable":true,"href":"https:\/\/freshhope.us\/es\/wp-json\/wp\/v2\/product_tag?post=13066"}],"curies":[{"name":"wp","href":"https:\/\/api.w.org\/{rel}","templated":true}]}}