{"id":13063,"date":"2023-06-13T16:40:32","date_gmt":"2023-06-13T21:40:32","guid":{"rendered":"https:\/\/freshhope.us\/?post_type=product&#038;p=13063"},"modified":"2026-04-10T15:26:57","modified_gmt":"2026-04-10T20:26:57","slug":"fresh-hope-viviendo-bien-a-pesar-de-un-diagnostico-de-salud-mental","status":"publish","type":"product","link":"https:\/\/freshhope.us\/es\/producto\/fresh-hope-viviendo-bien-a-pesar-de-un-diagnostico-de-salud-mental\/","title":{"rendered":"Fresh Hope: Viviendo Bien a Pesar de un Diagn\u00f3stico de Salud Mental"},"content":{"rendered":"","protected":false},"excerpt":{"rendered":"<h3><strong>Versi\u00f3n Digital<\/strong><\/h3>\n<p>\u00a1Es un libro maravilloso! Muestra honestamente los fracasos y las desilusiones\u2026 pero est\u00e1 lleno de esperanza, \u00e1nimo, y medidas de acci\u00f3n positivas para una vida llena de esperanza.<\/p>\n<p>La moraleja es que a\u00fan podemos recibir y dar GOZO, sin importar nuestras circunstancias. Re direccionar nuestro pensamiento requiere valor\u2026 pero los resultados de esta lucha \u00a1lo valen!<\/p>\n<p>El inspirador mensaje de esperanza es: \u00a1Soy lo que soy porque Jes\u00fas me ama! Punto.<\/p>\n<p><strong>Diana Waggoner, Directora Ejecutiva<\/strong><br \/>\n<strong>Fundaci\u00f3n Kim<\/strong><\/p>\n<p>Disfruta de esta versi\u00f3n <strong>digital<\/strong> del libro &#8220;Fresh Hope For Mental Health&#8221;, \u00a1completamente en espa\u00f1ol!<\/p>\n<p><a href=\"https:\/\/www.amazon.com\/Fresh-Hope-Viviendo-Diagn%C3%B3stico-Spanish\/dp\/1630508500\/ref=tmm_pap_swatch_0\" target=\"_blank\" rel=\"noopener\">Versi\u00f3n Paperback<\/a><\/p>","protected":false},"featured_media":13244,"comment_status":"open","ping_status":"closed","template":"","meta":{"_acf_changed":false,"_mi_skip_tracking":false,"jetpack_post_was_ever_published":true,"jetpack_publicize_message":"","jetpack_publicize_feature_enabled":true,"jetpack_social_post_already_shared":true,"jetpack_social_options":{"image_generator_settings":{"template":"highway","default_image_id":0,"font":"","enabled":false},"version":2}},"product_brand":[],"product_cat":[920,947,926],"product_tag":[],"class_list":{"0":"post-13063","1":"product","2":"type-product","3":"status-publish","4":"has-post-thumbnail","6":"product_cat-_books","7":"product_cat-f_libros","8":"product_cat-resources-in-spanish","10":"first","11":"instock","12":"downloadable","13":"virtual","14":"purchasable","15":"product-type-simple"},"acf":[],"yoast_head":"<!-- This site is optimized with the Yoast SEO Premium plugin v18.1 (Yoast SEO v27.4) - https:\/\/yoast.com\/product\/yoast-seo-premium-wordpress\/ -->\n<title>Fresh Hope: Viviendo Bien a Pesar de un Diagn\u00f3stico de Salud Mental - Fresh Hope for Mental Health<\/title>\n<meta name=\"robots\" content=\"index, follow, max-snippet:-1, max-image-preview:large, max-video-preview:-1\" \/>\n<link rel=\"canonical\" href=\"https:\/\/freshhope.us\/es\/producto\/fresh-hope-viviendo-bien-a-pesar-de-un-diagnostico-de-salud-mental\/\" \/>\n<meta property=\"og:locale\" content=\"es_MX\" \/>\n<meta property=\"og:type\" content=\"article\" \/>\n<meta property=\"og:title\" content=\"Fresh Hope: Viviendo Bien a Pesar de un Diagn\u00f3stico de Salud Mental\" \/>\n<meta property=\"og:description\" content=\"Versi\u00f3n Digital \u00a1Es un libro maravilloso! Muestra honestamente los fracasos y las desilusiones\u2026 pero est\u00e1 lleno de esperanza, \u00e1nimo, y medidas de acci\u00f3n positivas para una vida llena de esperanza.  La moraleja es que a\u00fan podemos recibir y dar GOZO, sin importar nuestras circunstancias. Re direccionar nuestro pensamiento requiere valor\u2026 pero los resultados de esta lucha \u00a1lo valen!  El inspirador mensaje de esperanza es: \u00a1Soy lo que soy porque Jes\u00fas me ama! Punto.  Diana Waggoner, Directora Ejecutiva Fundaci\u00f3n Kim  Disfruta de esta versi\u00f3n digital del libro &quot;Fresh Hope For Mental Health&quot;, \u00a1completamente en espa\u00f1ol!  Versi\u00f3n Paperback\" \/>\n<meta property=\"og:url\" content=\"https:\/\/freshhope.us\/es\/producto\/fresh-hope-viviendo-bien-a-pesar-de-un-diagnostico-de-salud-mental\/\" \/>\n<meta property=\"og:site_name\" content=\"Fresh Hope for Mental Health\" \/>\n<meta property=\"article:modified_time\" content=\"2026-04-10T20:26:57+00:00\" \/>\n<meta property=\"og:image\" content=\"https:\/\/freshhope.us\/wp-content\/uploads\/2023\/06\/Fresh-Hope-Viviendo-Bien-a-Pesar-de-un-Diagnostico-de-Salud-Mental.png\" \/>\n\t<meta property=\"og:image:width\" content=\"1080\" \/>\n\t<meta property=\"og:image:height\" content=\"1080\" \/>\n\t<meta property=\"og:image:type\" content=\"image\/png\" \/>\n<meta name=\"twitter:label1\" content=\"Tiempo de lectura\" \/>\n\t<meta name=\"twitter:data1\" content=\"1 minuto\" \/>\n<script type=\"application\/ld+json\" class=\"yoast-schema-graph\">{\"@context\":\"https:\\\/\\\/schema.org\",\"@graph\":[{\"@type\":\"WebPage\",\"@id\":\"https:\\\/\\\/freshhope.us\\\/product\\\/fresh-hope-viviendo-bien-a-pesar-de-un-diagnostico-de-salud-mental\\\/\",\"url\":\"https:\\\/\\\/freshhope.us\\\/product\\\/fresh-hope-viviendo-bien-a-pesar-de-un-diagnostico-de-salud-mental\\\/\",\"name\":\"Fresh Hope: Viviendo Bien a Pesar de un Diagn\u00f3stico de Salud Mental - Fresh Hope for Mental Health\",\"isPartOf\":{\"@id\":\"https:\\\/\\\/freshhope.us\\\/#website\"},\"primaryImageOfPage\":{\"@id\":\"https:\\\/\\\/freshhope.us\\\/product\\\/fresh-hope-viviendo-bien-a-pesar-de-un-diagnostico-de-salud-mental\\\/#primaryimage\"},\"image\":{\"@id\":\"https:\\\/\\\/freshhope.us\\\/product\\\/fresh-hope-viviendo-bien-a-pesar-de-un-diagnostico-de-salud-mental\\\/#primaryimage\"},\"thumbnailUrl\":\"https:\\\/\\\/freshhope.us\\\/wp-content\\\/uploads\\\/2023\\\/06\\\/Fresh-Hope-Viviendo-Bien-a-Pesar-de-un-Diagnostico-de-Salud-Mental.png\",\"datePublished\":\"2023-06-13T21:40:32+00:00\",\"dateModified\":\"2026-04-10T20:26:57+00:00\",\"breadcrumb\":{\"@id\":\"https:\\\/\\\/freshhope.us\\\/product\\\/fresh-hope-viviendo-bien-a-pesar-de-un-diagnostico-de-salud-mental\\\/#breadcrumb\"},\"inLanguage\":\"es\",\"potentialAction\":[{\"@type\":\"ReadAction\",\"target\":[\"https:\\\/\\\/freshhope.us\\\/product\\\/fresh-hope-viviendo-bien-a-pesar-de-un-diagnostico-de-salud-mental\\\/\"]}]},{\"@type\":\"ImageObject\",\"inLanguage\":\"es\",\"@id\":\"https:\\\/\\\/freshhope.us\\\/product\\\/fresh-hope-viviendo-bien-a-pesar-de-un-diagnostico-de-salud-mental\\\/#primaryimage\",\"url\":\"https:\\\/\\\/freshhope.us\\\/wp-content\\\/uploads\\\/2023\\\/06\\\/Fresh-Hope-Viviendo-Bien-a-Pesar-de-un-Diagnostico-de-Salud-Mental.png\",\"contentUrl\":\"https:\\\/\\\/freshhope.us\\\/wp-content\\\/uploads\\\/2023\\\/06\\\/Fresh-Hope-Viviendo-Bien-a-Pesar-de-un-Diagnostico-de-Salud-Mental.png\",\"width\":1080,\"height\":1080,\"caption\":\"Fresh Hope: Viviendo Bien a Pesar de un Diagn\u00f3stico de Salud Mental\"},{\"@type\":\"BreadcrumbList\",\"@id\":\"https:\\\/\\\/freshhope.us\\\/product\\\/fresh-hope-viviendo-bien-a-pesar-de-un-diagnostico-de-salud-mental\\\/#breadcrumb\",\"itemListElement\":[{\"@type\":\"ListItem\",\"position\":1,\"name\":\"Shop\",\"item\":\"https:\\\/\\\/freshhope.us\\\/shop\\\/\"},{\"@type\":\"ListItem\",\"position\":2,\"name\":\"Fresh Hope: Viviendo Bien a Pesar de un Diagn\u00f3stico de Salud Mental\"}]},{\"@type\":\"WebSite\",\"@id\":\"https:\\\/\\\/freshhope.us\\\/#website\",\"url\":\"https:\\\/\\\/freshhope.us\\\/\",\"name\":\"Fresh Hope for Mental Health\",\"description\":\"Empowering Those with a Mental Health Challenge Along with Their Loved Ones to Live Full, Rich and Hope-filled Lives\",\"publisher\":{\"@id\":\"https:\\\/\\\/freshhope.us\\\/#organization\"},\"potentialAction\":[{\"@type\":\"SearchAction\",\"target\":{\"@type\":\"EntryPoint\",\"urlTemplate\":\"https:\\\/\\\/freshhope.us\\\/?s={search_term_string}\"},\"query-input\":{\"@type\":\"PropertyValueSpecification\",\"valueRequired\":true,\"valueName\":\"search_term_string\"}}],\"inLanguage\":\"es\"},{\"@type\":\"Organization\",\"@id\":\"https:\\\/\\\/freshhope.us\\\/#organization\",\"name\":\"Fresh Hope for Mental Health\",\"url\":\"https:\\\/\\\/freshhope.us\\\/\",\"logo\":{\"@type\":\"ImageObject\",\"inLanguage\":\"es\",\"@id\":\"https:\\\/\\\/freshhope.us\\\/#\\\/schema\\\/logo\\\/image\\\/\",\"url\":\"https:\\\/\\\/freshhope.us\\\/wp-content\\\/uploads\\\/2020\\\/02\\\/Fresh-Hope-for-Mental-Health-Logo.png\",\"contentUrl\":\"https:\\\/\\\/freshhope.us\\\/wp-content\\\/uploads\\\/2020\\\/02\\\/Fresh-Hope-for-Mental-Health-Logo.png\",\"width\":1013,\"height\":531,\"caption\":\"Fresh Hope for Mental Health\"},\"image\":{\"@id\":\"https:\\\/\\\/freshhope.us\\\/#\\\/schema\\\/logo\\\/image\\\/\"}}]}<\/script>\n<!-- \/ Yoast SEO Premium plugin. -->","yoast_head_json":{"title":"Fresh Hope: Viviendo Bien a Pesar de un Diagn\u00f3stico de Salud Mental - Fresh Hope for Mental Health","robots":{"index":"index","follow":"follow","max-snippet":"max-snippet:-1","max-image-preview":"max-image-preview:large","max-video-preview":"max-video-preview:-1"},"canonical":"https:\/\/freshhope.us\/es\/producto\/fresh-hope-viviendo-bien-a-pesar-de-un-diagnostico-de-salud-mental\/","og_locale":"es_MX","og_type":"article","og_title":"Fresh Hope: Viviendo Bien a Pesar de un Diagn\u00f3stico de Salud Mental","og_description":"Versi\u00f3n Digital \u00a1Es un libro maravilloso! Muestra honestamente los fracasos y las desilusiones\u2026 pero est\u00e1 lleno de esperanza, \u00e1nimo, y medidas de acci\u00f3n positivas para una vida llena de esperanza.  La moraleja es que a\u00fan podemos recibir y dar GOZO, sin importar nuestras circunstancias. Re direccionar nuestro pensamiento requiere valor\u2026 pero los resultados de esta lucha \u00a1lo valen!  El inspirador mensaje de esperanza es: \u00a1Soy lo que soy porque Jes\u00fas me ama! Punto.  Diana Waggoner, Directora Ejecutiva Fundaci\u00f3n Kim  Disfruta de esta versi\u00f3n digital del libro \"Fresh Hope For Mental Health\", \u00a1completamente en espa\u00f1ol!  Versi\u00f3n Paperback","og_url":"https:\/\/freshhope.us\/es\/producto\/fresh-hope-viviendo-bien-a-pesar-de-un-diagnostico-de-salud-mental\/","og_site_name":"Fresh Hope for Mental Health","article_modified_time":"2026-04-10T20:26:57+00:00","og_image":[{"width":1080,"height":1080,"url":"https:\/\/freshhope.us\/wp-content\/uploads\/2023\/06\/Fresh-Hope-Viviendo-Bien-a-Pesar-de-un-Diagnostico-de-Salud-Mental.png","type":"image\/png"}],"twitter_misc":{"Tiempo de lectura":"1 minuto"},"schema":{"@context":"https:\/\/schema.org","@graph":[{"@type":"WebPage","@id":"https:\/\/freshhope.us\/product\/fresh-hope-viviendo-bien-a-pesar-de-un-diagnostico-de-salud-mental\/","url":"https:\/\/freshhope.us\/product\/fresh-hope-viviendo-bien-a-pesar-de-un-diagnostico-de-salud-mental\/","name":"Fresh Hope: Viviendo Bien a Pesar de un Diagn\u00f3stico de Salud Mental - Fresh Hope for Mental Health","isPartOf":{"@id":"https:\/\/freshhope.us\/#website"},"primaryImageOfPage":{"@id":"https:\/\/freshhope.us\/product\/fresh-hope-viviendo-bien-a-pesar-de-un-diagnostico-de-salud-mental\/#primaryimage"},"image":{"@id":"https:\/\/freshhope.us\/product\/fresh-hope-viviendo-bien-a-pesar-de-un-diagnostico-de-salud-mental\/#primaryimage"},"thumbnailUrl":"https:\/\/freshhope.us\/wp-content\/uploads\/2023\/06\/Fresh-Hope-Viviendo-Bien-a-Pesar-de-un-Diagnostico-de-Salud-Mental.png","datePublished":"2023-06-13T21:40:32+00:00","dateModified":"2026-04-10T20:26:57+00:00","breadcrumb":{"@id":"https:\/\/freshhope.us\/product\/fresh-hope-viviendo-bien-a-pesar-de-un-diagnostico-de-salud-mental\/#breadcrumb"},"inLanguage":"es","potentialAction":[{"@type":"ReadAction","target":["https:\/\/freshhope.us\/product\/fresh-hope-viviendo-bien-a-pesar-de-un-diagnostico-de-salud-mental\/"]}]},{"@type":"ImageObject","inLanguage":"es","@id":"https:\/\/freshhope.us\/product\/fresh-hope-viviendo-bien-a-pesar-de-un-diagnostico-de-salud-mental\/#primaryimage","url":"https:\/\/freshhope.us\/wp-content\/uploads\/2023\/06\/Fresh-Hope-Viviendo-Bien-a-Pesar-de-un-Diagnostico-de-Salud-Mental.png","contentUrl":"https:\/\/freshhope.us\/wp-content\/uploads\/2023\/06\/Fresh-Hope-Viviendo-Bien-a-Pesar-de-un-Diagnostico-de-Salud-Mental.png","width":1080,"height":1080,"caption":"Fresh Hope: Viviendo Bien a Pesar de un Diagn\u00f3stico de Salud Mental"},{"@type":"BreadcrumbList","@id":"https:\/\/freshhope.us\/product\/fresh-hope-viviendo-bien-a-pesar-de-un-diagnostico-de-salud-mental\/#breadcrumb","itemListElement":[{"@type":"ListItem","position":1,"name":"Shop","item":"https:\/\/freshhope.us\/shop\/"},{"@type":"ListItem","position":2,"name":"Fresh Hope: Viviendo Bien a Pesar de un Diagn\u00f3stico de Salud Mental"}]},{"@type":"WebSite","@id":"https:\/\/freshhope.us\/#website","url":"https:\/\/freshhope.us\/","name":"Fresh Hope para la Salud Mental","description":"Ayudar a las personas con problemas de salud mental y a sus seres queridos a vivir vidas plenas, enriquecedoras y llenas de esperanza.","publisher":{"@id":"https:\/\/freshhope.us\/#organization"},"potentialAction":[{"@type":"SearchAction","target":{"@type":"EntryPoint","urlTemplate":"https:\/\/freshhope.us\/?s={search_term_string}"},"query-input":{"@type":"PropertyValueSpecification","valueRequired":true,"valueName":"search_term_string"}}],"inLanguage":"es"},{"@type":"Organization","@id":"https:\/\/freshhope.us\/#organization","name":"Fresh Hope para la Salud Mental","url":"https:\/\/freshhope.us\/","logo":{"@type":"ImageObject","inLanguage":"es","@id":"https:\/\/freshhope.us\/#\/schema\/logo\/image\/","url":"https:\/\/freshhope.us\/wp-content\/uploads\/2020\/02\/Fresh-Hope-for-Mental-Health-Logo.png","contentUrl":"https:\/\/freshhope.us\/wp-content\/uploads\/2020\/02\/Fresh-Hope-for-Mental-Health-Logo.png","width":1013,"height":531,"caption":"Fresh Hope for Mental Health"},"image":{"@id":"https:\/\/freshhope.us\/#\/schema\/logo\/image\/"}}]}},"jetpack_publicize_connections":[],"jetpack_sharing_enabled":true,"_links":{"self":[{"href":"https:\/\/freshhope.us\/es\/wp-json\/wp\/v2\/product\/13063","targetHints":{"allow":["GET"]}}],"collection":[{"href":"https:\/\/freshhope.us\/es\/wp-json\/wp\/v2\/product"}],"about":[{"href":"https:\/\/freshhope.us\/es\/wp-json\/wp\/v2\/types\/product"}],"replies":[{"embeddable":true,"href":"https:\/\/freshhope.us\/es\/wp-json\/wp\/v2\/comments?post=13063"}],"version-history":[{"count":0,"href":"https:\/\/freshhope.us\/es\/wp-json\/wp\/v2\/product\/13063\/revisions"}],"wp:featuredmedia":[{"embeddable":true,"href":"https:\/\/freshhope.us\/es\/wp-json\/wp\/v2\/media\/13244"}],"wp:attachment":[{"href":"https:\/\/freshhope.us\/es\/wp-json\/wp\/v2\/media?parent=13063"}],"wp:term":[{"taxonomy":"product_brand","embeddable":true,"href":"https:\/\/freshhope.us\/es\/wp-json\/wp\/v2\/product_brand?post=13063"},{"taxonomy":"product_cat","embeddable":true,"href":"https:\/\/freshhope.us\/es\/wp-json\/wp\/v2\/product_cat?post=13063"},{"taxonomy":"product_tag","embeddable":true,"href":"https:\/\/freshhope.us\/es\/wp-json\/wp\/v2\/product_tag?post=13063"}],"curies":[{"name":"wp","href":"https:\/\/api.w.org\/{rel}","templated":true}]}}