{"id":2703,"date":"2019-07-10T21:00:37","date_gmt":"2019-07-10T21:00:37","guid":{"rendered":"https:\/\/freshhope.site\/resources\/fresh-hope-for-mental-health-podcast\/"},"modified":"2021-08-02T16:10:51","modified_gmt":"2021-08-02T21:10:51","slug":"fresh-hope-for-mental-health-podcast","status":"publish","type":"page","link":"https:\/\/freshhope.us\/es\/fresh-hope-for-mental-health-podcast\/","title":{"rendered":"Podcast de Fresh Hope para la Salud Mental"},"content":{"rendered":"<div data-elementor-type=\"wp-page\" data-elementor-id=\"2703\" class=\"elementor elementor-2703\" data-elementor-post-type=\"page\">\n\t\t\t\t\t\t<section class=\"elementor-section elementor-top-section elementor-element elementor-element-2d36044 elementor-section-boxed elementor-section-height-default elementor-section-height-default\" data-id=\"2d36044\" data-element_type=\"section\" data-e-type=\"section\">\n\t\t\t\t\t\t<div class=\"elementor-container elementor-column-gap-default\">\n\t\t\t\t\t<div class=\"elementor-column elementor-col-100 elementor-top-column elementor-element elementor-element-8c9edcc\" data-id=\"8c9edcc\" data-element_type=\"column\" data-e-type=\"column\">\n\t\t\t<div class=\"elementor-widget-wrap elementor-element-populated\">\n\t\t\t\t\t\t<div class=\"elementor-element elementor-element-1259b55 elementor-widget elementor-widget-text-editor\" data-id=\"1259b55\" data-element_type=\"widget\" data-e-type=\"widget\" data-widget_type=\"text-editor.default\">\n\t\t\t\t\t<div class=\"bb-theme-elementor-wrap bb-elementor-custom-color bb-elementor-custom-size bb-elementor-custom-line-height\">\t\t\t\t<p>A continuaci\u00f3n encontrar\u00e1s todos nuestros podcasts m\u00e1s recientes, con nuevos podcasts a\u00f1adidos regularmente.\u00a0 Esc\u00fachalos aqu\u00ed o en Stitcher, iTunes, o V\u00eda RSS Feed.<\/p>\t\t\t\t<\/div>\t\t\t\t<\/div>\n\t\t\t\t\t<\/div>\n\t\t<\/div>\n\t\t\t\t\t<\/div>\n\t\t<\/section>\n\t\t\t\t<section class=\"elementor-section elementor-top-section elementor-element elementor-element-0d69550 elementor-section-boxed elementor-section-height-default elementor-section-height-default\" data-id=\"0d69550\" data-element_type=\"section\" data-e-type=\"section\">\n\t\t\t\t\t\t<div class=\"elementor-container elementor-column-gap-default\">\n\t\t\t\t\t<div class=\"elementor-column elementor-col-33 elementor-top-column elementor-element elementor-element-c7a64ef\" data-id=\"c7a64ef\" data-element_type=\"column\" data-e-type=\"column\">\n\t\t\t<div class=\"elementor-widget-wrap elementor-element-populated\">\n\t\t\t\t\t\t<div class=\"elementor-element elementor-element-ed5d679 elementor-widget elementor-widget-image\" data-id=\"ed5d679\" data-element_type=\"widget\" data-e-type=\"widget\" data-widget_type=\"image.default\">\n\t\t\t\t\t\t\t\t\t\t\t\t\t\t\t\t<a href=\"http:\/\/www.stitcher.com\/podcast\/pastor-brad-hoefs\/fresh-hope-today\">\n\t\t\t\t\t\t\t<img fetchpriority=\"high\" decoding=\"async\" width=\"300\" height=\"300\" src=\"https:\/\/freshhope.us\/wp-content\/uploads\/2020\/06\/stitcher-circle.png\" class=\"attachment-large size-large wp-image-4476\" alt=\"\" srcset=\"https:\/\/freshhope.us\/wp-content\/uploads\/2020\/06\/stitcher-circle.png 300w, https:\/\/freshhope.us\/wp-content\/uploads\/2020\/06\/stitcher-circle-100x100.png 100w, https:\/\/freshhope.us\/wp-content\/uploads\/2020\/06\/stitcher-circle-150x150.png 150w\" sizes=\"(max-width: 300px) 100vw, 300px\" \/>\t\t\t\t\t\t\t\t<\/a>\n\t\t\t\t\t\t\t\t\t\t\t\t\t\t\t<\/div>\n\t\t\t\t\t<\/div>\n\t\t<\/div>\n\t\t\t\t<div class=\"elementor-column elementor-col-33 elementor-top-column elementor-element elementor-element-94d096b\" data-id=\"94d096b\" data-element_type=\"column\" data-e-type=\"column\">\n\t\t\t<div class=\"elementor-widget-wrap elementor-element-populated\">\n\t\t\t\t\t\t<div class=\"elementor-element elementor-element-e50e90b elementor-widget elementor-widget-image\" data-id=\"e50e90b\" data-element_type=\"widget\" data-e-type=\"widget\" data-widget_type=\"image.default\">\n\t\t\t\t\t\t\t\t\t\t\t\t\t\t\t\t<a href=\"https:\/\/itunes.apple.com\/us\/podcast\/fresh-hope-today-living-well\/id906407226\">\n\t\t\t\t\t\t\t<img decoding=\"async\" width=\"300\" height=\"300\" src=\"https:\/\/freshhope.us\/wp-content\/uploads\/2020\/06\/itunes-subscribe-circle.png\" class=\"attachment-large size-large wp-image-4477\" alt=\"\" srcset=\"https:\/\/freshhope.us\/wp-content\/uploads\/2020\/06\/itunes-subscribe-circle.png 300w, https:\/\/freshhope.us\/wp-content\/uploads\/2020\/06\/itunes-subscribe-circle-100x100.png 100w, https:\/\/freshhope.us\/wp-content\/uploads\/2020\/06\/itunes-subscribe-circle-150x150.png 150w\" sizes=\"(max-width: 300px) 100vw, 300px\" \/>\t\t\t\t\t\t\t\t<\/a>\n\t\t\t\t\t\t\t\t\t\t\t\t\t\t\t<\/div>\n\t\t\t\t\t<\/div>\n\t\t<\/div>\n\t\t\t\t<div class=\"elementor-column elementor-col-33 elementor-top-column elementor-element elementor-element-cee3d13\" data-id=\"cee3d13\" data-element_type=\"column\" data-e-type=\"column\">\n\t\t\t<div class=\"elementor-widget-wrap elementor-element-populated\">\n\t\t\t\t\t\t<div class=\"elementor-element elementor-element-32f873a elementor-widget elementor-widget-image\" data-id=\"32f873a\" data-element_type=\"widget\" data-e-type=\"widget\" data-widget_type=\"image.default\">\n\t\t\t\t\t\t\t\t\t\t\t\t\t\t\t\t<a href=\"https:\/\/freshhopetoday.libsyn.com\/rss\">\n\t\t\t\t\t\t\t<img decoding=\"async\" width=\"300\" height=\"300\" src=\"https:\/\/freshhope.us\/wp-content\/uploads\/2020\/06\/rss-feed-subscribe-circle.png\" class=\"attachment-large size-large wp-image-4478\" alt=\"\" srcset=\"https:\/\/freshhope.us\/wp-content\/uploads\/2020\/06\/rss-feed-subscribe-circle.png 300w, https:\/\/freshhope.us\/wp-content\/uploads\/2020\/06\/rss-feed-subscribe-circle-100x100.png 100w, https:\/\/freshhope.us\/wp-content\/uploads\/2020\/06\/rss-feed-subscribe-circle-150x150.png 150w\" sizes=\"(max-width: 300px) 100vw, 300px\" \/>\t\t\t\t\t\t\t\t<\/a>\n\t\t\t\t\t\t\t\t\t\t\t\t\t\t\t<\/div>\n\t\t\t\t\t<\/div>\n\t\t<\/div>\n\t\t\t\t\t<\/div>\n\t\t<\/section>\n\t\t\t\t<section class=\"elementor-section elementor-top-section elementor-element elementor-element-1df174c elementor-section-boxed elementor-section-height-default elementor-section-height-default\" data-id=\"1df174c\" data-element_type=\"section\" data-e-type=\"section\">\n\t\t\t\t\t\t<div class=\"elementor-container elementor-column-gap-default\">\n\t\t\t\t\t<div class=\"elementor-column elementor-col-100 elementor-top-column elementor-element elementor-element-a0a7892\" data-id=\"a0a7892\" data-element_type=\"column\" data-e-type=\"column\">\n\t\t\t<div class=\"elementor-widget-wrap elementor-element-populated\">\n\t\t\t\t\t\t<div class=\"elementor-element elementor-element-0b48706 uael-equal__height-yes elementor-widget elementor-widget-uael-posts\" data-id=\"0b48706\" data-element_type=\"widget\" data-e-type=\"widget\" data-settings=\"{&quot;classic_slides_to_show&quot;:4,&quot;classic_slides_to_show_tablet&quot;:2,&quot;classic_slides_to_show_mobile&quot;:1,&quot;classic_show_filters&quot;:&quot;no&quot;}\" data-widget_type=\"uael-posts.classic\">\n\t\t\t\t<div class=\"elementor-widget-container\">\n\t\t\t\t\t\t\t<div class=\"uael-post__grid-empty\">\n\t\t\t<p>Sorry, we couldn't find any posts. Please try a different search.<\/p>\n\t\t\t\t\t<\/div>\n\t\t\t\t\t\t<\/div>\n\t\t\t\t<\/div>\n\t\t\t\t\t<\/div>\n\t\t<\/div>\n\t\t\t\t\t<\/div>\n\t\t<\/section>\n\t\t\t\t<\/div>","protected":false},"excerpt":{"rendered":"<p>Below you will find all of our latest podcasts, with new podcasts added regularly.&nbsp; Listen to them here or on: Stitcher, iTunes, Via RSS Feed&hellip;<\/p>","protected":false},"author":2,"featured_media":0,"parent":0,"menu_order":24,"comment_status":"closed","ping_status":"closed","template":"elementor_header_footer","meta":{"_acf_changed":false,"_mi_skip_tracking":false,"jetpack_post_was_ever_published":false,"footnotes":""},"class_list":["post-2703","page","type-page","status-publish","hentry"],"acf":[],"yoast_head":"<!-- This site is optimized with the Yoast SEO Premium plugin v18.1 (Yoast SEO v27.4) - https:\/\/yoast.com\/product\/yoast-seo-premium-wordpress\/ -->\n<title>Fresh Hope for Mental Health - Fresh Hope For Mental Health Podcast<\/title>\n<meta name=\"description\" content=\"A network of Christian Mental Health peer support groups for those who have mental illnesses &amp; their loved ones\" \/>\n<meta name=\"robots\" content=\"index, follow, max-snippet:-1, max-image-preview:large, max-video-preview:-1\" \/>\n<link rel=\"canonical\" href=\"https:\/\/freshhope.us\/es\/resources-deleted__trashed\/fresh-hope-for-mental-health-podcast\/\" \/>\n<meta property=\"og:locale\" content=\"es_MX\" \/>\n<meta property=\"og:type\" content=\"article\" \/>\n<meta property=\"og:title\" content=\"Fresh Hope For Mental Health Podcast\" \/>\n<meta property=\"og:description\" content=\"A network of Christian Mental Health peer support groups for those who have mental illnesses &amp; their loved ones\" \/>\n<meta property=\"og:url\" content=\"https:\/\/freshhope.us\/es\/resources-deleted__trashed\/fresh-hope-for-mental-health-podcast\/\" \/>\n<meta property=\"og:site_name\" content=\"Fresh Hope for Mental Health\" \/>\n<meta property=\"article:modified_time\" content=\"2021-08-02T21:10:51+00:00\" \/>\n<meta property=\"og:image\" content=\"https:\/\/freshhope.us\/wp-content\/uploads\/2022\/06\/Fresh-Hope-Default-Image.png\" \/>\n\t<meta property=\"og:image:width\" content=\"800\" \/>\n\t<meta property=\"og:image:height\" content=\"800\" \/>\n\t<meta property=\"og:image:type\" content=\"image\/png\" \/>\n<meta name=\"twitter:label1\" content=\"Tiempo de lectura\" \/>\n\t<meta name=\"twitter:data1\" content=\"2 minutos\" \/>\n<script type=\"application\/ld+json\" class=\"yoast-schema-graph\">{\"@context\":\"https:\\\/\\\/schema.org\",\"@graph\":[{\"@type\":\"WebPage\",\"@id\":\"https:\\\/\\\/freshhope.us\\\/resources-deleted__trashed\\\/fresh-hope-for-mental-health-podcast\\\/\",\"url\":\"https:\\\/\\\/freshhope.us\\\/resources-deleted__trashed\\\/fresh-hope-for-mental-health-podcast\\\/\",\"name\":\"Fresh Hope for Mental Health - Fresh Hope For Mental Health Podcast\",\"isPartOf\":{\"@id\":\"https:\\\/\\\/freshhope.us\\\/#website\"},\"primaryImageOfPage\":{\"@id\":\"https:\\\/\\\/freshhope.us\\\/resources-deleted__trashed\\\/fresh-hope-for-mental-health-podcast\\\/#primaryimage\"},\"image\":{\"@id\":\"https:\\\/\\\/freshhope.us\\\/resources-deleted__trashed\\\/fresh-hope-for-mental-health-podcast\\\/#primaryimage\"},\"thumbnailUrl\":\"https:\\\/\\\/freshhope.us\\\/wp-content\\\/uploads\\\/2020\\\/06\\\/stitcher-circle.png\",\"datePublished\":\"2019-07-10T21:00:37+00:00\",\"dateModified\":\"2021-08-02T21:10:51+00:00\",\"description\":\"A network of Christian Mental Health peer support groups for those who have mental illnesses & their loved ones\",\"inLanguage\":\"es\",\"potentialAction\":[{\"@type\":\"ReadAction\",\"target\":[\"https:\\\/\\\/freshhope.us\\\/resources-deleted__trashed\\\/fresh-hope-for-mental-health-podcast\\\/\"]}]},{\"@type\":\"ImageObject\",\"inLanguage\":\"es\",\"@id\":\"https:\\\/\\\/freshhope.us\\\/resources-deleted__trashed\\\/fresh-hope-for-mental-health-podcast\\\/#primaryimage\",\"url\":\"https:\\\/\\\/freshhope.us\\\/wp-content\\\/uploads\\\/2020\\\/06\\\/stitcher-circle.png\",\"contentUrl\":\"https:\\\/\\\/freshhope.us\\\/wp-content\\\/uploads\\\/2020\\\/06\\\/stitcher-circle.png\"},{\"@type\":\"WebSite\",\"@id\":\"https:\\\/\\\/freshhope.us\\\/#website\",\"url\":\"https:\\\/\\\/freshhope.us\\\/\",\"name\":\"Fresh Hope for Mental Health\",\"description\":\"Empowering Those with a Mental Health Challenge Along with Their Loved Ones to Live Full, Rich and Hope-filled Lives\",\"publisher\":{\"@id\":\"https:\\\/\\\/freshhope.us\\\/#organization\"},\"potentialAction\":[{\"@type\":\"SearchAction\",\"target\":{\"@type\":\"EntryPoint\",\"urlTemplate\":\"https:\\\/\\\/freshhope.us\\\/?s={search_term_string}\"},\"query-input\":{\"@type\":\"PropertyValueSpecification\",\"valueRequired\":true,\"valueName\":\"search_term_string\"}}],\"inLanguage\":\"es\"},{\"@type\":\"Organization\",\"@id\":\"https:\\\/\\\/freshhope.us\\\/#organization\",\"name\":\"Fresh Hope for Mental Health\",\"url\":\"https:\\\/\\\/freshhope.us\\\/\",\"logo\":{\"@type\":\"ImageObject\",\"inLanguage\":\"es\",\"@id\":\"https:\\\/\\\/freshhope.us\\\/#\\\/schema\\\/logo\\\/image\\\/\",\"url\":\"https:\\\/\\\/freshhope.us\\\/wp-content\\\/uploads\\\/2020\\\/02\\\/Fresh-Hope-for-Mental-Health-Logo.png\",\"contentUrl\":\"https:\\\/\\\/freshhope.us\\\/wp-content\\\/uploads\\\/2020\\\/02\\\/Fresh-Hope-for-Mental-Health-Logo.png\",\"width\":1013,\"height\":531,\"caption\":\"Fresh Hope for Mental Health\"},\"image\":{\"@id\":\"https:\\\/\\\/freshhope.us\\\/#\\\/schema\\\/logo\\\/image\\\/\"}}]}<\/script>\n<!-- \/ Yoast SEO Premium plugin. -->","yoast_head_json":{"title":"Fresh Hope for Mental Health - Fresh Hope For Mental Health Podcast","description":"Una red de grupos cristianos de apoyo a la salud mental para enfermos mentales y sus seres queridos.","robots":{"index":"index","follow":"follow","max-snippet":"max-snippet:-1","max-image-preview":"max-image-preview:large","max-video-preview":"max-video-preview:-1"},"canonical":"https:\/\/freshhope.us\/es\/resources-deleted__trashed\/fresh-hope-for-mental-health-podcast\/","og_locale":"es_MX","og_type":"article","og_title":"Fresh Hope For Mental Health Podcast","og_description":"A network of Christian Mental Health peer support groups for those who have mental illnesses & their loved ones","og_url":"https:\/\/freshhope.us\/es\/resources-deleted__trashed\/fresh-hope-for-mental-health-podcast\/","og_site_name":"Fresh Hope for Mental Health","article_modified_time":"2021-08-02T21:10:51+00:00","og_image":[{"width":800,"height":800,"url":"https:\/\/freshhope.us\/wp-content\/uploads\/2022\/06\/Fresh-Hope-Default-Image.png","type":"image\/png"}],"twitter_misc":{"Tiempo de lectura":"2 minutos"},"schema":{"@context":"https:\/\/schema.org","@graph":[{"@type":"WebPage","@id":"https:\/\/freshhope.us\/resources-deleted__trashed\/fresh-hope-for-mental-health-podcast\/","url":"https:\/\/freshhope.us\/resources-deleted__trashed\/fresh-hope-for-mental-health-podcast\/","name":"Fresh Hope for Mental Health - Fresh Hope For Mental Health Podcast","isPartOf":{"@id":"https:\/\/freshhope.us\/#website"},"primaryImageOfPage":{"@id":"https:\/\/freshhope.us\/resources-deleted__trashed\/fresh-hope-for-mental-health-podcast\/#primaryimage"},"image":{"@id":"https:\/\/freshhope.us\/resources-deleted__trashed\/fresh-hope-for-mental-health-podcast\/#primaryimage"},"thumbnailUrl":"https:\/\/freshhope.us\/wp-content\/uploads\/2020\/06\/stitcher-circle.png","datePublished":"2019-07-10T21:00:37+00:00","dateModified":"2021-08-02T21:10:51+00:00","description":"Una red de grupos cristianos de apoyo a la salud mental para enfermos mentales y sus seres queridos.","inLanguage":"es","potentialAction":[{"@type":"ReadAction","target":["https:\/\/freshhope.us\/resources-deleted__trashed\/fresh-hope-for-mental-health-podcast\/"]}]},{"@type":"ImageObject","inLanguage":"es","@id":"https:\/\/freshhope.us\/resources-deleted__trashed\/fresh-hope-for-mental-health-podcast\/#primaryimage","url":"https:\/\/freshhope.us\/wp-content\/uploads\/2020\/06\/stitcher-circle.png","contentUrl":"https:\/\/freshhope.us\/wp-content\/uploads\/2020\/06\/stitcher-circle.png"},{"@type":"WebSite","@id":"https:\/\/freshhope.us\/#website","url":"https:\/\/freshhope.us\/","name":"Fresh Hope para la Salud Mental","description":"Ayudar a las personas con problemas de salud mental y a sus seres queridos a vivir vidas plenas, enriquecedoras y llenas de esperanza.","publisher":{"@id":"https:\/\/freshhope.us\/#organization"},"potentialAction":[{"@type":"SearchAction","target":{"@type":"EntryPoint","urlTemplate":"https:\/\/freshhope.us\/?s={search_term_string}"},"query-input":{"@type":"PropertyValueSpecification","valueRequired":true,"valueName":"search_term_string"}}],"inLanguage":"es"},{"@type":"Organization","@id":"https:\/\/freshhope.us\/#organization","name":"Fresh Hope para la Salud Mental","url":"https:\/\/freshhope.us\/","logo":{"@type":"ImageObject","inLanguage":"es","@id":"https:\/\/freshhope.us\/#\/schema\/logo\/image\/","url":"https:\/\/freshhope.us\/wp-content\/uploads\/2020\/02\/Fresh-Hope-for-Mental-Health-Logo.png","contentUrl":"https:\/\/freshhope.us\/wp-content\/uploads\/2020\/02\/Fresh-Hope-for-Mental-Health-Logo.png","width":1013,"height":531,"caption":"Fresh Hope for Mental Health"},"image":{"@id":"https:\/\/freshhope.us\/#\/schema\/logo\/image\/"}}]}},"jetpack_sharing_enabled":true,"_links":{"self":[{"href":"https:\/\/freshhope.us\/es\/wp-json\/wp\/v2\/pages\/2703","targetHints":{"allow":["GET"]}}],"collection":[{"href":"https:\/\/freshhope.us\/es\/wp-json\/wp\/v2\/pages"}],"about":[{"href":"https:\/\/freshhope.us\/es\/wp-json\/wp\/v2\/types\/page"}],"author":[{"embeddable":true,"href":"https:\/\/freshhope.us\/es\/wp-json\/wp\/v2\/users\/2"}],"replies":[{"embeddable":true,"href":"https:\/\/freshhope.us\/es\/wp-json\/wp\/v2\/comments?post=2703"}],"version-history":[{"count":0,"href":"https:\/\/freshhope.us\/es\/wp-json\/wp\/v2\/pages\/2703\/revisions"}],"wp:attachment":[{"href":"https:\/\/freshhope.us\/es\/wp-json\/wp\/v2\/media?parent=2703"}],"curies":[{"name":"wp","href":"https:\/\/api.w.org\/{rel}","templated":true}]}}