{"id":2702,"date":"2019-07-10T21:00:37","date_gmt":"2019-07-10T21:00:37","guid":{"rendered":"https:\/\/freshhope.site\/resources\/fresh-hope-webinars\/"},"modified":"2020-06-07T12:14:56","modified_gmt":"2020-06-07T17:14:56","slug":"fresh-hope-webinars","status":"publish","type":"page","link":"https:\/\/freshhope.us\/es\/fresh-hope-webinars\/","title":{"rendered":"Webinars de Fresh Hope"},"content":{"rendered":"<div data-elementor-type=\"wp-page\" data-elementor-id=\"2702\" class=\"elementor elementor-2702\" data-elementor-post-type=\"page\">\n\t\t\t\t\t\t<section class=\"elementor-section elementor-top-section elementor-element elementor-element-de0dc34 elementor-section-boxed elementor-section-height-default elementor-section-height-default\" data-id=\"de0dc34\" data-element_type=\"section\" data-e-type=\"section\">\n\t\t\t\t\t\t<div class=\"elementor-container elementor-column-gap-default\">\n\t\t\t\t\t<div class=\"elementor-column elementor-col-100 elementor-top-column elementor-element elementor-element-4f60ba3\" data-id=\"4f60ba3\" data-element_type=\"column\" data-e-type=\"column\">\n\t\t\t<div class=\"elementor-widget-wrap elementor-element-populated\">\n\t\t\t\t\t\t<div class=\"elementor-element elementor-element-eb5cdef elementor-grid-3 elementor-grid-tablet-2 elementor-grid-mobile-1 elementor-posts--thumbnail-top elementor-card-shadow-yes elementor-posts__hover-gradient elementor-widget elementor-widget-posts\" data-id=\"eb5cdef\" data-element_type=\"widget\" data-e-type=\"widget\" data-settings=\"{&quot;cards_columns&quot;:&quot;3&quot;,&quot;cards_columns_tablet&quot;:&quot;2&quot;,&quot;cards_columns_mobile&quot;:&quot;1&quot;,&quot;cards_row_gap&quot;:{&quot;unit&quot;:&quot;px&quot;,&quot;size&quot;:35,&quot;sizes&quot;:[]},&quot;cards_row_gap_laptop&quot;:{&quot;unit&quot;:&quot;px&quot;,&quot;size&quot;:&quot;&quot;,&quot;sizes&quot;:[]},&quot;cards_row_gap_tablet_extra&quot;:{&quot;unit&quot;:&quot;px&quot;,&quot;size&quot;:&quot;&quot;,&quot;sizes&quot;:[]},&quot;cards_row_gap_tablet&quot;:{&quot;unit&quot;:&quot;px&quot;,&quot;size&quot;:&quot;&quot;,&quot;sizes&quot;:[]},&quot;cards_row_gap_mobile_extra&quot;:{&quot;unit&quot;:&quot;px&quot;,&quot;size&quot;:&quot;&quot;,&quot;sizes&quot;:[]},&quot;cards_row_gap_mobile&quot;:{&quot;unit&quot;:&quot;px&quot;,&quot;size&quot;:&quot;&quot;,&quot;sizes&quot;:[]}}\" data-widget_type=\"posts.cards\">\n\t\t\t\t<div class=\"elementor-widget-container\">\n\t\t\t\t\t\t\t<div class=\"elementor-posts-container elementor-posts elementor-posts--skin-cards elementor-grid\" role=\"list\">\n\t\t\t\t<article class=\"elementor-post elementor-grid-item post-4497 webinars type-webinars status-publish has-post-thumbnail hentry\" role=\"listitem\">\n\t\t\t<div class=\"elementor-post__card\">\n\t\t\t\t<a class=\"elementor-post__thumbnail__link\" href=\"https:\/\/freshhope.us\/es\/webinars\/what-i-wish-my-pastor-knew-about-mental-health\/\" tabindex=\"-1\" ><div class=\"elementor-post__thumbnail\"><img fetchpriority=\"high\" decoding=\"async\" width=\"600\" height=\"403\" src=\"https:\/\/freshhope.us\/wp-content\/uploads\/2020\/06\/what-i-wish-my-pastor-know-about-mental-health-webinar-600x403-1.jpg\" class=\"attachment-full size-full wp-image-4498\" alt=\"\" srcset=\"https:\/\/freshhope.us\/wp-content\/uploads\/2020\/06\/what-i-wish-my-pastor-know-about-mental-health-webinar-600x403-1.jpg 600w, https:\/\/freshhope.us\/wp-content\/uploads\/2020\/06\/what-i-wish-my-pastor-know-about-mental-health-webinar-600x403-1-300x202.jpg 300w, https:\/\/freshhope.us\/wp-content\/uploads\/2020\/06\/what-i-wish-my-pastor-know-about-mental-health-webinar-600x403-1-500x336.jpg 500w\" sizes=\"(max-width: 600px) 100vw, 600px\" \/><\/div><\/a>\n\t\t\t\t<div class=\"elementor-post__text\">\n\t\t\t\t<h3 class=\"elementor-post__title\">\n\t\t\t<a href=\"https:\/\/freshhope.us\/es\/webinars\/what-i-wish-my-pastor-knew-about-mental-health\/\" >\n\t\t\t\tLo Que Quisiera Que Mi Pastor Supiera Sobre Salud Mental\t\t\t<\/a>\n\t\t<\/h3>\n\t\t\t\t<div class=\"elementor-post__excerpt\">\n\t\t\t<p>Lo Que Quisiera Que Mi Pastor Supiera Sobre La Salud Mental Un webinar gratuito para pastores. Presentado por Amy Simpson, Autora de Mentes Problem\u00e1ticas. Reg\u00edstrate a continuaci\u00f3n y el webinar<\/p>\n\t\t<\/div>\n\t\t\n\t\t<a class=\"elementor-post__read-more\" href=\"https:\/\/freshhope.us\/es\/webinars\/what-i-wish-my-pastor-knew-about-mental-health\/\" aria-label=\"Read more about What I Wish My Pastor Knew About Mental Health\" tabindex=\"-1\" >\n\t\t\tM\u00e1s Informaci\u00f3n \u00bb\t\t<\/a>\n\n\t\t\t\t<\/div>\n\t\t\t\t\t<\/div>\n\t\t<\/article>\n\t\t\t\t<article class=\"elementor-post elementor-grid-item post-4333 webinars type-webinars status-publish has-post-thumbnail hentry\" role=\"listitem\">\n\t\t\t<div class=\"elementor-post__card\">\n\t\t\t\t<a class=\"elementor-post__thumbnail__link\" href=\"https:\/\/freshhope.us\/es\/webinars\/how-churches-can-facilitate-access-to-mental-health-care\/\" tabindex=\"-1\" ><div class=\"elementor-post__thumbnail\"><img decoding=\"async\" width=\"600\" height=\"368\" src=\"https:\/\/freshhope.us\/wp-content\/uploads\/2020\/05\/free-webinar-how-churches-can-facilitate-access-to-mental-health-care-600x368-1.jpg\" class=\"attachment-full size-full wp-image-4334\" alt=\"\" srcset=\"https:\/\/freshhope.us\/wp-content\/uploads\/2020\/05\/free-webinar-how-churches-can-facilitate-access-to-mental-health-care-600x368-1.jpg 600w, https:\/\/freshhope.us\/wp-content\/uploads\/2020\/05\/free-webinar-how-churches-can-facilitate-access-to-mental-health-care-600x368-1-300x184.jpg 300w, https:\/\/freshhope.us\/wp-content\/uploads\/2020\/05\/free-webinar-how-churches-can-facilitate-access-to-mental-health-care-600x368-1-500x307.jpg 500w\" sizes=\"(max-width: 600px) 100vw, 600px\" \/><\/div><\/a>\n\t\t\t\t<div class=\"elementor-post__text\">\n\t\t\t\t<h3 class=\"elementor-post__title\">\n\t\t\t<a href=\"https:\/\/freshhope.us\/es\/webinars\/how-churches-can-facilitate-access-to-mental-health-care\/\" >\n\t\t\t\tC\u00f3mo Pueden las Iglesias Facilitar el Acceso a la Atenci\u00f3n de la Salud Mental\t\t\t<\/a>\n\t\t<\/h3>\n\t\t\t\t<div class=\"elementor-post__excerpt\">\n\t\t\t<p>C\u00f3mo Las Iglesias Pueden Facilitar el Acceso a la Atenci\u00f3n de la Salud Mental. Si te gustar\u00eda registrarte en el Webinar A Petici\u00f3n, \"C\u00f3mo Las Iglesias Pueden Facilitar el Acceso<\/p>\n\t\t<\/div>\n\t\t\n\t\t<a class=\"elementor-post__read-more\" href=\"https:\/\/freshhope.us\/es\/webinars\/how-churches-can-facilitate-access-to-mental-health-care\/\" aria-label=\"Read more about How Churches Can Facilitate Access to Mental Health Care\" tabindex=\"-1\" >\n\t\t\tM\u00e1s Informaci\u00f3n \u00bb\t\t<\/a>\n\n\t\t\t\t<\/div>\n\t\t\t\t\t<\/div>\n\t\t<\/article>\n\t\t\t\t<article class=\"elementor-post elementor-grid-item post-4259 webinars type-webinars status-publish has-post-thumbnail hentry\" role=\"listitem\">\n\t\t\t<div class=\"elementor-post__card\">\n\t\t\t\t<a class=\"elementor-post__thumbnail__link\" href=\"https:\/\/freshhope.us\/es\/webinars\/how-to-preach-about-mental-illness\/\" tabindex=\"-1\" ><div class=\"elementor-post__thumbnail\"><img decoding=\"async\" width=\"600\" height=\"402\" src=\"https:\/\/freshhope.us\/wp-content\/uploads\/2020\/05\/Webinar-4-On-Demand-600x402-1.jpg\" class=\"attachment-full size-full wp-image-4502\" alt=\"\" srcset=\"https:\/\/freshhope.us\/wp-content\/uploads\/2020\/05\/Webinar-4-On-Demand-600x402-1.jpg 600w, https:\/\/freshhope.us\/wp-content\/uploads\/2020\/05\/Webinar-4-On-Demand-600x402-1-300x201.jpg 300w, https:\/\/freshhope.us\/wp-content\/uploads\/2020\/05\/Webinar-4-On-Demand-600x402-1-500x335.jpg 500w\" sizes=\"(max-width: 600px) 100vw, 600px\" \/><\/div><\/a>\n\t\t\t\t<div class=\"elementor-post__text\">\n\t\t\t\t<h3 class=\"elementor-post__title\">\n\t\t\t<a href=\"https:\/\/freshhope.us\/es\/webinars\/how-to-preach-about-mental-illness\/\" >\n\t\t\t\tC\u00f3mo Predicar Sobre la Enfermedad Mental\t\t\t<\/a>\n\t\t<\/h3>\n\t\t\t\t<div class=\"elementor-post__excerpt\">\n\t\t\t<p>C\u00f3mo Predicar Sobre la Enfermedad Mental. Si te gustar\u00eda registrarte en el Webinar A Petici\u00f3n, \"C\u00f3mo Predicar Sobre la Enfermedad Mental\", puedes<\/p>\n\t\t<\/div>\n\t\t\n\t\t<a class=\"elementor-post__read-more\" href=\"https:\/\/freshhope.us\/es\/webinars\/how-to-preach-about-mental-illness\/\" aria-label=\"Read more about How to Preach About Mental Illness\" tabindex=\"-1\" >\n\t\t\tM\u00e1s Informaci\u00f3n \u00bb\t\t<\/a>\n\n\t\t\t\t<\/div>\n\t\t\t\t\t<\/div>\n\t\t<\/article>\n\t\t\t\t<\/div>\n\t\t\n\t\t\t\t\t\t<\/div>\n\t\t\t\t<\/div>\n\t\t\t\t\t<\/div>\n\t\t<\/div>\n\t\t\t\t\t<\/div>\n\t\t<\/section>\n\t\t\t\t<\/div>","protected":false},"excerpt":{"rendered":"","protected":false},"author":2,"featured_media":0,"parent":0,"menu_order":23,"comment_status":"closed","ping_status":"closed","template":"","meta":{"_acf_changed":false,"_mi_skip_tracking":false,"jetpack_post_was_ever_published":false,"footnotes":""},"class_list":["post-2702","page","type-page","status-publish","hentry"],"acf":[],"yoast_head":"<!-- This site is optimized with the Yoast SEO Premium plugin v18.1 (Yoast SEO v27.4) - https:\/\/yoast.com\/product\/yoast-seo-premium-wordpress\/ -->\n<title>Fresh Hope for Mental Health - Fresh Hope Webinars<\/title>\n<meta name=\"description\" content=\"A network of Christian Mental Health peer support groups for those who have mental illnesses &amp; their loved ones\" \/>\n<meta name=\"robots\" content=\"index, follow, max-snippet:-1, max-image-preview:large, max-video-preview:-1\" \/>\n<link rel=\"canonical\" href=\"https:\/\/freshhope.us\/es\/resources-deleted__trashed\/fresh-hope-webinars\/\" \/>\n<meta property=\"og:locale\" content=\"es_MX\" \/>\n<meta property=\"og:type\" content=\"article\" \/>\n<meta property=\"og:title\" content=\"Fresh Hope Webinars\" \/>\n<meta property=\"og:description\" content=\"A network of Christian Mental Health peer support groups for those who have mental illnesses &amp; their loved ones\" \/>\n<meta property=\"og:url\" content=\"https:\/\/freshhope.us\/es\/resources-deleted__trashed\/fresh-hope-webinars\/\" \/>\n<meta property=\"og:site_name\" content=\"Fresh Hope for Mental Health\" \/>\n<meta property=\"article:modified_time\" content=\"2020-06-07T17:14:56+00:00\" \/>\n<meta property=\"og:image\" content=\"https:\/\/freshhope.us\/wp-content\/uploads\/2022\/06\/Fresh-Hope-Default-Image.png\" \/>\n\t<meta property=\"og:image:width\" content=\"800\" \/>\n\t<meta property=\"og:image:height\" content=\"800\" \/>\n\t<meta property=\"og:image:type\" content=\"image\/png\" \/>\n<script type=\"application\/ld+json\" class=\"yoast-schema-graph\">{\"@context\":\"https:\\\/\\\/schema.org\",\"@graph\":[{\"@type\":\"WebPage\",\"@id\":\"https:\\\/\\\/freshhope.us\\\/resources-deleted__trashed\\\/fresh-hope-webinars\\\/\",\"url\":\"https:\\\/\\\/freshhope.us\\\/resources-deleted__trashed\\\/fresh-hope-webinars\\\/\",\"name\":\"Fresh Hope for Mental Health - Fresh Hope Webinars\",\"isPartOf\":{\"@id\":\"https:\\\/\\\/freshhope.us\\\/#website\"},\"datePublished\":\"2019-07-10T21:00:37+00:00\",\"dateModified\":\"2020-06-07T17:14:56+00:00\",\"description\":\"A network of Christian Mental Health peer support groups for those who have mental illnesses & their loved ones\",\"inLanguage\":\"es\",\"potentialAction\":[{\"@type\":\"ReadAction\",\"target\":[\"https:\\\/\\\/freshhope.us\\\/resources-deleted__trashed\\\/fresh-hope-webinars\\\/\"]}]},{\"@type\":\"WebSite\",\"@id\":\"https:\\\/\\\/freshhope.us\\\/#website\",\"url\":\"https:\\\/\\\/freshhope.us\\\/\",\"name\":\"Fresh Hope for Mental Health\",\"description\":\"Empowering Those with a Mental Health Challenge Along with Their Loved Ones to Live Full, Rich and Hope-filled Lives\",\"publisher\":{\"@id\":\"https:\\\/\\\/freshhope.us\\\/#organization\"},\"potentialAction\":[{\"@type\":\"SearchAction\",\"target\":{\"@type\":\"EntryPoint\",\"urlTemplate\":\"https:\\\/\\\/freshhope.us\\\/?s={search_term_string}\"},\"query-input\":{\"@type\":\"PropertyValueSpecification\",\"valueRequired\":true,\"valueName\":\"search_term_string\"}}],\"inLanguage\":\"es\"},{\"@type\":\"Organization\",\"@id\":\"https:\\\/\\\/freshhope.us\\\/#organization\",\"name\":\"Fresh Hope for Mental Health\",\"url\":\"https:\\\/\\\/freshhope.us\\\/\",\"logo\":{\"@type\":\"ImageObject\",\"inLanguage\":\"es\",\"@id\":\"https:\\\/\\\/freshhope.us\\\/#\\\/schema\\\/logo\\\/image\\\/\",\"url\":\"https:\\\/\\\/freshhope.us\\\/wp-content\\\/uploads\\\/2020\\\/02\\\/Fresh-Hope-for-Mental-Health-Logo.png\",\"contentUrl\":\"https:\\\/\\\/freshhope.us\\\/wp-content\\\/uploads\\\/2020\\\/02\\\/Fresh-Hope-for-Mental-Health-Logo.png\",\"width\":1013,\"height\":531,\"caption\":\"Fresh Hope for Mental Health\"},\"image\":{\"@id\":\"https:\\\/\\\/freshhope.us\\\/#\\\/schema\\\/logo\\\/image\\\/\"}}]}<\/script>\n<!-- \/ Yoast SEO Premium plugin. -->","yoast_head_json":{"title":"Fresh Hope for Mental Health - Fresh Hope Webinars","description":"Una red de grupos cristianos de apoyo a la salud mental para enfermos mentales y sus seres queridos.","robots":{"index":"index","follow":"follow","max-snippet":"max-snippet:-1","max-image-preview":"max-image-preview:large","max-video-preview":"max-video-preview:-1"},"canonical":"https:\/\/freshhope.us\/es\/resources-deleted__trashed\/fresh-hope-webinars\/","og_locale":"es_MX","og_type":"article","og_title":"Fresh Hope Webinars","og_description":"A network of Christian Mental Health peer support groups for those who have mental illnesses & their loved ones","og_url":"https:\/\/freshhope.us\/es\/resources-deleted__trashed\/fresh-hope-webinars\/","og_site_name":"Fresh Hope for Mental Health","article_modified_time":"2020-06-07T17:14:56+00:00","og_image":[{"width":800,"height":800,"url":"https:\/\/freshhope.us\/wp-content\/uploads\/2022\/06\/Fresh-Hope-Default-Image.png","type":"image\/png"}],"schema":{"@context":"https:\/\/schema.org","@graph":[{"@type":"WebPage","@id":"https:\/\/freshhope.us\/resources-deleted__trashed\/fresh-hope-webinars\/","url":"https:\/\/freshhope.us\/resources-deleted__trashed\/fresh-hope-webinars\/","name":"Fresh Hope for Mental Health - Fresh Hope Webinars","isPartOf":{"@id":"https:\/\/freshhope.us\/#website"},"datePublished":"2019-07-10T21:00:37+00:00","dateModified":"2020-06-07T17:14:56+00:00","description":"Una red de grupos cristianos de apoyo a la salud mental para enfermos mentales y sus seres queridos.","inLanguage":"es","potentialAction":[{"@type":"ReadAction","target":["https:\/\/freshhope.us\/resources-deleted__trashed\/fresh-hope-webinars\/"]}]},{"@type":"WebSite","@id":"https:\/\/freshhope.us\/#website","url":"https:\/\/freshhope.us\/","name":"Fresh Hope para la Salud Mental","description":"Ayudar a las personas con problemas de salud mental y a sus seres queridos a vivir vidas plenas, enriquecedoras y llenas de esperanza.","publisher":{"@id":"https:\/\/freshhope.us\/#organization"},"potentialAction":[{"@type":"SearchAction","target":{"@type":"EntryPoint","urlTemplate":"https:\/\/freshhope.us\/?s={search_term_string}"},"query-input":{"@type":"PropertyValueSpecification","valueRequired":true,"valueName":"search_term_string"}}],"inLanguage":"es"},{"@type":"Organization","@id":"https:\/\/freshhope.us\/#organization","name":"Fresh Hope para la Salud Mental","url":"https:\/\/freshhope.us\/","logo":{"@type":"ImageObject","inLanguage":"es","@id":"https:\/\/freshhope.us\/#\/schema\/logo\/image\/","url":"https:\/\/freshhope.us\/wp-content\/uploads\/2020\/02\/Fresh-Hope-for-Mental-Health-Logo.png","contentUrl":"https:\/\/freshhope.us\/wp-content\/uploads\/2020\/02\/Fresh-Hope-for-Mental-Health-Logo.png","width":1013,"height":531,"caption":"Fresh Hope for Mental Health"},"image":{"@id":"https:\/\/freshhope.us\/#\/schema\/logo\/image\/"}}]}},"jetpack_sharing_enabled":true,"_links":{"self":[{"href":"https:\/\/freshhope.us\/es\/wp-json\/wp\/v2\/pages\/2702","targetHints":{"allow":["GET"]}}],"collection":[{"href":"https:\/\/freshhope.us\/es\/wp-json\/wp\/v2\/pages"}],"about":[{"href":"https:\/\/freshhope.us\/es\/wp-json\/wp\/v2\/types\/page"}],"author":[{"embeddable":true,"href":"https:\/\/freshhope.us\/es\/wp-json\/wp\/v2\/users\/2"}],"replies":[{"embeddable":true,"href":"https:\/\/freshhope.us\/es\/wp-json\/wp\/v2\/comments?post=2702"}],"version-history":[{"count":0,"href":"https:\/\/freshhope.us\/es\/wp-json\/wp\/v2\/pages\/2702\/revisions"}],"wp:attachment":[{"href":"https:\/\/freshhope.us\/es\/wp-json\/wp\/v2\/media?parent=2702"}],"curies":[{"name":"wp","href":"https:\/\/api.w.org\/{rel}","templated":true}]}}