{"id":2695,"date":"2019-07-10T21:00:37","date_gmt":"2019-07-10T21:00:37","guid":{"rendered":"https:\/\/freshhope.site\/groups\/fresh-hope-groups\/trauma-healing-groups\/"},"modified":"2020-05-12T05:26:05","modified_gmt":"2020-05-12T05:26:05","slug":"trauma-healing-groups","status":"publish","type":"page","link":"https:\/\/freshhope.us\/es\/fh-groups\/fresh-hope-groups\/trauma-healing-groups\/","title":{"rendered":"Grupos Trauma Healing \u2014 Grupos de Sanidad Interior"},"content":{"rendered":"<div data-elementor-type=\"wp-page\" data-elementor-id=\"2695\" class=\"elementor elementor-2695\" data-elementor-post-type=\"page\">\n\t\t\t\t\t\t<section class=\"elementor-section elementor-top-section elementor-element elementor-element-94f9de5 elementor-section-boxed elementor-section-height-default elementor-section-height-default\" data-id=\"94f9de5\" data-element_type=\"section\" data-e-type=\"section\">\n\t\t\t\t\t\t<div class=\"elementor-container elementor-column-gap-default\">\n\t\t\t\t\t<div class=\"elementor-column elementor-col-50 elementor-top-column elementor-element elementor-element-26766c3\" data-id=\"26766c3\" data-element_type=\"column\" data-e-type=\"column\">\n\t\t\t<div class=\"elementor-widget-wrap elementor-element-populated\">\n\t\t\t\t\t\t<div class=\"elementor-element elementor-element-565101d elementor-widget elementor-widget-text-editor\" data-id=\"565101d\" data-element_type=\"widget\" data-e-type=\"widget\" data-widget_type=\"text-editor.default\">\n\t\t\t\t\t\t\t\t\t<p><em>\u00bfC\u00f3mo se recuperan las personas del trauma? \u00bfPuede ayudar la Biblia? \u00bfQu\u00e9 puede hacer la iglesia?<\/em><\/p><p><strong>Trauma Healing (Sanidad de Trauma)<\/strong>\u00a0es nuestra respuesta a estas preguntas. Trauma Healing Institute (THI \u2013 Instituto de Sanidad de Trauma) administra el programa Healing the Wounds of Trauma (Sanando las Heridas del Trauma) y apoya la sanaci\u00f3n global del trauma.<\/p><p>El trauma es parte de la experiencia humana en un mundo quebrantado.<\/p><p>El trauma se produce cuando una persona se siente abrumada por el miedo, la impotencia o el horror ante la muerte. Esto afecta a su bienestar psicol\u00f3gico, f\u00edsico, emocional y espiritual.<\/p><p>Esta es la tragedia del trauma.<\/p><p>El trauma altera la vida.<\/p><p>El trauma destruye la esperanza.<\/p><p><em>El trauma se perpet\u00faa en ciclos de violencia.<\/em><\/p><p><em>El trauma a\u00edsla a las personas de s\u00ed mismas, de los dem\u00e1s y de Dios.<\/em><\/p>\t\t\t\t\t\t\t\t<\/div>\n\t\t\t\t\t<\/div>\n\t\t<\/div>\n\t\t\t\t<div class=\"elementor-column elementor-col-50 elementor-top-column elementor-element elementor-element-9c851c5\" data-id=\"9c851c5\" data-element_type=\"column\" data-e-type=\"column\">\n\t\t\t<div class=\"elementor-widget-wrap elementor-element-populated\">\n\t\t\t\t\t\t<div class=\"elementor-element elementor-element-38783de elementor-widget elementor-widget-image\" data-id=\"38783de\" data-element_type=\"widget\" data-e-type=\"widget\" data-widget_type=\"image.default\">\n\t\t\t\t\t\t\t\t\t\t\t\t\t\t\t<img fetchpriority=\"high\" decoding=\"async\" width=\"458\" height=\"458\" src=\"https:\/\/freshhope.us\/wp-content\/uploads\/2021\/10\/Grupos-Trauma-Healing.png\" class=\"attachment-large size-large wp-image-3923\" alt=\"\" srcset=\"\" sizes=\"(max-width: 458px) 100vw, 458px\" data-srcset=\"\" \/>\t\t\t\t\t\t\t\t\t\t\t\t\t\t\t<\/div>\n\t\t\t\t\t<\/div>\n\t\t<\/div>\n\t\t\t\t\t<\/div>\n\t\t<\/section>\n\t\t\t\t<section class=\"elementor-section elementor-top-section elementor-element elementor-element-6f1be6c elementor-section-boxed elementor-section-height-default elementor-section-height-default\" data-id=\"6f1be6c\" data-element_type=\"section\" data-e-type=\"section\">\n\t\t\t\t\t\t<div class=\"elementor-container elementor-column-gap-default\">\n\t\t\t\t\t<div class=\"elementor-column elementor-col-100 elementor-top-column elementor-element elementor-element-588b101\" data-id=\"588b101\" data-element_type=\"column\" data-e-type=\"column\">\n\t\t\t<div class=\"elementor-widget-wrap elementor-element-populated\">\n\t\t\t\t\t\t<div class=\"elementor-element elementor-element-a27aa32 elementor-widget elementor-widget-text-editor\" data-id=\"a27aa32\" data-element_type=\"widget\" data-e-type=\"widget\" data-widget_type=\"text-editor.default\">\n\t\t\t\t\t\t\t\t\t<p>Fresh Hope est\u00e1 capacitando a facilitadores para dirigir grupos de sanaci\u00f3n de traumas. Un grupo tiene una duraci\u00f3n de 10 horas y puede desarrollarse en el transcurso de 3 a 5 d\u00edas. Actualmente, todos los facilitadores de Fresh Hope para traumas se encuentran en Omaha y Houston. Si est\u00e1s interesado en dirigir un grupo en tu \u00e1rea, por favor env\u00eda un correo electr\u00f3nico a\u00a0<a href=\"mailto:egonzalez@freshhope.us\">egonzalez@freshhope.us<\/a>.<\/p>\t\t\t\t\t\t\t\t<\/div>\n\t\t\t\t\t<\/div>\n\t\t<\/div>\n\t\t\t\t\t<\/div>\n\t\t<\/section>\n\t\t\t\t<\/div>","protected":false},"excerpt":{"rendered":"<p>How do people recover from trauma? Can the Bible help? What can the church do? Trauma Healing\u00a0is our response to these questions. Trauma Healing Institute&hellip;<\/p>","protected":false},"author":2,"featured_media":0,"parent":2689,"menu_order":16,"comment_status":"closed","ping_status":"closed","template":"","meta":{"_acf_changed":false,"_mi_skip_tracking":false,"jetpack_post_was_ever_published":false,"footnotes":""},"class_list":["post-2695","page","type-page","status-publish","hentry"],"acf":[],"yoast_head":"<!-- This site is optimized with the Yoast SEO Premium plugin v18.1 (Yoast SEO v27.4) - https:\/\/yoast.com\/product\/yoast-seo-premium-wordpress\/ -->\n<title>Fresh Hope for Mental Health - Trauma Healing Groups<\/title>\n<meta name=\"description\" content=\"A network of Christian Mental Health peer support groups for those who have mental illnesses &amp; their loved ones\" \/>\n<meta name=\"robots\" content=\"index, follow, max-snippet:-1, max-image-preview:large, max-video-preview:-1\" \/>\n<link rel=\"canonical\" href=\"https:\/\/freshhope.us\/es\/fh-groups\/fresh-hope-groups\/trauma-healing-groups\/\" \/>\n<meta property=\"og:locale\" content=\"es_MX\" \/>\n<meta property=\"og:type\" content=\"article\" \/>\n<meta property=\"og:title\" content=\"Trauma Healing Groups\" \/>\n<meta property=\"og:description\" content=\"A network of Christian Mental Health peer support groups for those who have mental illnesses &amp; their loved ones\" \/>\n<meta property=\"og:url\" content=\"https:\/\/freshhope.us\/es\/fh-groups\/fresh-hope-groups\/trauma-healing-groups\/\" \/>\n<meta property=\"og:site_name\" content=\"Fresh Hope for Mental Health\" \/>\n<meta property=\"article:modified_time\" content=\"2020-05-12T05:26:05+00:00\" \/>\n<meta property=\"og:image\" content=\"https:\/\/freshhope.us\/wp-content\/uploads\/2022\/06\/Fresh-Hope-Default-Image.png\" \/>\n\t<meta property=\"og:image:width\" content=\"800\" \/>\n\t<meta property=\"og:image:height\" content=\"800\" \/>\n\t<meta property=\"og:image:type\" content=\"image\/png\" \/>\n<meta name=\"twitter:label1\" content=\"Tiempo de lectura\" \/>\n\t<meta name=\"twitter:data1\" content=\"1 minuto\" \/>\n<script type=\"application\/ld+json\" class=\"yoast-schema-graph\">{\"@context\":\"https:\\\/\\\/schema.org\",\"@graph\":[{\"@type\":\"WebPage\",\"@id\":\"https:\\\/\\\/freshhope.us\\\/fh-groups\\\/fresh-hope-groups\\\/trauma-healing-groups\\\/\",\"url\":\"https:\\\/\\\/freshhope.us\\\/fh-groups\\\/fresh-hope-groups\\\/trauma-healing-groups\\\/\",\"name\":\"Fresh Hope for Mental Health - Trauma Healing Groups\",\"isPartOf\":{\"@id\":\"https:\\\/\\\/freshhope.us\\\/#website\"},\"primaryImageOfPage\":{\"@id\":\"https:\\\/\\\/freshhope.us\\\/fh-groups\\\/fresh-hope-groups\\\/trauma-healing-groups\\\/#primaryimage\"},\"image\":{\"@id\":\"https:\\\/\\\/freshhope.us\\\/fh-groups\\\/fresh-hope-groups\\\/trauma-healing-groups\\\/#primaryimage\"},\"thumbnailUrl\":\"https:\\\/\\\/freshhope.us\\\/wp-content\\\/uploads\\\/2020\\\/05\\\/trauma-healing-groups.jpg\",\"datePublished\":\"2019-07-10T21:00:37+00:00\",\"dateModified\":\"2020-05-12T05:26:05+00:00\",\"description\":\"A network of Christian Mental Health peer support groups for those who have mental illnesses & their loved ones\",\"breadcrumb\":{\"@id\":\"https:\\\/\\\/freshhope.us\\\/fh-groups\\\/fresh-hope-groups\\\/trauma-healing-groups\\\/#breadcrumb\"},\"inLanguage\":\"es\",\"potentialAction\":[{\"@type\":\"ReadAction\",\"target\":[\"https:\\\/\\\/freshhope.us\\\/fh-groups\\\/fresh-hope-groups\\\/trauma-healing-groups\\\/\"]}]},{\"@type\":\"ImageObject\",\"inLanguage\":\"es\",\"@id\":\"https:\\\/\\\/freshhope.us\\\/fh-groups\\\/fresh-hope-groups\\\/trauma-healing-groups\\\/#primaryimage\",\"url\":\"https:\\\/\\\/freshhope.us\\\/wp-content\\\/uploads\\\/2020\\\/05\\\/trauma-healing-groups.jpg\",\"contentUrl\":\"https:\\\/\\\/freshhope.us\\\/wp-content\\\/uploads\\\/2020\\\/05\\\/trauma-healing-groups.jpg\"},{\"@type\":\"BreadcrumbList\",\"@id\":\"https:\\\/\\\/freshhope.us\\\/fh-groups\\\/fresh-hope-groups\\\/trauma-healing-groups\\\/#breadcrumb\",\"itemListElement\":[{\"@type\":\"ListItem\",\"position\":1,\"name\":\"FH Groups\",\"item\":\"https:\\\/\\\/freshhope.us\\\/fh-groups\\\/\"},{\"@type\":\"ListItem\",\"position\":2,\"name\":\"Fresh Hope Groups\",\"item\":\"https:\\\/\\\/freshhope.us\\\/fh-groups\\\/fresh-hope-groups\\\/\"},{\"@type\":\"ListItem\",\"position\":3,\"name\":\"Trauma Healing Groups\"}]},{\"@type\":\"WebSite\",\"@id\":\"https:\\\/\\\/freshhope.us\\\/#website\",\"url\":\"https:\\\/\\\/freshhope.us\\\/\",\"name\":\"Fresh Hope for Mental Health\",\"description\":\"Empowering Those with a Mental Health Challenge Along with Their Loved Ones to Live Full, Rich and Hope-filled Lives\",\"publisher\":{\"@id\":\"https:\\\/\\\/freshhope.us\\\/#organization\"},\"potentialAction\":[{\"@type\":\"SearchAction\",\"target\":{\"@type\":\"EntryPoint\",\"urlTemplate\":\"https:\\\/\\\/freshhope.us\\\/?s={search_term_string}\"},\"query-input\":{\"@type\":\"PropertyValueSpecification\",\"valueRequired\":true,\"valueName\":\"search_term_string\"}}],\"inLanguage\":\"es\"},{\"@type\":\"Organization\",\"@id\":\"https:\\\/\\\/freshhope.us\\\/#organization\",\"name\":\"Fresh Hope for Mental Health\",\"url\":\"https:\\\/\\\/freshhope.us\\\/\",\"logo\":{\"@type\":\"ImageObject\",\"inLanguage\":\"es\",\"@id\":\"https:\\\/\\\/freshhope.us\\\/#\\\/schema\\\/logo\\\/image\\\/\",\"url\":\"https:\\\/\\\/freshhope.us\\\/wp-content\\\/uploads\\\/2020\\\/02\\\/Fresh-Hope-for-Mental-Health-Logo.png\",\"contentUrl\":\"https:\\\/\\\/freshhope.us\\\/wp-content\\\/uploads\\\/2020\\\/02\\\/Fresh-Hope-for-Mental-Health-Logo.png\",\"width\":1013,\"height\":531,\"caption\":\"Fresh Hope for Mental Health\"},\"image\":{\"@id\":\"https:\\\/\\\/freshhope.us\\\/#\\\/schema\\\/logo\\\/image\\\/\"}}]}<\/script>\n<!-- \/ Yoast SEO Premium plugin. -->","yoast_head_json":{"title":"Fresh Hope for Mental Health - Trauma Healing Groups","description":"Una red de grupos cristianos de apoyo a la salud mental para enfermos mentales y sus seres queridos.","robots":{"index":"index","follow":"follow","max-snippet":"max-snippet:-1","max-image-preview":"max-image-preview:large","max-video-preview":"max-video-preview:-1"},"canonical":"https:\/\/freshhope.us\/es\/fh-groups\/fresh-hope-groups\/trauma-healing-groups\/","og_locale":"es_MX","og_type":"article","og_title":"Trauma Healing Groups","og_description":"A network of Christian Mental Health peer support groups for those who have mental illnesses & their loved ones","og_url":"https:\/\/freshhope.us\/es\/fh-groups\/fresh-hope-groups\/trauma-healing-groups\/","og_site_name":"Fresh Hope for Mental Health","article_modified_time":"2020-05-12T05:26:05+00:00","og_image":[{"width":800,"height":800,"url":"https:\/\/freshhope.us\/wp-content\/uploads\/2022\/06\/Fresh-Hope-Default-Image.png","type":"image\/png"}],"twitter_misc":{"Tiempo de lectura":"1 minuto"},"schema":{"@context":"https:\/\/schema.org","@graph":[{"@type":"WebPage","@id":"https:\/\/freshhope.us\/fh-groups\/fresh-hope-groups\/trauma-healing-groups\/","url":"https:\/\/freshhope.us\/fh-groups\/fresh-hope-groups\/trauma-healing-groups\/","name":"Fresh Hope for Mental Health - Trauma Healing Groups","isPartOf":{"@id":"https:\/\/freshhope.us\/#website"},"primaryImageOfPage":{"@id":"https:\/\/freshhope.us\/fh-groups\/fresh-hope-groups\/trauma-healing-groups\/#primaryimage"},"image":{"@id":"https:\/\/freshhope.us\/fh-groups\/fresh-hope-groups\/trauma-healing-groups\/#primaryimage"},"thumbnailUrl":"https:\/\/freshhope.us\/wp-content\/uploads\/2020\/05\/trauma-healing-groups.jpg","datePublished":"2019-07-10T21:00:37+00:00","dateModified":"2020-05-12T05:26:05+00:00","description":"Una red de grupos cristianos de apoyo a la salud mental para enfermos mentales y sus seres queridos.","breadcrumb":{"@id":"https:\/\/freshhope.us\/fh-groups\/fresh-hope-groups\/trauma-healing-groups\/#breadcrumb"},"inLanguage":"es","potentialAction":[{"@type":"ReadAction","target":["https:\/\/freshhope.us\/fh-groups\/fresh-hope-groups\/trauma-healing-groups\/"]}]},{"@type":"ImageObject","inLanguage":"es","@id":"https:\/\/freshhope.us\/fh-groups\/fresh-hope-groups\/trauma-healing-groups\/#primaryimage","url":"https:\/\/freshhope.us\/wp-content\/uploads\/2020\/05\/trauma-healing-groups.jpg","contentUrl":"https:\/\/freshhope.us\/wp-content\/uploads\/2020\/05\/trauma-healing-groups.jpg"},{"@type":"BreadcrumbList","@id":"https:\/\/freshhope.us\/fh-groups\/fresh-hope-groups\/trauma-healing-groups\/#breadcrumb","itemListElement":[{"@type":"ListItem","position":1,"name":"FH Groups","item":"https:\/\/freshhope.us\/fh-groups\/"},{"@type":"ListItem","position":2,"name":"Fresh Hope Groups","item":"https:\/\/freshhope.us\/fh-groups\/fresh-hope-groups\/"},{"@type":"ListItem","position":3,"name":"Trauma Healing Groups"}]},{"@type":"WebSite","@id":"https:\/\/freshhope.us\/#website","url":"https:\/\/freshhope.us\/","name":"Fresh Hope para la Salud Mental","description":"Ayudar a las personas con problemas de salud mental y a sus seres queridos a vivir vidas plenas, enriquecedoras y llenas de esperanza.","publisher":{"@id":"https:\/\/freshhope.us\/#organization"},"potentialAction":[{"@type":"SearchAction","target":{"@type":"EntryPoint","urlTemplate":"https:\/\/freshhope.us\/?s={search_term_string}"},"query-input":{"@type":"PropertyValueSpecification","valueRequired":true,"valueName":"search_term_string"}}],"inLanguage":"es"},{"@type":"Organization","@id":"https:\/\/freshhope.us\/#organization","name":"Fresh Hope para la Salud Mental","url":"https:\/\/freshhope.us\/","logo":{"@type":"ImageObject","inLanguage":"es","@id":"https:\/\/freshhope.us\/#\/schema\/logo\/image\/","url":"https:\/\/freshhope.us\/wp-content\/uploads\/2020\/02\/Fresh-Hope-for-Mental-Health-Logo.png","contentUrl":"https:\/\/freshhope.us\/wp-content\/uploads\/2020\/02\/Fresh-Hope-for-Mental-Health-Logo.png","width":1013,"height":531,"caption":"Fresh Hope for Mental Health"},"image":{"@id":"https:\/\/freshhope.us\/#\/schema\/logo\/image\/"}}]}},"jetpack_sharing_enabled":true,"_links":{"self":[{"href":"https:\/\/freshhope.us\/es\/wp-json\/wp\/v2\/pages\/2695","targetHints":{"allow":["GET"]}}],"collection":[{"href":"https:\/\/freshhope.us\/es\/wp-json\/wp\/v2\/pages"}],"about":[{"href":"https:\/\/freshhope.us\/es\/wp-json\/wp\/v2\/types\/page"}],"author":[{"embeddable":true,"href":"https:\/\/freshhope.us\/es\/wp-json\/wp\/v2\/users\/2"}],"replies":[{"embeddable":true,"href":"https:\/\/freshhope.us\/es\/wp-json\/wp\/v2\/comments?post=2695"}],"version-history":[{"count":0,"href":"https:\/\/freshhope.us\/es\/wp-json\/wp\/v2\/pages\/2695\/revisions"}],"up":[{"embeddable":true,"href":"https:\/\/freshhope.us\/es\/wp-json\/wp\/v2\/pages\/2689"}],"wp:attachment":[{"href":"https:\/\/freshhope.us\/es\/wp-json\/wp\/v2\/media?parent=2695"}],"curies":[{"name":"wp","href":"https:\/\/api.w.org\/{rel}","templated":true}]}}