{"id":15914,"date":"2024-06-13T17:00:28","date_gmt":"2024-06-13T22:00:28","guid":{"rendered":"https:\/\/freshhope.us\/?page_id=15914"},"modified":"2025-06-24T23:21:46","modified_gmt":"2025-06-25T04:21:46","slug":"essential-documents","status":"publish","type":"page","link":"https:\/\/freshhope.us\/es\/facilitator-resources\/spanish\/essential-documents\/","title":{"rendered":"Essential Documents"},"content":{"rendered":"<div data-elementor-type=\"wp-page\" data-elementor-id=\"15914\" class=\"elementor elementor-15914\" data-elementor-post-type=\"page\">\n\t\t\t\t<div class=\"elementor-element elementor-element-0178eae e-flex e-con-boxed e-con e-parent\" data-id=\"0178eae\" data-element_type=\"container\" data-e-type=\"container\">\n\t\t\t\t\t<div class=\"e-con-inner\">\n\t\t\t\t<div class=\"elementor-element elementor-element-1622a1c elementor-widget elementor-widget-heading\" data-id=\"1622a1c\" data-element_type=\"widget\" data-e-type=\"widget\" data-widget_type=\"heading.default\">\n\t\t\t\t\t<h1 class=\"elementor-heading-title elementor-size-default\">Documentos Esenciales<\/h1>\t\t\t\t<\/div>\n\t\t\t\t\t<\/div>\n\t\t\t\t<\/div>\n\t\t<div class=\"elementor-element elementor-element-c80055b e-flex e-con-boxed e-con e-parent\" data-id=\"c80055b\" data-element_type=\"container\" data-e-type=\"container\">\n\t\t\t\t\t<div class=\"e-con-inner\">\n\t\t<div class=\"elementor-element elementor-element-acdcc02 e-con-full e-flex e-con e-child\" data-id=\"acdcc02\" data-element_type=\"container\" data-e-type=\"container\">\n\t\t\t\t<div class=\"elementor-element elementor-element-e8910b4 elementor-widget elementor-widget-image\" data-id=\"e8910b4\" data-element_type=\"widget\" data-e-type=\"widget\" data-widget_type=\"image.default\">\n\t\t\t\t\t\t\t\t\t\t\t\t\t\t\t\t<a href=\"https:\/\/docs.google.com\/forms\/d\/140qabxaASNW9RC_lwG0vAna1QWxH0MWHPDQhEN3QT2Y\/edit\">\n\t\t\t\t\t\t\t<img decoding=\"async\" src=\"https:\/\/freshhope.us\/wp-content\/uploads\/2024\/01\/WhatsApp-Image-2024-01-23-at-10.28.32-AM.jpeg\" title=\"\" alt=\"\" loading=\"lazy\" \/>\t\t\t\t\t\t\t\t<\/a>\n\t\t\t\t\t\t\t\t\t\t\t\t\t\t\t<\/div>\n\t\t\t\t<div class=\"elementor-element elementor-element-e049880 elementor-widget elementor-widget-heading\" data-id=\"e049880\" data-element_type=\"widget\" data-e-type=\"widget\" data-widget_type=\"heading.default\">\n\t\t\t\t\t<h2 class=\"elementor-heading-title elementor-size-default\"><a href=\"https:\/\/docs.google.com\/forms\/d\/140qabxaASNW9RC_lwG0vAna1QWxH0MWHPDQhEN3QT2Y\/edit\">Solicitud de Selecci\u00f3n<\/a><\/h2>\t\t\t\t<\/div>\n\t\t\t\t<\/div>\n\t\t<div class=\"elementor-element elementor-element-505e165 e-con-full e-flex e-con e-child\" data-id=\"505e165\" data-element_type=\"container\" data-e-type=\"container\">\n\t\t\t\t<div class=\"elementor-element elementor-element-25953f7 elementor-widget elementor-widget-image\" data-id=\"25953f7\" data-element_type=\"widget\" data-e-type=\"widget\" data-widget_type=\"image.default\">\n\t\t\t\t\t\t\t\t\t\t\t\t\t\t\t\t<a href=\"https:\/\/docs.google.com\/forms\/d\/1Bw3jEVYIQfAS2P4Af4bTypHBBPo1KxdPfJZpNxpEut0\/edit\">\n\t\t\t\t\t\t\t<img decoding=\"async\" src=\"https:\/\/freshhope.us\/wp-content\/uploads\/2024\/01\/WhatsApp-Image-2024-01-23-at-10.28.32-AM.jpeg\" title=\"\" alt=\"\" loading=\"lazy\" \/>\t\t\t\t\t\t\t\t<\/a>\n\t\t\t\t\t\t\t\t\t\t\t\t\t\t\t<\/div>\n\t\t\t\t<div class=\"elementor-element elementor-element-4f00727 elementor-widget elementor-widget-heading\" data-id=\"4f00727\" data-element_type=\"widget\" data-e-type=\"widget\" data-widget_type=\"heading.default\">\n\t\t\t\t\t<h2 class=\"elementor-heading-title elementor-size-default\"><a href=\"https:\/\/docs.google.com\/forms\/d\/1Bw3jEVYIQfAS2P4Af4bTypHBBPo1KxdPfJZpNxpEut0\/edit\">Recomendaci\u00f3n Pastoral<\/a><\/h2>\t\t\t\t<\/div>\n\t\t\t\t<\/div>\n\t\t<div class=\"elementor-element elementor-element-63e2a06 e-con-full e-flex e-con e-child\" data-id=\"63e2a06\" data-element_type=\"container\" data-e-type=\"container\">\n\t\t\t\t<div class=\"elementor-element elementor-element-b2ada1f elementor-widget elementor-widget-image\" data-id=\"b2ada1f\" data-element_type=\"widget\" data-e-type=\"widget\" data-widget_type=\"image.default\">\n\t\t\t\t\t\t\t\t\t\t\t\t\t\t\t\t<a href=\"https:\/\/freshhope.us\/es\/formulario-resumen-reunion\/\">\n\t\t\t\t\t\t\t<img decoding=\"async\" src=\"https:\/\/freshhope.us\/wp-content\/uploads\/2024\/01\/WhatsApp-Image-2024-01-23-at-10.28.32-AM.jpeg\" title=\"\" alt=\"\" loading=\"lazy\" \/>\t\t\t\t\t\t\t\t<\/a>\n\t\t\t\t\t\t\t\t\t\t\t\t\t\t\t<\/div>\n\t\t\t\t<div class=\"elementor-element elementor-element-ea272a7 elementor-widget elementor-widget-heading\" data-id=\"ea272a7\" data-element_type=\"widget\" data-e-type=\"widget\" data-widget_type=\"heading.default\">\n\t\t\t\t\t<h2 class=\"elementor-heading-title elementor-size-default\"><a href=\"https:\/\/freshhope.us\/es\/formulario-resumen-reunion\/\">Formulario de Resumen de Reuni\u00f3n<\/a><\/h2>\t\t\t\t<\/div>\n\t\t\t\t<\/div>\n\t\t\t\t\t<\/div>\n\t\t\t\t<\/div>\n\t\t<div class=\"elementor-element elementor-element-e319710 e-flex e-con-boxed e-con e-parent\" data-id=\"e319710\" data-element_type=\"container\" data-e-type=\"container\">\n\t\t\t\t\t<div class=\"e-con-inner\">\n\t\t<div class=\"elementor-element elementor-element-171a58c e-con-full e-flex e-con e-child\" data-id=\"171a58c\" data-element_type=\"container\" data-e-type=\"container\">\n\t\t\t\t<div class=\"elementor-element elementor-element-1a3433d elementor-widget elementor-widget-image\" data-id=\"1a3433d\" data-element_type=\"widget\" data-e-type=\"widget\" data-widget_type=\"image.default\">\n\t\t\t\t\t\t\t\t\t\t\t\t\t\t\t\t<a href=\"https:\/\/docs.google.com\/forms\/d\/1QYqFAJ424I1-Tjk1D16DR_xmlr6kpcis-OKarK3DElQ\/edit\">\n\t\t\t\t\t\t\t<img decoding=\"async\" src=\"https:\/\/freshhope.us\/wp-content\/uploads\/2024\/01\/WhatsApp-Image-2024-01-23-at-10.28.32-AM.jpeg\" title=\"\" alt=\"\" loading=\"lazy\" \/>\t\t\t\t\t\t\t\t<\/a>\n\t\t\t\t\t\t\t\t\t\t\t\t\t\t\t<\/div>\n\t\t\t\t<div class=\"elementor-element elementor-element-d66c4fb elementor-widget elementor-widget-heading\" data-id=\"d66c4fb\" data-element_type=\"widget\" data-e-type=\"widget\" data-widget_type=\"heading.default\">\n\t\t\t\t\t<h2 class=\"elementor-heading-title elementor-size-default\"><a href=\"https:\/\/docs.google.com\/forms\/d\/1QYqFAJ424I1-Tjk1D16DR_xmlr6kpcis-OKarK3DElQ\/edit\">Recomendaci\u00f3n M\u00e9dica<\/a><\/h2>\t\t\t\t<\/div>\n\t\t\t\t<\/div>\n\t\t<div class=\"elementor-element elementor-element-70d00d7 e-con-full e-flex e-con e-child\" data-id=\"70d00d7\" data-element_type=\"container\" data-e-type=\"container\">\n\t\t\t\t<div class=\"elementor-element elementor-element-9c4dc67 elementor-widget elementor-widget-image\" data-id=\"9c4dc67\" data-element_type=\"widget\" data-e-type=\"widget\" data-widget_type=\"image.default\">\n\t\t\t\t\t\t\t\t\t\t\t\t\t\t\t\t<a href=\"https:\/\/drive.google.com\/file\/d\/1ZkJuZiUzRldMwvTf6CkfyzhKYtU4BgzW\/view?usp=sharing\">\n\t\t\t\t\t\t\t<img decoding=\"async\" src=\"https:\/\/freshhope.us\/wp-content\/uploads\/2024\/01\/WhatsApp-Image-2024-01-23-at-10.28.32-AM.jpeg\" title=\"\" alt=\"\" loading=\"lazy\" \/>\t\t\t\t\t\t\t\t<\/a>\n\t\t\t\t\t\t\t\t\t\t\t\t\t\t\t<\/div>\n\t\t\t\t<div class=\"elementor-element elementor-element-e7871c1 elementor-widget elementor-widget-heading\" data-id=\"e7871c1\" data-element_type=\"widget\" data-e-type=\"widget\" data-widget_type=\"heading.default\">\n\t\t\t\t\t<h2 class=\"elementor-heading-title elementor-size-default\"><a href=\"https:\/\/drive.google.com\/file\/d\/1ZkJuZiUzRldMwvTf6CkfyzhKYtU4BgzW\/view?usp=sharing\">Hoja de Informaci\u00f3n de Contacto<\/a><\/h2>\t\t\t\t<\/div>\n\t\t\t\t<\/div>\n\t\t\t\t\t<\/div>\n\t\t\t\t<\/div>\n\t\t\t\t<\/div>","protected":false},"excerpt":{"rendered":"<p>Documentos Esenciales Solicitud de Selecci\u00f3n Recomendaci\u00f3n Pastoral Formulario de Resumen de Reuni\u00f3n Recomendaci\u00f3n M\u00e9dica Hoja de Informaci\u00f3n de Contacto<\/p>","protected":false},"author":2520,"featured_media":0,"parent":14208,"menu_order":0,"comment_status":"closed","ping_status":"closed","template":"","meta":{"_acf_changed":false,"_mi_skip_tracking":false,"jetpack_post_was_ever_published":false,"footnotes":""},"class_list":["post-15914","page","type-page","status-publish","hentry"],"acf":[],"yoast_head":"<!-- This site is optimized with the Yoast SEO Premium plugin v18.1 (Yoast SEO v27.3) - https:\/\/yoast.com\/product\/yoast-seo-premium-wordpress\/ -->\n<title>Fresh Hope for Mental Health - Essential Documents<\/title>\n<meta name=\"description\" content=\"A network of Christian Mental Health peer support groups for those who have mental illnesses &amp; their loved ones\" \/>\n<meta name=\"robots\" content=\"index, follow, max-snippet:-1, max-image-preview:large, max-video-preview:-1\" \/>\n<link rel=\"canonical\" href=\"https:\/\/freshhope.us\/es\/facilitator-resources\/spanish\/essential-documents\/\" \/>\n<meta property=\"og:locale\" content=\"es_MX\" \/>\n<meta property=\"og:type\" content=\"article\" \/>\n<meta property=\"og:title\" content=\"Essential Documents\" \/>\n<meta property=\"og:description\" content=\"A network of Christian Mental Health peer support groups for those who have mental illnesses &amp; their loved ones\" \/>\n<meta property=\"og:url\" content=\"https:\/\/freshhope.us\/es\/facilitator-resources\/spanish\/essential-documents\/\" \/>\n<meta property=\"og:site_name\" content=\"Fresh Hope for Mental Health\" \/>\n<meta property=\"article:modified_time\" content=\"2025-06-25T04:21:46+00:00\" \/>\n<meta name=\"twitter:label1\" content=\"Tiempo de lectura\" \/>\n\t<meta name=\"twitter:data1\" content=\"2 minutos\" \/>\n<script type=\"application\/ld+json\" class=\"yoast-schema-graph\">{\"@context\":\"https:\\\/\\\/schema.org\",\"@graph\":[{\"@type\":\"WebPage\",\"@id\":\"https:\\\/\\\/freshhope.us\\\/facilitator-resources\\\/spanish\\\/essential-documents\\\/\",\"url\":\"https:\\\/\\\/freshhope.us\\\/facilitator-resources\\\/spanish\\\/essential-documents\\\/\",\"name\":\"Fresh Hope for Mental Health - Essential Documents\",\"isPartOf\":{\"@id\":\"https:\\\/\\\/freshhope.us\\\/#website\"},\"primaryImageOfPage\":{\"@id\":\"https:\\\/\\\/freshhope.us\\\/facilitator-resources\\\/spanish\\\/essential-documents\\\/#primaryimage\"},\"image\":{\"@id\":\"https:\\\/\\\/freshhope.us\\\/facilitator-resources\\\/spanish\\\/essential-documents\\\/#primaryimage\"},\"thumbnailUrl\":\"https:\\\/\\\/freshhope.us\\\/wp-content\\\/uploads\\\/2024\\\/01\\\/WhatsApp-Image-2024-01-23-at-10.28.32-AM-300x300.jpeg\",\"datePublished\":\"2024-06-13T22:00:28+00:00\",\"dateModified\":\"2025-06-25T04:21:46+00:00\",\"description\":\"A network of Christian Mental Health peer support groups for those who have mental illnesses & their loved ones\",\"breadcrumb\":{\"@id\":\"https:\\\/\\\/freshhope.us\\\/facilitator-resources\\\/spanish\\\/essential-documents\\\/#breadcrumb\"},\"inLanguage\":\"es\",\"potentialAction\":[{\"@type\":\"ReadAction\",\"target\":[\"https:\\\/\\\/freshhope.us\\\/facilitator-resources\\\/spanish\\\/essential-documents\\\/\"]}]},{\"@type\":\"ImageObject\",\"inLanguage\":\"es\",\"@id\":\"https:\\\/\\\/freshhope.us\\\/facilitator-resources\\\/spanish\\\/essential-documents\\\/#primaryimage\",\"url\":\"https:\\\/\\\/freshhope.us\\\/wp-content\\\/uploads\\\/2024\\\/01\\\/WhatsApp-Image-2024-01-23-at-10.28.32-AM-300x300.jpeg\",\"contentUrl\":\"https:\\\/\\\/freshhope.us\\\/wp-content\\\/uploads\\\/2024\\\/01\\\/WhatsApp-Image-2024-01-23-at-10.28.32-AM-300x300.jpeg\"},{\"@type\":\"BreadcrumbList\",\"@id\":\"https:\\\/\\\/freshhope.us\\\/facilitator-resources\\\/spanish\\\/essential-documents\\\/#breadcrumb\",\"itemListElement\":[{\"@type\":\"ListItem\",\"position\":1,\"name\":\"Facilitator Resources\",\"item\":\"https:\\\/\\\/freshhope.us\\\/facilitator-resources\\\/\"},{\"@type\":\"ListItem\",\"position\":2,\"name\":\"Espa\u00f1ol &#8211; Recursos para Facilitadores\",\"item\":\"https:\\\/\\\/freshhope.us\\\/facilitator-resources\\\/spanish\\\/\"},{\"@type\":\"ListItem\",\"position\":3,\"name\":\"Essential Documents\"}]},{\"@type\":\"WebSite\",\"@id\":\"https:\\\/\\\/freshhope.us\\\/#website\",\"url\":\"https:\\\/\\\/freshhope.us\\\/\",\"name\":\"Fresh Hope for Mental Health\",\"description\":\"Empowering Those with a Mental Health Challenge Along with Their Loved Ones to Live Full, Rich and Hope-filled Lives\",\"publisher\":{\"@id\":\"https:\\\/\\\/freshhope.us\\\/#organization\"},\"potentialAction\":[{\"@type\":\"SearchAction\",\"target\":{\"@type\":\"EntryPoint\",\"urlTemplate\":\"https:\\\/\\\/freshhope.us\\\/?s={search_term_string}\"},\"query-input\":{\"@type\":\"PropertyValueSpecification\",\"valueRequired\":true,\"valueName\":\"search_term_string\"}}],\"inLanguage\":\"es\"},{\"@type\":\"Organization\",\"@id\":\"https:\\\/\\\/freshhope.us\\\/#organization\",\"name\":\"Fresh Hope for Mental Health\",\"url\":\"https:\\\/\\\/freshhope.us\\\/\",\"logo\":{\"@type\":\"ImageObject\",\"inLanguage\":\"es\",\"@id\":\"https:\\\/\\\/freshhope.us\\\/#\\\/schema\\\/logo\\\/image\\\/\",\"url\":\"https:\\\/\\\/freshhope.us\\\/wp-content\\\/uploads\\\/2020\\\/02\\\/Fresh-Hope-for-Mental-Health-Logo.png\",\"contentUrl\":\"https:\\\/\\\/freshhope.us\\\/wp-content\\\/uploads\\\/2020\\\/02\\\/Fresh-Hope-for-Mental-Health-Logo.png\",\"width\":1013,\"height\":531,\"caption\":\"Fresh Hope for Mental Health\"},\"image\":{\"@id\":\"https:\\\/\\\/freshhope.us\\\/#\\\/schema\\\/logo\\\/image\\\/\"}}]}<\/script>\n<!-- \/ Yoast SEO Premium plugin. -->","yoast_head_json":{"title":"Fresh Hope for Mental Health - Essential Documents","description":"Una red de grupos cristianos de apoyo a la salud mental para enfermos mentales y sus seres queridos.","robots":{"index":"index","follow":"follow","max-snippet":"max-snippet:-1","max-image-preview":"max-image-preview:large","max-video-preview":"max-video-preview:-1"},"canonical":"https:\/\/freshhope.us\/es\/facilitator-resources\/spanish\/essential-documents\/","og_locale":"es_MX","og_type":"article","og_title":"Essential Documents","og_description":"A network of Christian Mental Health peer support groups for those who have mental illnesses & their loved ones","og_url":"https:\/\/freshhope.us\/es\/facilitator-resources\/spanish\/essential-documents\/","og_site_name":"Fresh Hope for Mental Health","article_modified_time":"2025-06-25T04:21:46+00:00","twitter_misc":{"Tiempo de lectura":"2 minutos"},"schema":{"@context":"https:\/\/schema.org","@graph":[{"@type":"WebPage","@id":"https:\/\/freshhope.us\/facilitator-resources\/spanish\/essential-documents\/","url":"https:\/\/freshhope.us\/facilitator-resources\/spanish\/essential-documents\/","name":"Fresh Hope for Mental Health - Essential Documents","isPartOf":{"@id":"https:\/\/freshhope.us\/#website"},"primaryImageOfPage":{"@id":"https:\/\/freshhope.us\/facilitator-resources\/spanish\/essential-documents\/#primaryimage"},"image":{"@id":"https:\/\/freshhope.us\/facilitator-resources\/spanish\/essential-documents\/#primaryimage"},"thumbnailUrl":"https:\/\/freshhope.us\/wp-content\/uploads\/2024\/01\/WhatsApp-Image-2024-01-23-at-10.28.32-AM-300x300.jpeg","datePublished":"2024-06-13T22:00:28+00:00","dateModified":"2025-06-25T04:21:46+00:00","description":"Una red de grupos cristianos de apoyo a la salud mental para enfermos mentales y sus seres queridos.","breadcrumb":{"@id":"https:\/\/freshhope.us\/facilitator-resources\/spanish\/essential-documents\/#breadcrumb"},"inLanguage":"es","potentialAction":[{"@type":"ReadAction","target":["https:\/\/freshhope.us\/facilitator-resources\/spanish\/essential-documents\/"]}]},{"@type":"ImageObject","inLanguage":"es","@id":"https:\/\/freshhope.us\/facilitator-resources\/spanish\/essential-documents\/#primaryimage","url":"https:\/\/freshhope.us\/wp-content\/uploads\/2024\/01\/WhatsApp-Image-2024-01-23-at-10.28.32-AM-300x300.jpeg","contentUrl":"https:\/\/freshhope.us\/wp-content\/uploads\/2024\/01\/WhatsApp-Image-2024-01-23-at-10.28.32-AM-300x300.jpeg"},{"@type":"BreadcrumbList","@id":"https:\/\/freshhope.us\/facilitator-resources\/spanish\/essential-documents\/#breadcrumb","itemListElement":[{"@type":"ListItem","position":1,"name":"Facilitator Resources","item":"https:\/\/freshhope.us\/facilitator-resources\/"},{"@type":"ListItem","position":2,"name":"Espa\u00f1ol &#8211; Recursos para Facilitadores","item":"https:\/\/freshhope.us\/facilitator-resources\/spanish\/"},{"@type":"ListItem","position":3,"name":"Essential Documents"}]},{"@type":"WebSite","@id":"https:\/\/freshhope.us\/#website","url":"https:\/\/freshhope.us\/","name":"Fresh Hope para la Salud Mental","description":"Ayudar a las personas con problemas de salud mental y a sus seres queridos a vivir vidas plenas, enriquecedoras y llenas de esperanza.","publisher":{"@id":"https:\/\/freshhope.us\/#organization"},"potentialAction":[{"@type":"SearchAction","target":{"@type":"EntryPoint","urlTemplate":"https:\/\/freshhope.us\/?s={search_term_string}"},"query-input":{"@type":"PropertyValueSpecification","valueRequired":true,"valueName":"search_term_string"}}],"inLanguage":"es"},{"@type":"Organization","@id":"https:\/\/freshhope.us\/#organization","name":"Fresh Hope para la Salud Mental","url":"https:\/\/freshhope.us\/","logo":{"@type":"ImageObject","inLanguage":"es","@id":"https:\/\/freshhope.us\/#\/schema\/logo\/image\/","url":"https:\/\/freshhope.us\/wp-content\/uploads\/2020\/02\/Fresh-Hope-for-Mental-Health-Logo.png","contentUrl":"https:\/\/freshhope.us\/wp-content\/uploads\/2020\/02\/Fresh-Hope-for-Mental-Health-Logo.png","width":1013,"height":531,"caption":"Fresh Hope for Mental Health"},"image":{"@id":"https:\/\/freshhope.us\/#\/schema\/logo\/image\/"}}]}},"jetpack_sharing_enabled":true,"_links":{"self":[{"href":"https:\/\/freshhope.us\/es\/wp-json\/wp\/v2\/pages\/15914","targetHints":{"allow":["GET"]}}],"collection":[{"href":"https:\/\/freshhope.us\/es\/wp-json\/wp\/v2\/pages"}],"about":[{"href":"https:\/\/freshhope.us\/es\/wp-json\/wp\/v2\/types\/page"}],"author":[{"embeddable":true,"href":"https:\/\/freshhope.us\/es\/wp-json\/wp\/v2\/users\/2520"}],"replies":[{"embeddable":true,"href":"https:\/\/freshhope.us\/es\/wp-json\/wp\/v2\/comments?post=15914"}],"version-history":[{"count":0,"href":"https:\/\/freshhope.us\/es\/wp-json\/wp\/v2\/pages\/15914\/revisions"}],"up":[{"embeddable":true,"href":"https:\/\/freshhope.us\/es\/wp-json\/wp\/v2\/pages\/14208"}],"wp:attachment":[{"href":"https:\/\/freshhope.us\/es\/wp-json\/wp\/v2\/media?parent=15914"}],"curies":[{"name":"wp","href":"https:\/\/api.w.org\/{rel}","templated":true}]}}