{"id":13824,"date":"2023-08-05T17:21:33","date_gmt":"2023-08-05T22:21:33","guid":{"rendered":"https:\/\/freshhope.us\/?page_id=13824"},"modified":"2025-02-17T22:52:04","modified_gmt":"2025-02-18T03:52:04","slug":"spanish-12-7","status":"publish","type":"page","link":"https:\/\/freshhope.us\/es\/spanish-12-7\/","title":{"rendered":"Spanish 12\/7"},"content":{"rendered":"<div data-elementor-type=\"wp-page\" data-elementor-id=\"13824\" class=\"elementor elementor-13824\" data-elementor-post-type=\"page\">\n\t\t\t\t<div class=\"elementor-element elementor-element-b76b404 e-con-full e-flex e-con e-parent\" data-id=\"b76b404\" data-element_type=\"container\" data-e-type=\"container\">\n\t\t\t\t<div class=\"elementor-element elementor-element-0470e35 elementor-widget elementor-widget-heading\" data-id=\"0470e35\" data-element_type=\"widget\" data-e-type=\"widget\" data-widget_type=\"heading.default\">\n\t\t\t\t\t<h2 class=\"elementor-heading-title elementor-size-default\">Horario de Reuniones Semanales en L\u00ednea<\/h2>\t\t\t\t<\/div>\n\t\t\t\t<div class=\"elementor-element elementor-element-1cd2740 uael-dual-heading-align-center elementor-widget elementor-widget-uael-dual-color-heading\" data-id=\"1cd2740\" data-element_type=\"widget\" data-e-type=\"widget\" data-widget_type=\"uael-dual-color-heading.default\">\n\t\t\t\t<div class=\"elementor-widget-container\">\n\t\t\t\t\t\t\t\t\t<div class=\"uael-module-content uael-dual-color-heading uael-heading-stack-none\">\n\t\t\t<h3>\n\t\t\t\t\t\t\t\t\t\t\t\t\t\t\t\t<span class=\"uael-before-heading\"><span class=\"elementor-inline-editing uael-dual-heading-text uael-first-text\" data-elementor-setting-key=\"before_heading_text\" data-elementor-inline-editing-toolbar=\"basic\">*<\/span><\/span><span class=\"uael-adv-heading-stack\"><span class=\"elementor-inline-editing uael-dual-heading-text uael-highlight-text\" data-elementor-setting-key=\"second_heading_text\" data-elementor-inline-editing-toolbar=\"basic\">Hora Ciudad de M\u00e9xico<\/span><\/span>\t\t\t\t\t\t\t\t\t\t\t\t\t<\/h3>\n\t\t<\/div>\n\t\t\t\t\t\t<\/div>\n\t\t\t\t<\/div>\n\t\t\t\t<\/div>\n\t\t<div class=\"elementor-element elementor-element-787a42c e-con-full e-flex e-con e-parent\" data-id=\"787a42c\" data-element_type=\"container\" data-e-type=\"container\">\n\t\t\t\t<div class=\"elementor-element elementor-element-a6d5a04 elementor-widget elementor-widget-image\" data-id=\"a6d5a04\" data-element_type=\"widget\" data-e-type=\"widget\" data-widget_type=\"image.default\">\n\t\t\t\t\t\t\t\t\t\t\t\t\t\t\t<img fetchpriority=\"high\" decoding=\"async\" width=\"1080\" height=\"1080\" src=\"https:\/\/freshhope.us\/wp-content\/uploads\/2025\/02\/WhatsApp-Image-2025-02-15-at-5.00.01-PM.jpeg\" class=\"attachment-full size-full wp-image-17222\" alt=\"\" srcset=\"https:\/\/freshhope.us\/wp-content\/uploads\/2025\/02\/WhatsApp-Image-2025-02-15-at-5.00.01-PM.jpeg 1080w, https:\/\/freshhope.us\/wp-content\/uploads\/2025\/02\/WhatsApp-Image-2025-02-15-at-5.00.01-PM-300x300.jpeg 300w, https:\/\/freshhope.us\/wp-content\/uploads\/2025\/02\/WhatsApp-Image-2025-02-15-at-5.00.01-PM-1024x1024.jpeg 1024w, https:\/\/freshhope.us\/wp-content\/uploads\/2025\/02\/WhatsApp-Image-2025-02-15-at-5.00.01-PM-150x150.jpeg 150w, https:\/\/freshhope.us\/wp-content\/uploads\/2025\/02\/WhatsApp-Image-2025-02-15-at-5.00.01-PM-768x768.jpeg 768w, https:\/\/freshhope.us\/wp-content\/uploads\/2025\/02\/WhatsApp-Image-2025-02-15-at-5.00.01-PM-12x12.jpeg 12w, https:\/\/freshhope.us\/wp-content\/uploads\/2025\/02\/WhatsApp-Image-2025-02-15-at-5.00.01-PM-60x60.jpeg 60w, https:\/\/freshhope.us\/wp-content\/uploads\/2025\/02\/WhatsApp-Image-2025-02-15-at-5.00.01-PM-500x500.jpeg 500w, https:\/\/freshhope.us\/wp-content\/uploads\/2025\/02\/WhatsApp-Image-2025-02-15-at-5.00.01-PM-1000x1000.jpeg 1000w, https:\/\/freshhope.us\/wp-content\/uploads\/2025\/02\/WhatsApp-Image-2025-02-15-at-5.00.01-PM-624x624.jpeg 624w, https:\/\/freshhope.us\/wp-content\/uploads\/2025\/02\/WhatsApp-Image-2025-02-15-at-5.00.01-PM-400x400.jpeg 400w, https:\/\/freshhope.us\/wp-content\/uploads\/2025\/02\/WhatsApp-Image-2025-02-15-at-5.00.01-PM-600x600.jpeg 600w, https:\/\/freshhope.us\/wp-content\/uploads\/2025\/02\/WhatsApp-Image-2025-02-15-at-5.00.01-PM-100x100.jpeg 100w\" sizes=\"(max-width: 1080px) 100vw, 1080px\" \/>\t\t\t\t\t\t\t\t\t\t\t\t\t\t\t<\/div>\n\t\t\t\t<\/div>\n\t\t<div class=\"elementor-element elementor-element-b93c968 e-flex e-con-boxed e-con e-parent\" data-id=\"b93c968\" data-element_type=\"container\" data-e-type=\"container\">\n\t\t\t\t\t<div class=\"e-con-inner\">\n\t\t\t\t<div class=\"elementor-element elementor-element-31a6dee elementor-widget elementor-widget-spacer\" data-id=\"31a6dee\" data-element_type=\"widget\" data-e-type=\"widget\" data-widget_type=\"spacer.default\">\n\t\t\t\t\t\t\t<div class=\"elementor-spacer\">\n\t\t\t<div class=\"elementor-spacer-inner\"><\/div>\n\t\t<\/div>\n\t\t\t\t\t\t<\/div>\n\t\t\t\t<div class=\"elementor-element elementor-element-b460a32 elementor-widget__width-initial elementor-widget elementor-widget-text-editor\" data-id=\"b460a32\" data-element_type=\"widget\" data-e-type=\"widget\" data-widget_type=\"text-editor.default\">\n\t\t\t\t\t<div class=\"bb-theme-elementor-wrap bb-elementor-custom-family bb-elementor-custom-size\">\t\t\t\t<p>No te pierdas nuestras noticias y actualizaciones!<\/p><p>\u00danete a nuestro canal de Telegram haciendo click aqu\u00ed: <a href=\"https:\/\/t.me\/FreshHopeEspanol\" target=\"_blank\" rel=\"noopener\">https:\/\/t.me\/FreshHopeEspanol<\/a><\/p><p>O a nuestro canal de WhatsApp haciendo click aqu\u00ed: <a href=\"https:\/\/chat.whatsapp.com\/Fi4MkepJ8w26PFQiRBjMBx\" target=\"_blank\" rel=\"noopener\">https:\/\/chat.whatsapp.com\/Fi4MkepJ8w26PFQiRBjMBx<\/a><\/p>\t\t\t\t<\/div>\t\t\t\t<\/div>\n\t\t\t\t<div class=\"elementor-element elementor-element-2600bf0 elementor-widget elementor-widget-spacer\" data-id=\"2600bf0\" data-element_type=\"widget\" data-e-type=\"widget\" data-widget_type=\"spacer.default\">\n\t\t\t\t\t\t\t<div class=\"elementor-spacer\">\n\t\t\t<div class=\"elementor-spacer-inner\"><\/div>\n\t\t<\/div>\n\t\t\t\t\t\t<\/div>\n\t\t\t\t\t<\/div>\n\t\t\t\t<\/div>\n\t\t<div class=\"elementor-element elementor-element-121ac20 e-flex e-con-boxed e-con e-parent\" data-id=\"121ac20\" data-element_type=\"container\" data-e-type=\"container\">\n\t\t\t\t\t<div class=\"e-con-inner\">\n\t\t\t\t<div class=\"elementor-element elementor-element-e465d49 elementor-widget elementor-widget-spacer\" data-id=\"e465d49\" data-element_type=\"widget\" data-e-type=\"widget\" data-widget_type=\"spacer.default\">\n\t\t\t\t\t\t\t<div class=\"elementor-spacer\">\n\t\t\t<div class=\"elementor-spacer-inner\"><\/div>\n\t\t<\/div>\n\t\t\t\t\t\t<\/div>\n\t\t\t\t<div class=\"elementor-element elementor-element-5573734 elementor-widget elementor-widget-heading\" data-id=\"5573734\" data-element_type=\"widget\" data-e-type=\"widget\" data-widget_type=\"heading.default\">\n\t\t\t\t\t<h2 class=\"elementor-heading-title elementor-size-default\">COMPLETA EL SIGUIENTE FORMULARIO PARA RECIBIR INFORMACI\u00d3N DE C\u00d3MO UNIRTE A NUESTROS GRUPOS<\/h2>\t\t\t\t<\/div>\n\t\t\t\t<div class=\"elementor-element elementor-element-62c139a elementor-widget elementor-widget-heading\" data-id=\"62c139a\" data-element_type=\"widget\" data-e-type=\"widget\" data-widget_type=\"heading.default\">\n\t\t\t\t\t<h2 class=\"elementor-heading-title elementor-size-default\">FORMULARIO DE CONTACTO CONFIDENCIAL<\/h2>\t\t\t\t<\/div>\n\t\t\t\t<div class=\"elementor-element elementor-element-235e662 elementor-widget__width-initial elementor-widget elementor-widget-text-editor\" data-id=\"235e662\" data-element_type=\"widget\" data-e-type=\"widget\" data-widget_type=\"text-editor.default\">\n\t\t\t\t\t<div class=\"bb-theme-elementor-wrap bb-elementor-custom-family\">\t\t\t\t<p>Puedes asistir a todas las reuniones que quieras. Para ello, rellene este formulario. La informaci\u00f3n que nos facilites ser\u00e1 confidencial. Una vez que rellenes este formulario recibir\u00e1s un correo electr\u00f3nico sobre c\u00f3mo asistir a cualquiera de los grupos. Y por cierto, \u00bfsab\u00edas que Fresh Hope tambi\u00e9n ofrece entrenamiento de para volverte un Coach de Esperanza? <a href=\"https:\/\/freshhope.us\/es\/hope-coaching\/\">Haz clic aqu\u00ed para obtener m\u00e1s informaci\u00f3n<\/a>.<\/p>\t\t\t\t<\/div>\t\t\t\t<\/div>\n\t\t\t\t<div class=\"elementor-element elementor-element-0c57f9f elementor-widget elementor-widget-text-editor\" data-id=\"0c57f9f\" data-element_type=\"widget\" data-e-type=\"widget\" data-widget_type=\"text-editor.default\">\n\t\t\t\t\t\t\t\t\t<p><span style=\"text-decoration: underline;\"><a href=\"https:\/\/forms.gle\/ZGS4aoWNJXkUrFtN8\" target=\"_blank\" rel=\"noopener\">Haz clic aqu\u00ed para llenar el formulario y registrarte en un grupo en l\u00ednea<\/a><\/span><\/p>\t\t\t\t\t\t\t\t<\/div>\n\t\t\t\t\t<\/div>\n\t\t\t\t<\/div>\n\t\t\t\t<\/div>","protected":false},"excerpt":{"rendered":"<p>Horario de Reuniones Semanales en L\u00ednea *Hora Ciudad de M\u00e9xico No te pierdas nuestras noticias y actualizaciones! \u00danete a nuestro canal de Telegram haciendo click&hellip;<\/p>","protected":false},"author":457,"featured_media":0,"parent":0,"menu_order":0,"comment_status":"closed","ping_status":"closed","template":"","meta":{"_acf_changed":false,"_mi_skip_tracking":false,"footnotes":""},"class_list":["post-13824","page","type-page","status-publish","hentry"],"acf":[],"yoast_head":"<!-- This site is optimized with the Yoast SEO Premium plugin v18.1 (Yoast SEO v27.5) - https:\/\/yoast.com\/product\/yoast-seo-premium-wordpress\/ -->\n<title>Fresh Hope for Mental Health - Spanish 12\/7<\/title>\n<meta name=\"description\" content=\"A network of Christian Mental Health peer support groups for those who have mental illnesses &amp; their loved ones\" \/>\n<meta name=\"robots\" content=\"index, follow, max-snippet:-1, max-image-preview:large, max-video-preview:-1\" \/>\n<link rel=\"canonical\" href=\"https:\/\/freshhope.us\/es\/spanish-12-7\/\" \/>\n<meta property=\"og:locale\" content=\"es_MX\" \/>\n<meta property=\"og:type\" content=\"article\" \/>\n<meta property=\"og:title\" content=\"Spanish 12\/7\" \/>\n<meta property=\"og:description\" content=\"A network of Christian Mental Health peer support groups for those who have mental illnesses &amp; their loved ones\" \/>\n<meta property=\"og:url\" content=\"https:\/\/freshhope.us\/es\/spanish-12-7\/\" \/>\n<meta property=\"og:site_name\" content=\"Fresh Hope for Mental Health\" \/>\n<meta property=\"article:modified_time\" content=\"2025-02-18T03:52:04+00:00\" \/>\n<meta property=\"og:image\" content=\"https:\/\/freshhope.us\/wp-content\/uploads\/2025\/02\/WhatsApp-Image-2025-02-15-at-5.00.01-PM.jpeg\" \/>\n\t<meta property=\"og:image:width\" content=\"1080\" \/>\n\t<meta property=\"og:image:height\" content=\"1080\" \/>\n\t<meta property=\"og:image:type\" content=\"image\/jpeg\" \/>\n<meta name=\"twitter:label1\" content=\"Tiempo de lectura\" \/>\n\t<meta name=\"twitter:data1\" content=\"1 minuto\" \/>\n<script type=\"application\/ld+json\" class=\"yoast-schema-graph\">{\"@context\":\"https:\\\/\\\/schema.org\",\"@graph\":[{\"@type\":\"WebPage\",\"@id\":\"https:\\\/\\\/freshhope.us\\\/spanish-12-7\\\/\",\"url\":\"https:\\\/\\\/freshhope.us\\\/spanish-12-7\\\/\",\"name\":\"Fresh Hope for Mental Health - Spanish 12\\\/7\",\"isPartOf\":{\"@id\":\"https:\\\/\\\/freshhope.us\\\/#website\"},\"primaryImageOfPage\":{\"@id\":\"https:\\\/\\\/freshhope.us\\\/spanish-12-7\\\/#primaryimage\"},\"image\":{\"@id\":\"https:\\\/\\\/freshhope.us\\\/spanish-12-7\\\/#primaryimage\"},\"thumbnailUrl\":\"https:\\\/\\\/freshhope.us\\\/wp-content\\\/uploads\\\/2025\\\/02\\\/WhatsApp-Image-2025-02-15-at-5.00.01-PM.jpeg\",\"datePublished\":\"2023-08-05T22:21:33+00:00\",\"dateModified\":\"2025-02-18T03:52:04+00:00\",\"description\":\"A network of Christian Mental Health peer support groups for those who have mental illnesses & their loved ones\",\"inLanguage\":\"es\",\"potentialAction\":[{\"@type\":\"ReadAction\",\"target\":[\"https:\\\/\\\/freshhope.us\\\/spanish-12-7\\\/\"]}]},{\"@type\":\"ImageObject\",\"inLanguage\":\"es\",\"@id\":\"https:\\\/\\\/freshhope.us\\\/spanish-12-7\\\/#primaryimage\",\"url\":\"https:\\\/\\\/freshhope.us\\\/wp-content\\\/uploads\\\/2025\\\/02\\\/WhatsApp-Image-2025-02-15-at-5.00.01-PM.jpeg\",\"contentUrl\":\"https:\\\/\\\/freshhope.us\\\/wp-content\\\/uploads\\\/2025\\\/02\\\/WhatsApp-Image-2025-02-15-at-5.00.01-PM.jpeg\"},{\"@type\":\"WebSite\",\"@id\":\"https:\\\/\\\/freshhope.us\\\/#website\",\"url\":\"https:\\\/\\\/freshhope.us\\\/\",\"name\":\"Fresh Hope for Mental Health\",\"description\":\"Empowering Those with a Mental Health Challenge Along with Their Loved Ones to Live Full, Rich and Hope-filled Lives\",\"publisher\":{\"@id\":\"https:\\\/\\\/freshhope.us\\\/#organization\"},\"potentialAction\":[{\"@type\":\"SearchAction\",\"target\":{\"@type\":\"EntryPoint\",\"urlTemplate\":\"https:\\\/\\\/freshhope.us\\\/?s={search_term_string}\"},\"query-input\":{\"@type\":\"PropertyValueSpecification\",\"valueRequired\":true,\"valueName\":\"search_term_string\"}}],\"inLanguage\":\"es\"},{\"@type\":\"Organization\",\"@id\":\"https:\\\/\\\/freshhope.us\\\/#organization\",\"name\":\"Fresh Hope for Mental Health\",\"url\":\"https:\\\/\\\/freshhope.us\\\/\",\"logo\":{\"@type\":\"ImageObject\",\"inLanguage\":\"es\",\"@id\":\"https:\\\/\\\/freshhope.us\\\/#\\\/schema\\\/logo\\\/image\\\/\",\"url\":\"https:\\\/\\\/freshhope.us\\\/wp-content\\\/uploads\\\/2020\\\/02\\\/Fresh-Hope-for-Mental-Health-Logo.png\",\"contentUrl\":\"https:\\\/\\\/freshhope.us\\\/wp-content\\\/uploads\\\/2020\\\/02\\\/Fresh-Hope-for-Mental-Health-Logo.png\",\"width\":1013,\"height\":531,\"caption\":\"Fresh Hope for Mental Health\"},\"image\":{\"@id\":\"https:\\\/\\\/freshhope.us\\\/#\\\/schema\\\/logo\\\/image\\\/\"}}]}<\/script>\n<!-- \/ Yoast SEO Premium plugin. -->","yoast_head_json":{"title":"Fresh Hope for Mental Health - Spanish 12\/7","description":"Una red de grupos cristianos de apoyo a la salud mental para enfermos mentales y sus seres queridos.","robots":{"index":"index","follow":"follow","max-snippet":"max-snippet:-1","max-image-preview":"max-image-preview:large","max-video-preview":"max-video-preview:-1"},"canonical":"https:\/\/freshhope.us\/es\/spanish-12-7\/","og_locale":"es_MX","og_type":"article","og_title":"Spanish 12\/7","og_description":"A network of Christian Mental Health peer support groups for those who have mental illnesses & their loved ones","og_url":"https:\/\/freshhope.us\/es\/spanish-12-7\/","og_site_name":"Fresh Hope for Mental Health","article_modified_time":"2025-02-18T03:52:04+00:00","og_image":[{"width":1080,"height":1080,"url":"https:\/\/freshhope.us\/wp-content\/uploads\/2025\/02\/WhatsApp-Image-2025-02-15-at-5.00.01-PM.jpeg","type":"image\/jpeg"}],"twitter_misc":{"Tiempo de lectura":"1 minuto"},"schema":{"@context":"https:\/\/schema.org","@graph":[{"@type":"WebPage","@id":"https:\/\/freshhope.us\/spanish-12-7\/","url":"https:\/\/freshhope.us\/spanish-12-7\/","name":"Fresh Hope for Mental Health - Spanish 12\/7","isPartOf":{"@id":"https:\/\/freshhope.us\/#website"},"primaryImageOfPage":{"@id":"https:\/\/freshhope.us\/spanish-12-7\/#primaryimage"},"image":{"@id":"https:\/\/freshhope.us\/spanish-12-7\/#primaryimage"},"thumbnailUrl":"https:\/\/freshhope.us\/wp-content\/uploads\/2025\/02\/WhatsApp-Image-2025-02-15-at-5.00.01-PM.jpeg","datePublished":"2023-08-05T22:21:33+00:00","dateModified":"2025-02-18T03:52:04+00:00","description":"Una red de grupos cristianos de apoyo a la salud mental para enfermos mentales y sus seres queridos.","inLanguage":"es","potentialAction":[{"@type":"ReadAction","target":["https:\/\/freshhope.us\/spanish-12-7\/"]}]},{"@type":"ImageObject","inLanguage":"es","@id":"https:\/\/freshhope.us\/spanish-12-7\/#primaryimage","url":"https:\/\/freshhope.us\/wp-content\/uploads\/2025\/02\/WhatsApp-Image-2025-02-15-at-5.00.01-PM.jpeg","contentUrl":"https:\/\/freshhope.us\/wp-content\/uploads\/2025\/02\/WhatsApp-Image-2025-02-15-at-5.00.01-PM.jpeg"},{"@type":"WebSite","@id":"https:\/\/freshhope.us\/#website","url":"https:\/\/freshhope.us\/","name":"Fresh Hope para la Salud Mental","description":"Ayudar a las personas con problemas de salud mental y a sus seres queridos a vivir vidas plenas, enriquecedoras y llenas de esperanza.","publisher":{"@id":"https:\/\/freshhope.us\/#organization"},"potentialAction":[{"@type":"SearchAction","target":{"@type":"EntryPoint","urlTemplate":"https:\/\/freshhope.us\/?s={search_term_string}"},"query-input":{"@type":"PropertyValueSpecification","valueRequired":true,"valueName":"search_term_string"}}],"inLanguage":"es"},{"@type":"Organization","@id":"https:\/\/freshhope.us\/#organization","name":"Fresh Hope para la Salud Mental","url":"https:\/\/freshhope.us\/","logo":{"@type":"ImageObject","inLanguage":"es","@id":"https:\/\/freshhope.us\/#\/schema\/logo\/image\/","url":"https:\/\/freshhope.us\/wp-content\/uploads\/2020\/02\/Fresh-Hope-for-Mental-Health-Logo.png","contentUrl":"https:\/\/freshhope.us\/wp-content\/uploads\/2020\/02\/Fresh-Hope-for-Mental-Health-Logo.png","width":1013,"height":531,"caption":"Fresh Hope for Mental Health"},"image":{"@id":"https:\/\/freshhope.us\/#\/schema\/logo\/image\/"}}]}},"jetpack_sharing_enabled":true,"_links":{"self":[{"href":"https:\/\/freshhope.us\/es\/wp-json\/wp\/v2\/pages\/13824","targetHints":{"allow":["GET"]}}],"collection":[{"href":"https:\/\/freshhope.us\/es\/wp-json\/wp\/v2\/pages"}],"about":[{"href":"https:\/\/freshhope.us\/es\/wp-json\/wp\/v2\/types\/page"}],"author":[{"embeddable":true,"href":"https:\/\/freshhope.us\/es\/wp-json\/wp\/v2\/users\/457"}],"replies":[{"embeddable":true,"href":"https:\/\/freshhope.us\/es\/wp-json\/wp\/v2\/comments?post=13824"}],"version-history":[{"count":0,"href":"https:\/\/freshhope.us\/es\/wp-json\/wp\/v2\/pages\/13824\/revisions"}],"wp:attachment":[{"href":"https:\/\/freshhope.us\/es\/wp-json\/wp\/v2\/media?parent=13824"}],"curies":[{"name":"wp","href":"https:\/\/api.w.org\/{rel}","templated":true}]}}